{"id":3137,"date":"2013-09-04T19:25:22","date_gmt":"2013-09-04T17:25:22","guid":{"rendered":"http:\/\/localhost\/iwansimonis\/simonis-podporuje-biliardovy-sport\/"},"modified":"2021-08-22T10:52:47","modified_gmt":"2021-08-22T08:52:47","slug":"simonis-podporuje-biliardovy-sport","status":"publish","type":"page","link":"https:\/\/www.billiard-pro.cz\/sk\/o-iwan-simonis\/simonis-podporuje-biliardovy-sport\/","title":{"rendered":"Simonis podporuje biliardov\u00fd \u0161port"},"content":{"rendered":"<p><strong>Kto je kto v gule\u010dn\u00edkovom \u0161porte&#8230;<\/strong><\/p>\n<p>Po\u010das nieko\u013ek\u00fdch dek\u00e1d Iwan Simonis S. A. v Belgicku sponzoroval nieko\u013eko najlep\u0161\u00edch svetov\u00fdch hr\u00e1\u010dov v nieko\u013ek\u00fdch \u0161portoch a bol vlastne jeden z priekopn\u00edkov, ktor\u00fd si osvojil tento pr\u00edstup spojuj\u00faci hr\u00e1\u010da a v\u00fdrobcu.<\/p>\n<p>T\u00e1to bl\u00edzka spolupr\u00e1ca n\u00e1m umo\u017e\u0148uje udr\u017ea\u0165 si st\u00e1ly kontakt s n\u00e1zormi pou\u017e\u00edvate\u013eov na\u0161ich pl\u00e1tien (hr\u00e1\u010dov) a zoh\u013eadni\u0165 v\u0161etky koment\u00e1re a n\u00e1zory, ktor\u00e9 maj\u00fa oh\u013eadom na\u0161ich produktov. Sme schopn\u00ed spolieha\u0165 sa na hodnotn\u00e9 n\u00e1zory prest\u00ed\u017enych hr\u00e1\u010dov ako napr\u00edklad:<\/p>\n<p>Karambol:<\/p>\n<ul>\n<li>Fr\u00e9d\u00e9ric Caudron (<a href=\"http:\/\/www.caudron.info\">www.caudron.info<\/a>)<\/li>\n<li>Roland Forthomme<\/li>\n<li>Dick Jaspers (<a href=\"http:\/\/www.dickjaspers.nl\">www.dickjaspers.nl<\/a>)<\/li>\n<li>Marco Zanetti<\/li>\n<\/ul>\n<p>Pool:<\/p>\n<ul>\n<li>Kamila Khodjaeva<\/li>\n<li>Kurt Deklerk (<a href=\"http:\/\/www.kurtdeklerck.be\">www.kurtdeklerck.be<\/a>)<\/li>\n<li>Thorsten Hohmann (<a href=\"http:\/\/www.thorstenhohmann.com\">www.thorstenhohmann.com<\/a>)<\/li>\n<li>Florian Kohler (<a href=\"http:\/\/www.venomtrickshots.com\">www.venomtrickshots.com<\/a>)<\/li>\n<li>Ralf Souquet (<a href=\"http:\/\/www.souquet.de\">www.souquet.de<\/a>)<\/li>\n<\/ul>\n<p>V USA sponzoruje Iwan Simonis mnoho turnajov a udalost\u00ed ako aj pre amat\u00e9rov, tak aj profesion\u00e1lnych hr\u00e1\u010dov. Tieto pr\u00edspevky umo\u017e\u0148uj\u00fa te\u0161i\u0165 sa top \u00fa\u010dastn\u00edkom na vy\u0161\u0161iu vyplaten\u00fa odmenu za svoju n\u00e1mahu, a t\u00fdm zvy\u0161uj\u00fa atrakt\u00edvnos\u0165 tohto \u0161portu pre hr\u00e1\u010dov na spom\u00ednan\u00fdch podujatiach.<\/p>\n<p><strong>GULE\u010cN\u00cdKOV\u00c9 PL\u00c1TNO IWAN SIMONIS JE OFICI\u00c1LNYM DOD\u00c1VATE\u013dOM:<\/strong><\/p>\n<ul>\n<li>V\u0161etk\u00fdch ka\u017edoro\u010dn\u00fdch World Championships 9-Ball od roku 1992 a mnoh\u00fdch in\u00fdch World Pool Championships (mu\u017ei a \u017eeny).<\/li>\n<li>Mosconi Cup a v\u0161etk\u00fdch Matchroom akci\u00ed od 1996.<\/li>\n<li>European Pocket Billiard Federation (EPBF) a v\u0161etk\u00fdch eur\u00f3pskych \u0161ampion\u00e1tov a v\u0161etk\u00fdch Eurotours.<\/li>\n<li>V\u00e4\u010d\u0161iny mu\u017esk\u00fdch profesion\u00e1lnych gule\u010dn\u00edkov\u00fdch akci\u00ed v USA a Kanade: US Open, ESPN Challenge of Champions a v\u0161etk\u00fdch ESPN akci\u00ed, Derby City Classic&#8230;<\/li>\n<li>WPBA pre Women Professional Tour (USA).<\/li>\n<li>Asian Games od roku 1998.<\/li>\n<li>South East Asian Games od roku 1997.<\/li>\n<li>Asian 9-Ball Tour od roku 2003.<\/li>\n<li>UMB Worldcup 3-cushion.<\/li>\n<li>European Carom Billiards Confederation (CEB) a v\u0161etky jeho ofici\u00e1lne \u0161ampion\u00e1ty a turnaje.<\/li>\n<li>Panamerican Confederation of Billiard (CPB).<\/li>\n<li>Russian Pyramid World Championship od roku 2000.<\/li>\n<li>Uznan\u00fdch r\u00f4znymi n\u00e1rodn\u00fdmi feder\u00e1ciami.<\/li>\n<\/ul>\n<p><strong>\u017diadne in\u00e9 <a title=\"Kule\u010dn\u00edkov\u00e9 sukno SIMONIS KARAMBOL 300 RAPIDE \u2013 \u0161\u00ed\u0159e 195 cm s dopravou ZDARMA\" href=\"https:\/\/www.billiard-pro.cz\/karambol-300-rapide\/\">gule\u010dn\u00edkov\u00e9 s\u00fakno<\/a> nebolo tak jednomyse\u013ene uznan\u00e9!<\/strong><\/p>\n","protected":false},"excerpt":{"rendered":"<p>Kto je kto v gule\u010dn\u00edkovom \u0161porte&#8230; Po\u010das nieko\u013ek\u00fdch dek\u00e1d Iwan Simonis S. A. v Belgicku sponzoroval nieko\u013eko najlep\u0161\u00edch svetov\u00fdch hr\u00e1\u010dov v nieko\u013ek\u00fdch \u0161portoch a bol vlastne jeden z priekopn\u00edkov, ktor\u00fd si osvojil tento pr\u00edstup spojuj\u00faci hr\u00e1\u010da a v\u00fdrobcu. T\u00e1to bl\u00edzka spolupr\u00e1ca n\u00e1m umo\u017e\u0148uje udr\u017ea\u0165 si st\u00e1ly kontakt s n\u00e1zormi pou\u017e\u00edvate\u013eov na\u0161ich pl\u00e1tien (hr\u00e1\u010dov) a zoh\u013eadni\u0165 [&hellip;]<\/p>\n","protected":false},"author":2,"featured_media":0,"parent":3107,"menu_order":0,"comment_status":"closed","ping_status":"closed","template":"","meta":{"footnotes":""},"class_list":["post-3137","page","type-page","status-publish","hentry"],"_links":{"self":[{"href":"https:\/\/www.billiard-pro.cz\/sk\/wp-json\/wp\/v2\/pages\/3137","targetHints":{"allow":["GET"]}}],"collection":[{"href":"https:\/\/www.billiard-pro.cz\/sk\/wp-json\/wp\/v2\/pages"}],"about":[{"href":"https:\/\/www.billiard-pro.cz\/sk\/wp-json\/wp\/v2\/types\/page"}],"author":[{"embeddable":true,"href":"https:\/\/www.billiard-pro.cz\/sk\/wp-json\/wp\/v2\/users\/2"}],"replies":[{"embeddable":true,"href":"https:\/\/www.billiard-pro.cz\/sk\/wp-json\/wp\/v2\/comments?post=3137"}],"version-history":[{"count":0,"href":"https:\/\/www.billiard-pro.cz\/sk\/wp-json\/wp\/v2\/pages\/3137\/revisions"}],"up":[{"embeddable":true,"href":"https:\/\/www.billiard-pro.cz\/sk\/wp-json\/wp\/v2\/pages\/3107"}],"wp:attachment":[{"href":"https:\/\/www.billiard-pro.cz\/sk\/wp-json\/wp\/v2\/media?parent=3137"}],"curies":[{"name":"wp","href":"https:\/\/api.w.org\/{rel}","templated":true}]}}