{"id":3146,"date":"2013-09-04T19:28:27","date_gmt":"2013-09-04T17:28:27","guid":{"rendered":"http:\/\/localhost\/iwansimonis\/informacie-o-potahovani-biliardu\/"},"modified":"2013-09-04T19:28:27","modified_gmt":"2013-09-04T19:28:27","slug":"informacie-o-potahovani-biliardu","status":"publish","type":"page","link":"https:\/\/www.billiard-pro.cz\/sk\/navody-a-tipy\/informacie-o-potahovani-biliardu\/","title":{"rendered":"Inform\u00e1cie o po\u0165ahovan\u00ed biliardu"},"content":{"rendered":"<p><strong>IN\u0160TALA\u010cN\u00c9 INFORM\u00c1CIE<\/strong><\/p>\n<p><strong><\/strong>S\u00fakno Simonis poskytuje presnos\u0165 a d\u00f4slednos\u0165, kv\u00f4li tomu ho chcete na va\u0161om stole. Je to perfektn\u00e1 vo\u013eba pre Va\u0161u her\u0148u alebo dom\u00e1ci st\u00f4l.<\/p>\n<p>S\u00fakno \u00a0je odli\u0161n\u00e9 od chlpatej \u201eplsti\u201c, ktor\u00e1 sa st\u00e1le pou\u017e\u00edva v priemysle. Na\u0161e pl\u00e1tno je tkan\u00e9 a prec\u00edzne strihan\u00e9, aby sa predi\u0161lo ovplyvneniu dr\u00e1hy gule, a vy m\u00f4\u017eete \u013eahko vidie\u0165 tkanie s\u00fakna. Ke\u010f in\u0161talujete s\u00fakno \u00a0Simonis, uistite sa, \u017ee ho polo\u017e\u00edte zna\u010den\u00edm smerom hore. T\u00e1to hladk\u00e1 strana m\u00e1 na okraji vytla\u010den\u00fd n\u00e1zov, napr. <a title=\"Kule\u010dn\u00edkov\u00e9 sukno SIMONIS POOL 860 s dopravou ZDARMA\" href=\"https:\/\/www.billiard-pro.cz\/obchod\/platna-iwan-simonis\/pool-860\/\">SIMONIS 860<\/a>. Toto je hrac\u00ed povrch s\u00fakna. (Zadn\u00e1 strana s\u00fakna nie je zostrihan\u00e1 tak dobre a je trochu strapat\u00e1).<\/p>\n<p>Simonis nie je \u201epls\u0165\u201c, je to starostlivo a prec\u00edzne tkan\u00e1 text\u00edlia \u0161peci\u00e1lne navrhnut\u00e1, aby v\u00e1m zlep\u0161ila hru, umo\u017e\u0148uj\u00fac guli priamy a skuto\u010dn\u00fd pohyb, zatia\u013e \u010do udr\u017eiava st\u00e1lu r\u00fdchlos\u0165 a rotovanie.<\/p>\n<p><strong>Je \u0165a\u017e\u0161ie natiahnu\u0165 s\u00fakno Simonis ako in\u00e9 sukn\u00e1?<\/strong><\/p>\n<p>Je to tak a je to \u00famyseln\u00e9. Spolo\u010dnos\u0165 Simonis dosiahla, \u017ee s\u00fakno \u00a0ost\u00e1va v medziach presne \u0161pecifikovan\u00fdch rozsahov pred\u013a\u017eite\u013enosti a elasticity.\u00a0T\u00e1to v\u00fdhoda tejto prec\u00edznej toleran\u010dnej politiky je to, \u017ee ke\u010f je s\u00fakno \u00a0spr\u00e1vne nai\u0161talovan\u00e9, tak sa neuvo\u013en\u00ed, ani nebude potrebova\u0165 op\u00e4tovne natiahnu\u0165, \u010do potrebuj\u00fa s\u00fakna ni\u017e\u0161ej kvality, a ak\u00e9ko\u013evek mal\u00e9 po\u0161kodenie hracieho po\u013ea sa nerozrastie, ani neroz\u0161\u00edri, tak ako je tomu u t\u00fdch menej kvalitn\u00fdch sukien.<\/p>\n<p><strong>Vedeli ste, \u017ee spr\u00e1vna in\u0161tal\u00e1cia V\u00e1\u0161ho s\u00fakna m\u00f4\u017ee pred\u00eds\u0165 pred\u010dasn\u00e9mu zni\u010deniu?<\/strong><\/p>\n<ul>\n<li>Ak je s\u00fakno nain\u0161talovan\u00e9 pr\u00edli\u0161 vo\u013ene, s\u00fakno sa m\u00f4\u017ee pokr\u010di\u0165 pred gu\u013eou, a t\u00fdm zna\u010dne zv\u00fd\u0161i\u0165 vznik f\u013eakov na s\u00fakne. S\u00fakno, ktor\u00e9 sa na\u010falej nap\u00edna, alebo uvo\u013e\u0148uje po in\u0161tal\u00e1cii, bude tie\u017e trpie\u0165 t\u00fdmto probl\u00e9mom.<\/li>\n<li>S\u00fakno Simonis by sa malo in\u0161talova\u0165 \u010do najtesnej\u0161ie ponad povrch bridlice. Toto neposkytuje iba najlep\u0161ie hracie podmienky, ale hlavne to bude zvy\u0161ova\u0165 \u017eivotnos\u0165 V\u00e1\u0161ho s\u00fakna a pote\u0161enie z hry.<\/li>\n<li>Tak ako v\u017edy sa uistite, \u017ee s\u00fa gule a hracie pole udr\u017eiavan\u00e9 \u010dist\u00e9.<\/li>\n<\/ul>\n<p>Pozn\u00e1mka pre Glue-down in\u0161tal\u00e1ciu. S\u00fakno \u00a0Simonis m\u00f4\u017eete aj nalepi\u0165, ale iba s ur\u010dit\u00fdmi lepidlami. Sprejov\u00e9 lepidlo norm\u00e1lne po aplik\u00e1cii nebude dr\u017ea\u0165 s\u00fakno \u00a0v rohoch a na mantinelov.<\/p>\n<p><strong>Simonis Cloth Cutting Guide. Ve\u013ea stolov vy\u017eaduje \u0161peci\u00e1lny rozmer s\u00fakna, aby ich bolo mo\u017en\u00e9 spr\u00e1vne pokry\u0165. \u0160tandardn\u00fd n\u00e1vod je k dispoz\u00edcii:<\/strong><\/p>\n<ul>\n<li>Simonis Cloth Cutting Guide (metrick\u00fd syst\u00e9m)\u00a0&#8211; detaily najdete v sekci<a title=\"N\u00e1vody\" href=\"https:\/\/www.billiard-pro.cz\/navody\/\">\u00a0&#8222;n\u00e1vody&#8220;\u00a0<\/a>&#8211; strih<\/li>\n<li>Simonis Cloth Cutting Guide ( obvykl\u00e9 americk\u00e9 jednotky).<\/li>\n<\/ul>\n<p><strong>Pam\u00e4tajte si&#8230; HLADKOU OZNA\u010cENOU STRANOU SMEROM HORE!<\/strong><\/p>\n","protected":false},"excerpt":{"rendered":"<p>IN\u0160TALA\u010cN\u00c9 INFORM\u00c1CIE S\u00fakno Simonis poskytuje presnos\u0165 a d\u00f4slednos\u0165, kv\u00f4li tomu ho chcete na va\u0161om stole. Je to perfektn\u00e1 vo\u013eba pre Va\u0161u her\u0148u alebo dom\u00e1ci st\u00f4l. S\u00fakno \u00a0je odli\u0161n\u00e9 od chlpatej \u201eplsti\u201c, ktor\u00e1 sa st\u00e1le pou\u017e\u00edva v priemysle. Na\u0161e pl\u00e1tno je tkan\u00e9 a prec\u00edzne strihan\u00e9, aby sa predi\u0161lo ovplyvneniu dr\u00e1hy gule, a vy m\u00f4\u017eete \u013eahko vidie\u0165 [&hellip;]<\/p>\n","protected":false},"author":2,"featured_media":0,"parent":3089,"menu_order":5,"comment_status":"closed","ping_status":"closed","template":"","meta":{"footnotes":""},"class_list":["post-3146","page","type-page","status-publish","hentry"],"_links":{"self":[{"href":"https:\/\/www.billiard-pro.cz\/sk\/wp-json\/wp\/v2\/pages\/3146","targetHints":{"allow":["GET"]}}],"collection":[{"href":"https:\/\/www.billiard-pro.cz\/sk\/wp-json\/wp\/v2\/pages"}],"about":[{"href":"https:\/\/www.billiard-pro.cz\/sk\/wp-json\/wp\/v2\/types\/page"}],"author":[{"embeddable":true,"href":"https:\/\/www.billiard-pro.cz\/sk\/wp-json\/wp\/v2\/users\/2"}],"replies":[{"embeddable":true,"href":"https:\/\/www.billiard-pro.cz\/sk\/wp-json\/wp\/v2\/comments?post=3146"}],"version-history":[{"count":0,"href":"https:\/\/www.billiard-pro.cz\/sk\/wp-json\/wp\/v2\/pages\/3146\/revisions"}],"up":[{"embeddable":true,"href":"https:\/\/www.billiard-pro.cz\/sk\/wp-json\/wp\/v2\/pages\/3089"}],"wp:attachment":[{"href":"https:\/\/www.billiard-pro.cz\/sk\/wp-json\/wp\/v2\/media?parent=3146"}],"curies":[{"name":"wp","href":"https:\/\/api.w.org\/{rel}","templated":true}]}}