{"id":3153,"date":"2014-01-10T13:46:36","date_gmt":"2014-01-10T13:46:36","guid":{"rendered":"http:\/\/localhost\/iwansimonis\/billiardove-kriedy\/"},"modified":"2014-01-10T13:46:36","modified_gmt":"2014-01-10T13:46:36","slug":"billiardove-kriedy","status":"publish","type":"page","link":"https:\/\/www.billiard-pro.cz\/sk\/navody-a-tipy\/billiardove-kriedy\/","title":{"rendered":"Billiardov\u00e9 kriedy"},"content":{"rendered":"<p>Dobr\u00fd biliardov\u00fd hr\u00e1\u010d vie , \u017ee spr\u00e1vne mazanie t\u00e1ga kriedou je d\u00f4le\u017eit\u00e9 . \u010casto rozhoduje o \u00faspechu alebo ne\u00faspechu samotn\u00e9ho strku . Krieda na t\u00e1go by mala by\u0165 such\u00e1 a maza\u0165 by sa mala rovnomerne po celej \u010dasti ko\u017ei\u010dky . Kriedy obsahuj\u00fa r\u00f4zne druhy br\u00fasnych zlo\u017eiek , ako je korund , sklo.<\/p>\n<p><strong>TIP:<\/strong> Pri mazan\u00ed kriedou d\u00e1vajte pozor na presahuj\u00face \u010dasti obalu kriedy . \u013dahko odstr\u00e1ni nanesen\u00e9 br\u00fasne l\u00e1tky a zv\u00fd\u0161ite si t\u00fdm zbyto\u010dne mo\u017enos\u0165 \u00a0kiksov ! Biliardov\u00e1 krieda je jedn\u00fdm z najd\u00f4le\u017eitej\u0161\u00edch doplnkov biliardov\u00e9ho hr\u00e1\u010d . Rad z nich ma\u017ee kriedou \u0161pi\u010dku t\u00e1ga medzi ka\u017ed\u00fdm strkom. Toto sa rob\u00ed preto, aby sa zv\u00fd\u0161il koeficient trenia ko\u017ei\u010dky na tago. Mazanie kriedou zabra\u0148uje preklz\u00e1vaniu t\u00e1ga a gule. S dobre natret\u00fdm t\u00e1gom zabr\u00e1nite kiksom a zlep\u0161\u00ed sa hr\u00e1\u010dov pocit istoty \u00a0pri kritick\u00fdch \u00faderoch\u00a0. Dobr\u00e1 biliardov\u00e1 krieda zlep\u0161\u00ed trenie, rot\u00e1ciu a pri\u013enavos\u0165 &#8211; faktory , ktor\u00e9 prispievaj\u00fa k uspokojiv\u00e9mu z\u00e1\u017eitku z hry. Biliardov\u00e9 kriedy maj\u00fa silik\u00e1tov\u00fd z\u00e1klad. \u010eal\u0161ie zlo\u017eky s\u00fa pre zdrs\u0148uj\u00faca efekt &#8211; oxid kremi\u010dit\u00fd , korund , aloxit a farebn\u00e9 pigmenty. Zlo\u017eky s\u00fa zmie\u0161an\u00e9 v jedine\u010dnom pomere a pomocou hydraulick\u00e9ho lisu stla\u010den\u00e9 a zlisovan\u00e9. V na\u0161om e &#8211; shope pon\u00fakame najob\u013e\u00fabenej\u0161ie biliardov\u00e9 kriedy \u00a0renomovan\u00fdch v\u00fdrobcov.<\/p>\n<p>Chr\u00e1\u0148te kriedy pred vlhkom . Vysok\u00e1 vlhkos\u0165 m\u00f4\u017ee \u00faplne po\u0161kodi\u0165 biliardov\u00fa kriedu . Odpor\u00fa\u010dame pou\u017e\u00edva\u0165 vhodn\u00e9 ochrann\u00e9 puzdro na kriedu .<\/p>\n<p><strong>UPOZORNENIE! Pod\u013ea ofici\u00e1lnych pravidiel sa smie u\u017e\u00edva\u0165 krieda iba tak\u00e9 farby, ktor\u00e1 je zlu\u010dite\u013en\u00e1 s farbou s\u00fakna stola!!<\/strong><\/p>\n","protected":false},"excerpt":{"rendered":"<p>Dobr\u00fd biliardov\u00fd hr\u00e1\u010d vie , \u017ee spr\u00e1vne mazanie t\u00e1ga kriedou je d\u00f4le\u017eit\u00e9 . \u010casto rozhoduje o \u00faspechu alebo ne\u00faspechu samotn\u00e9ho strku . Krieda na t\u00e1go by mala by\u0165 such\u00e1 a maza\u0165 by sa mala rovnomerne po celej \u010dasti ko\u017ei\u010dky . Kriedy obsahuj\u00fa r\u00f4zne druhy br\u00fasnych zlo\u017eiek , ako je korund , sklo. TIP: Pri mazan\u00ed [&hellip;]<\/p>\n","protected":false},"author":2,"featured_media":0,"parent":3089,"menu_order":9,"comment_status":"closed","ping_status":"closed","template":"page-s-menu.php","meta":{"footnotes":""},"class_list":["post-3153","page","type-page","status-publish","hentry"],"_links":{"self":[{"href":"https:\/\/www.billiard-pro.cz\/sk\/wp-json\/wp\/v2\/pages\/3153","targetHints":{"allow":["GET"]}}],"collection":[{"href":"https:\/\/www.billiard-pro.cz\/sk\/wp-json\/wp\/v2\/pages"}],"about":[{"href":"https:\/\/www.billiard-pro.cz\/sk\/wp-json\/wp\/v2\/types\/page"}],"author":[{"embeddable":true,"href":"https:\/\/www.billiard-pro.cz\/sk\/wp-json\/wp\/v2\/users\/2"}],"replies":[{"embeddable":true,"href":"https:\/\/www.billiard-pro.cz\/sk\/wp-json\/wp\/v2\/comments?post=3153"}],"version-history":[{"count":0,"href":"https:\/\/www.billiard-pro.cz\/sk\/wp-json\/wp\/v2\/pages\/3153\/revisions"}],"up":[{"embeddable":true,"href":"https:\/\/www.billiard-pro.cz\/sk\/wp-json\/wp\/v2\/pages\/3089"}],"wp:attachment":[{"href":"https:\/\/www.billiard-pro.cz\/sk\/wp-json\/wp\/v2\/media?parent=3153"}],"curies":[{"name":"wp","href":"https:\/\/api.w.org\/{rel}","templated":true}]}}