{"id":3156,"date":"2014-03-24T15:05:59","date_gmt":"2014-03-24T14:05:59","guid":{"rendered":"http:\/\/localhost\/iwansimonis\/kamui-koze-rozdiely-a-instalacny-navod\/"},"modified":"2017-03-03T10:59:42","modified_gmt":"2017-03-03T09:59:42","slug":"kamui-koze-rozdiely-a-instalacny-navod","status":"publish","type":"page","link":"https:\/\/www.billiard-pro.cz\/sk\/navody-a-tipy\/kamui-koze-rozdiely-a-instalacny-navod\/","title":{"rendered":"Kamui ko\u017ee rozdiely a in\u0161tala\u010dn\u00fd n\u00e1vod"},"content":{"rendered":"<p><strong>In\u0161trukt\u00e1\u017ene video:<\/strong><\/p>\n<p>Video n\u00e1vod ako vymeni\u0165 ko\u017eu Kamui na va\u0161om tagu : ( je mo\u017en\u00e9 vykona\u0165 aj za pomoci ru\u010dn\u00e9ho s\u00fastruhu alebo pom\u00f4cok pre v\u00fdmenu ko\u017ee z na\u0161ej internetovej ponuky )<\/p>\n<p>Na nalepenie mo\u017eno pou\u017ei\u0165 <a title=\"Tweeten desetiminutov\u00e9 lepidlo na k\u016f\u017ee-20 gram\u016f\" href=\"https:\/\/www.billiard-pro.cz\/obchod\/kulecnikove-potreby\/tweeten\/tweeten-desetiminutove-lepidlo-na-kuze\/\">Tweeten 10 minute cement<\/a> &#8211; lepidlo z na\u0161ej ponuky alebo Loctite Flex Gel pro Kamui Clear Black (k\u016f\u017ee s podlo\u017ekou).<\/p>\n<p><iframe loading=\"lazy\" title=\"How to install KAMUI CLEAR\" width=\"500\" height=\"281\" src=\"https:\/\/www.youtube.com\/embed\/Dh8w7W7xPms?feature=oembed\" frameborder=\"0\" allow=\"accelerometer; autoplay; clipboard-write; encrypted-media; gyroscope; picture-in-picture; web-share\" referrerpolicy=\"strict-origin-when-cross-origin\" allowfullscreen><\/iframe><\/p>\n<p><iframe loading=\"lazy\" title=\"How to change a cue tip\" width=\"500\" height=\"375\" src=\"https:\/\/www.youtube.com\/embed\/5P1bm4owr_4?feature=oembed\" frameborder=\"0\" allow=\"accelerometer; autoplay; clipboard-write; encrypted-media; gyroscope; picture-in-picture; web-share\" referrerpolicy=\"strict-origin-when-cross-origin\" allowfullscreen><\/iframe><\/p>\n<p><iframe loading=\"lazy\" title=\"Kamui Tips lathe installation guide\" width=\"500\" height=\"375\" src=\"https:\/\/www.youtube.com\/embed\/EXTl9tziQ7A?feature=oembed\" frameborder=\"0\" allow=\"accelerometer; autoplay; clipboard-write; encrypted-media; gyroscope; picture-in-picture; web-share\" referrerpolicy=\"strict-origin-when-cross-origin\" allowfullscreen><\/iframe><\/p>\n<p><strong>\u010co znamen\u00e1 Kamui ?<\/strong><\/p>\n<p><strong>Kamui je japonsk\u00e9 slovo , ktor\u00e9 v preklade znamen\u00e1 &#8220; bo\u017esk\u00e1 sila &#8222;<\/strong> .<\/p>\n<p>Kamui ko\u017ee od japonsk\u00e9ho tradi\u010dn\u00e9ho v\u00fdrobcu s\u00fa ko\u017ee pre profesion\u00e1lne biliardov\u00e9 hr\u00e1\u010da . Po dlhom obdob\u00ed v\u00fdskumu a rozsiahlom testovan\u00ed , sa pri\u0161lo na to , \u010do bolo so v\u0161etk\u00fdmi ostatn\u00fdmi ko\u017eami zle , V\u00fdrobca pri\u0161iel na met\u00f3du a technol\u00f3gii spracovania , ktor\u00e1 umo\u017e\u0148uje , aby ko\u017ea Kamui dobre dr\u017eala kriedu .<\/p>\n<p>Ako , p\u00fdtate sa ? Presn\u00fd postup je tajomstvom , ale kone\u010dn\u00fd v\u00fdsledok je jednoduch\u00fd . \u0160pi\u010dka Kamui \u2122 je zlo\u017een\u00e1 z 10tich vrstiev \u0161pi\u010dkovej prasacej ko\u017ee . Vrstvy s\u00fa zlepen\u00e9 \u0161peci\u00e1lnym postupom . Tento \u0161peci\u00e1lny postup ponech\u00e1va p\u00f3ry na prasacej ko\u017ei otvoren\u00e9 , \u010do umo\u017e\u0148uje kriede prenikn\u00fa\u0165 na povrch tak , aby skuto\u010dne ko\u017ea dr\u017eala kriedu .<\/p>\n<p>\u010co to v\u0161etko znamen\u00e1 ? Ko\u017ee , ktor\u00e1 m\u00f4\u017ee takto dr\u017ea\u0165 kriedu , je ko\u017ea , ktor\u00e1 v\u00e1m pom\u00f4\u017ee z\u00edska\u0165 \u010do najviac zo svojho z\u00e1beru , udr\u017e\u00ed gu\u013eu ve\u013emi dobre bez zbyto\u010dn\u00fdch kiksy .<\/p>\n<p><strong>Kamui poskytuje:<\/strong><\/p>\n<p>&#8211; V\u00e4\u010d\u0161ia presnos\u0165 \u00faderu a zacielenie na stred gule<\/p>\n<p>&#8211; Dlh\u00fa \u017eivotnos\u0165<\/p>\n<p>&#8211; Odolnos\u0165 proti vlhkosti<\/p>\n<p>&#8211; Po \u00fadere sa vracia v\u010faka elastickosti sp\u00e4\u0165 do p\u00f4vodn\u00e9ho tvaru a je pripraven\u00e1 na \u010fal\u0161\u00ed \u00fader<\/p>\n<p>&#8211; Dr\u017e\u00ed viac kriedu v\u010faka p\u00f3rovitosti ako ostatn\u00e9 ko\u017ea<\/p>\n<p>&#8211; V\u00e4\u010d\u0161ie rot\u00e1cie gule s men\u0161ou silou<\/p>\n<p><strong>Druhy Kamui \u00a0:<\/strong><br \/>\nKamui Original &#8211; pr\u00edrodn\u00e1 farba &#8211; Soft , Medium , Hard<\/p>\n<p>Kamui Black &#8211; Super Soft , Soft , Medium , Hard &#8211; odoln\u00e9 vlhkosti<\/p>\n<p>Kamui Clear Black &#8211; Super Soft , Soft , Medium , Hard &#8211; odoln\u00e9 vlhkosti a v\u00e4\u010d\u0161ia elasticita , vysok\u00e1 schopnos\u0165 odrazu<\/p>\n<p><strong>Grafick\u00e1 tabu\u013eka &#8211; druhy ko\u017e\u00ed Kamui z h\u013eadiska ich tvrdosti a pru\u017enosti .<\/strong><\/p>\n<p><img decoding=\"async\" src=\"http:\/\/www.kamuibrand.com\/billiard-img\/plot-clear-en.png\" alt=\"\" \/><\/p>\n<p>Plej\u00e1da svetovo uzn\u00e1van\u00fdch profesion\u00e1lnych hr\u00e1\u010dov, pou\u017e\u00edvaj\u00edc\u00edhc ko\u017ee Kamui:<\/p>\n<p><img loading=\"lazy\" decoding=\"async\" class=\"aligncenter size-medium wp-image-6886\" src=\"https:\/\/www.billiard-pro.cz\/wp-content\/uploads\/2014\/03\/play-list-kamui-kuze2-300x257.jpg\" alt=\"play list kamui kuze\" width=\"300\" height=\"257\" srcset=\"https:\/\/www.billiard-pro.cz\/wp-content\/uploads\/2014\/03\/play-list-kamui-kuze2-300x257.jpg 300w, https:\/\/www.billiard-pro.cz\/wp-content\/uploads\/2014\/03\/play-list-kamui-kuze2.jpg 650w\" sizes=\"auto, (max-width: 300px) 100vw, 300px\" \/><\/p>\n","protected":false},"excerpt":{"rendered":"<p>In\u0161trukt\u00e1\u017ene video: Video n\u00e1vod ako vymeni\u0165 ko\u017eu Kamui na va\u0161om tagu : ( je mo\u017en\u00e9 vykona\u0165 aj za pomoci ru\u010dn\u00e9ho s\u00fastruhu alebo pom\u00f4cok pre v\u00fdmenu ko\u017ee z na\u0161ej internetovej ponuky ) Na nalepenie mo\u017eno pou\u017ei\u0165 Tweeten 10 minute cement &#8211; lepidlo z na\u0161ej ponuky alebo Loctite Flex Gel pro Kamui Clear Black (k\u016f\u017ee s podlo\u017ekou). [&hellip;]<\/p>\n","protected":false},"author":2,"featured_media":1743,"parent":3089,"menu_order":10,"comment_status":"closed","ping_status":"closed","template":"","meta":{"footnotes":""},"class_list":["post-3156","page","type-page","status-publish","has-post-thumbnail","hentry"],"_links":{"self":[{"href":"https:\/\/www.billiard-pro.cz\/sk\/wp-json\/wp\/v2\/pages\/3156","targetHints":{"allow":["GET"]}}],"collection":[{"href":"https:\/\/www.billiard-pro.cz\/sk\/wp-json\/wp\/v2\/pages"}],"about":[{"href":"https:\/\/www.billiard-pro.cz\/sk\/wp-json\/wp\/v2\/types\/page"}],"author":[{"embeddable":true,"href":"https:\/\/www.billiard-pro.cz\/sk\/wp-json\/wp\/v2\/users\/2"}],"replies":[{"embeddable":true,"href":"https:\/\/www.billiard-pro.cz\/sk\/wp-json\/wp\/v2\/comments?post=3156"}],"version-history":[{"count":0,"href":"https:\/\/www.billiard-pro.cz\/sk\/wp-json\/wp\/v2\/pages\/3156\/revisions"}],"up":[{"embeddable":true,"href":"https:\/\/www.billiard-pro.cz\/sk\/wp-json\/wp\/v2\/pages\/3089"}],"wp:featuredmedia":[{"embeddable":true,"href":"https:\/\/www.billiard-pro.cz\/sk\/wp-json\/wp\/v2\/media\/1743"}],"wp:attachment":[{"href":"https:\/\/www.billiard-pro.cz\/sk\/wp-json\/wp\/v2\/media?parent=3156"}],"curies":[{"name":"wp","href":"https:\/\/api.w.org\/{rel}","templated":true}]}}