{"id":3165,"date":"2014-04-12T18:48:48","date_gmt":"2014-04-12T16:48:48","guid":{"rendered":"http:\/\/localhost\/iwansimonis\/exhibicie-videa\/"},"modified":"2017-03-15T16:24:51","modified_gmt":"2017-03-15T15:24:51","slug":"exhibicie-videa","status":"publish","type":"page","link":"https:\/\/www.billiard-pro.cz\/sk\/navody-a-tipy\/exhibicie-videa\/","title":{"rendered":"Exhib\u00edcie videa"},"content":{"rendered":"<p><strong>Zostrih z\u00e1znamu Federal Cup 2017<\/strong><br \/>\nV sobotu 4.3.2017 v Biliard Club \u0158ipsk\u00e1 v Prahe na Vinohradoch.<br \/>\n5. ro\u010dn\u00edk prest\u00ed\u017eneho z\u00e1pasu Federal Cup priniesol op\u00e4\u0165 nap\u00ednav\u00e9 boje a\u017e do \u00fapln\u00e9ho z\u00e1veru. Poh\u00e1r zost\u00e1va v \u010ceskej republike. Gratulujeme v\u00ed\u0165azom a \u010fakujeme obom v\u0161etk\u00fdm a najm\u00e4 na\u0161im slovensk\u00fdm priate\u013eom za skvel\u00fa atmosf\u00e9ru a\u00a0a nap\u00ednav\u00fa a div\u00e1cky atrakt\u00edvnu s\u00fa\u0165a\u017e.<\/p>\n<p><iframe loading=\"lazy\" title=\"FEDERAL CUP 2017\" width=\"500\" height=\"281\" src=\"https:\/\/www.youtube.com\/embed\/up4vajiRlwI?feature=oembed\" frameborder=\"0\" allow=\"accelerometer; autoplay; clipboard-write; encrypted-media; gyroscope; picture-in-picture; web-share\" referrerpolicy=\"strict-origin-when-cross-origin\" allowfullscreen><\/iframe><\/p>\n<p><strong>Presnos\u0165 a virtualita na s\u00faknu Iwan Simonis \u00a0s gu\u013eami Aramith a t\u00e1gom opatren\u00fdm ko\u017eou Kamui. Pozrite sa sami:<\/strong><\/p>\n<p><span style=\"line-height: 1.5em;\">https:\/\/www.youtube.com\/watch?v=RqziQX7eEv0<\/span><\/p>\n<p><iframe loading=\"lazy\" title=\"Venom&#039;s Pool Trick Shots #57\" width=\"500\" height=\"375\" src=\"https:\/\/www.youtube.com\/embed\/_UqR4HhtAJ0?feature=oembed\" frameborder=\"0\" allow=\"accelerometer; autoplay; clipboard-write; encrypted-media; gyroscope; picture-in-picture; web-share\" referrerpolicy=\"strict-origin-when-cross-origin\" allowfullscreen><\/iframe><\/p>\n<p><iframe loading=\"lazy\" title=\"Venom &amp; Venomette Amazing Pool Trick Shots\" width=\"500\" height=\"281\" src=\"https:\/\/www.youtube.com\/embed\/fNv-rkF4LW4?feature=oembed\" frameborder=\"0\" allow=\"accelerometer; autoplay; clipboard-write; encrypted-media; gyroscope; picture-in-picture; web-share\" referrerpolicy=\"strict-origin-when-cross-origin\" allowfullscreen><\/iframe><\/p>\n","protected":false},"excerpt":{"rendered":"<p>Zostrih z\u00e1znamu Federal Cup 2017 V sobotu 4.3.2017 v Biliard Club \u0158ipsk\u00e1 v Prahe na Vinohradoch. 5. ro\u010dn\u00edk prest\u00ed\u017eneho z\u00e1pasu Federal Cup priniesol op\u00e4\u0165 nap\u00ednav\u00e9 boje a\u017e do \u00fapln\u00e9ho z\u00e1veru. Poh\u00e1r zost\u00e1va v \u010ceskej republike. Gratulujeme v\u00ed\u0165azom a \u010fakujeme obom v\u0161etk\u00fdm a najm\u00e4 na\u0161im slovensk\u00fdm priate\u013eom za skvel\u00fa atmosf\u00e9ru a\u00a0a nap\u00ednav\u00fa a div\u00e1cky atrakt\u00edvnu s\u00fa\u0165a\u017e. [&hellip;]<\/p>\n","protected":false},"author":2,"featured_media":0,"parent":3089,"menu_order":13,"comment_status":"closed","ping_status":"closed","template":"","meta":{"footnotes":""},"class_list":["post-3165","page","type-page","status-publish","hentry"],"_links":{"self":[{"href":"https:\/\/www.billiard-pro.cz\/sk\/wp-json\/wp\/v2\/pages\/3165","targetHints":{"allow":["GET"]}}],"collection":[{"href":"https:\/\/www.billiard-pro.cz\/sk\/wp-json\/wp\/v2\/pages"}],"about":[{"href":"https:\/\/www.billiard-pro.cz\/sk\/wp-json\/wp\/v2\/types\/page"}],"author":[{"embeddable":true,"href":"https:\/\/www.billiard-pro.cz\/sk\/wp-json\/wp\/v2\/users\/2"}],"replies":[{"embeddable":true,"href":"https:\/\/www.billiard-pro.cz\/sk\/wp-json\/wp\/v2\/comments?post=3165"}],"version-history":[{"count":1,"href":"https:\/\/www.billiard-pro.cz\/sk\/wp-json\/wp\/v2\/pages\/3165\/revisions"}],"predecessor-version":[{"id":10346,"href":"https:\/\/www.billiard-pro.cz\/sk\/wp-json\/wp\/v2\/pages\/3165\/revisions\/10346"}],"up":[{"embeddable":true,"href":"https:\/\/www.billiard-pro.cz\/sk\/wp-json\/wp\/v2\/pages\/3089"}],"wp:attachment":[{"href":"https:\/\/www.billiard-pro.cz\/sk\/wp-json\/wp\/v2\/media?parent=3165"}],"curies":[{"name":"wp","href":"https:\/\/api.w.org\/{rel}","templated":true}]}}