{"id":3168,"date":"2014-05-13T20:16:26","date_gmt":"2014-05-13T18:16:26","guid":{"rendered":"http:\/\/localhost\/iwansimonis\/o-nas-2\/"},"modified":"2022-07-14T05:42:48","modified_gmt":"2022-07-14T03:42:48","slug":"o-nas-2","status":"publish","type":"page","link":"https:\/\/www.billiard-pro.cz\/sk\/o-nas-2\/","title":{"rendered":"O n\u00e1s"},"content":{"rendered":"<ul>\n<li><strong>Ofici\u00e1lne obchodn\u00e9 zast\u00fapenie:<\/strong><\/li>\n<li>Zastupujeme na \u010deskom a slovenskom trhu tradi\u010dn\u00e9ho belgick\u00e9ho v\u00fdrobca biliardov\u00fdch s\u00fakien Iwan Simonis SA \u00a0a sme jedn\u00fdm z distrib\u00fatorov \u00a0spolo\u010dnosti\u00a0Saluc SA , v\u00fdrobca biliardov\u00fdch gul\u00ed Aramith.<\/li>\n<\/ul>\n<ul>\n<li><strong>Priamy import &#8211; rozumn\u00e1 cena:<\/strong><\/li>\n<li>Importujeme v\u00fdrobky Simonis , Aramith a \u010fal\u0161ie zna\u010dkov\u00e9 biliardov\u00e9 potreby priamo od svetov\u00fdch v\u00fdrobcov.\u00a0<img loading=\"lazy\" decoding=\"async\" class=\"alignright size-full wp-image-4808\" src=\"https:\/\/www.billiard-pro.cz\/wp-content\/uploads\/2014\/05\/1400229600-1...jpg\" alt=\"1400229600 (1)..\" width=\"286\" height=\"190\" data-id=\"2294\" \/><\/li>\n<li>Vzh\u013eadom k priamemu importu u n\u00e1s nak\u00fapite za ve\u013emi priazniv\u00e9 ceny.<\/li>\n<li>Pracujeme len so zna\u010dkami overen\u00fdmi vlastnou sk\u00fasenos\u0165ou.<\/li>\n<\/ul>\n<ul>\n<li><strong>30 rokov sk\u00fasenost\u00ed:<\/strong><\/li>\n<li>Od roku 1993 prev\u00e1dzkujeme biliardov\u00fa her\u0148u <a href=\"http:\/\/www.billiard-ripska.cz\">Biliard Club \u0158ipsk\u00e1<\/a> v Prahe.<\/li>\n<li>Na\u0161e stoly s\u00fa po\u0165ahovan\u00e9 v\u00fdhradne s\u00faknom Simonis a hr\u00e1me s gu\u013eami Aramith.<\/li>\n<li>V\u010faka vysokej kvalite a dlhej \u017eivotnosti s\u00fakna i gul\u00ed m\u00e1me v\u00fdrazne ni\u017e\u0161ie prev\u00e1dzkov\u00e9 n\u00e1klady a vy\u0161\u0161iu n\u00e1v\u0161tevnos\u0165 v porovnan\u00ed s predch\u00e1dzaj\u00facimi rokmi.<\/li>\n<\/ul>\n<ul>\n<li><strong>Cie\u013e:<\/strong><\/li>\n<li>Na\u0161im cie\u013eom je odovzda\u0165 v\u00e1m svoje sk\u00fasenosti a presved\u010di\u0165 v\u00e1s , \u017ee sa naozaj oplat\u00ed investova\u0165 do kvalitn\u00e9ho s\u00fakna , gul\u00ed a zna\u010dkov\u00fdch biliardov\u00fdch potrieb.<\/li>\n<li>Zna\u010dky , ktor\u00e9 pon\u00fakame s\u00fa odoln\u00e9 , presn\u00e9 , kvalitn\u00e9 a maj\u00fa dlh\u00fa \u017eivotnos\u0165 pri zachovan\u00ed najlep\u0161\u00edch hern\u00fdch vlastnost\u00ed.<\/li>\n<li>U\u0161etrite si aj vy va\u0161e prev\u00e1dzkov\u00e9 n\u00e1klady a u\u017eite si presn\u00fa hru!<\/li>\n<\/ul>\n<ul>\n<li><strong>Kamenn\u00e1 predaj\u0148a:<\/strong><\/li>\n<li>Biliard Club \u0158ipsk\u00e1 sl\u00fa\u017ei s\u00fa\u010dasne ako predaj\u0148a biliardov\u00fdch potrieb a v\u00fddajn\u00e9 miesto pre objedn\u00e1vky z n\u00e1\u0161ho E &#8211; shopu denne 7 dn\u00ed v t\u00fd\u017edni od 13 do 23 hod\u00edn.<\/li>\n<li>V\u0161etok tovar je mo\u017en\u00e9 vopred objedna\u0165 v e &#8211; shope a pred zak\u00fapen\u00edm prezrie\u0165 v predajni.<\/li>\n<li>Dodacia lehota do druh\u00e9ho d\u0148a vr\u00e1tane v\u00edkendov.<\/li>\n<li>Nie ste povinn\u00ed tovar odobra\u0165 pokia\u013e nevyhovuje va\u0161im potreb\u00e1m.<\/li>\n<li>Na\u0161i vy\u0161kolen\u00ed zamestnanci v\u00e1m poradia a odporu\u010dia v\u00fdrobok hodiaci sa najlep\u0161ie.<\/li>\n<\/ul>\n<ul>\n<li><strong>Poradensk\u00fd servis zadarmo:<\/strong><\/li>\n<li>Odporu\u010d\u00edme v\u00e1m typ s\u00fakna, gul\u00ed a biliardov\u00fdch potrieb, ktor\u00e9 sa najlep\u0161ie hod\u00ed pre va\u0161u her\u0148u, klub alebo dom\u00e1ce vyu\u017eitie.<\/li>\n<li>Pom\u00f4\u017eeme v\u00e1m vypo\u010d\u00edta\u0165 spotrebu s\u00fakna na v\u00e1\u0161 konkr\u00e9tny st\u00f4l.<\/li>\n<li>Pon\u00fakneme v\u00e1m svojich odborn\u00edkov na potiahnutie biliardov\u00fdch stolov.<\/li>\n<li>Zameriavame sa najm\u00e4 na herne a kluby , ale m\u00e1me aj rad z\u00e1kazn\u00edkov s dom\u00e1cimi stolmi , ktor\u00fdm v\u017edy radi porad\u00edme k ich spokojnosti. M\u00e1me ve\u013emi priazniv\u00e9 ohlasy.<\/li>\n<\/ul>\n<ul>\n<li><strong>Podporujeme biliardov\u00fd \u0161port:<\/strong><\/li>\n<li>Sme nad\u0161enci a propagujeme tento kr\u00e1sny \u0161port v \u010cesku i na Slovensku.<\/li>\n<li>Podporujeme \u010ceskomoravsk\u00fd billiardov\u00fd zv\u00e4z, tr\u00e9ning det\u00ed a ml\u00e1de\u017ee a sponzorujeme v\u00fdznamn\u00e9 republikov\u00e9 turnaje.<\/li>\n<li>Extern\u00ed spolupr\u00e1ce :\n<p><strong>NOVINKA od 1.5.2022 \u2013 Servis t\u00e1g<\/strong><\/p>\n<p><img loading=\"lazy\" decoding=\"async\" class=\"aligncenter size-medium wp-image-14728\" src=\"https:\/\/www.billiard-pro.cz\/wp-content\/uploads\/2022\/05\/Obrazek1-1-300x71.png\" sizes=\"auto, (max-width: 300px) 100vw, 300px\" srcset=\"https:\/\/www.billiard-pro.cz\/wp-content\/uploads\/2022\/05\/Obrazek1-1-300x71.png 300w, https:\/\/www.billiard-pro.cz\/wp-content\/uploads\/2022\/05\/Obrazek1-1-150x35.png 150w, https:\/\/www.billiard-pro.cz\/wp-content\/uploads\/2022\/05\/Obrazek1-1.png 580w\" alt=\"\" width=\"300\" height=\"71\" \/><\/p>\n<p><strong>Zaji\u0161tujeme servis kule\u010dn\u00edkov\u00fdch t\u00e1g a \u010di\u0161t\u011bn\u00ed kule\u010dn\u00edkov\u00fdch pl\u00e1ten.<\/strong><\/p>\n<p><strong>(v\u00fdm\u011bny k\u016f\u017e\u00ed, v\u00fdm\u011bny kostic a jin\u00e9 drobn\u00e9 opravy)<\/strong><\/p>\n<p><strong>Kontakt :\u00a0<\/strong><strong>Petr Zukl\u00edn\u00a0<\/strong><\/p>\n<p><strong>Telefon: +420 776 710 464\u00a0<\/strong><\/p>\n<p><strong>Email :dedpetr@seznam.cz<\/strong><\/li>\n<\/ul>\n","protected":false},"excerpt":{"rendered":"<p>Ofici\u00e1lne obchodn\u00e9 zast\u00fapenie: Zastupujeme na \u010deskom a slovenskom trhu tradi\u010dn\u00e9ho belgick\u00e9ho v\u00fdrobca biliardov\u00fdch s\u00fakien Iwan Simonis SA \u00a0a sme jedn\u00fdm z distrib\u00fatorov \u00a0spolo\u010dnosti\u00a0Saluc SA , v\u00fdrobca biliardov\u00fdch gul\u00ed Aramith. Priamy import &#8211; rozumn\u00e1 cena: Importujeme v\u00fdrobky Simonis , Aramith a \u010fal\u0161ie zna\u010dkov\u00e9 biliardov\u00e9 potreby priamo od svetov\u00fdch v\u00fdrobcov.\u00a0 Vzh\u013eadom k priamemu importu u n\u00e1s nak\u00fapite [&hellip;]<\/p>\n","protected":false},"author":2,"featured_media":0,"parent":0,"menu_order":0,"comment_status":"closed","ping_status":"closed","template":"","meta":{"footnotes":""},"class_list":["post-3168","page","type-page","status-publish","hentry"],"_links":{"self":[{"href":"https:\/\/www.billiard-pro.cz\/sk\/wp-json\/wp\/v2\/pages\/3168","targetHints":{"allow":["GET"]}}],"collection":[{"href":"https:\/\/www.billiard-pro.cz\/sk\/wp-json\/wp\/v2\/pages"}],"about":[{"href":"https:\/\/www.billiard-pro.cz\/sk\/wp-json\/wp\/v2\/types\/page"}],"author":[{"embeddable":true,"href":"https:\/\/www.billiard-pro.cz\/sk\/wp-json\/wp\/v2\/users\/2"}],"replies":[{"embeddable":true,"href":"https:\/\/www.billiard-pro.cz\/sk\/wp-json\/wp\/v2\/comments?post=3168"}],"version-history":[{"count":0,"href":"https:\/\/www.billiard-pro.cz\/sk\/wp-json\/wp\/v2\/pages\/3168\/revisions"}],"wp:attachment":[{"href":"https:\/\/www.billiard-pro.cz\/sk\/wp-json\/wp\/v2\/media?parent=3168"}],"curies":[{"name":"wp","href":"https:\/\/api.w.org\/{rel}","templated":true}]}}