{"id":3171,"date":"2014-05-13T20:17:01","date_gmt":"2014-05-13T18:17:01","guid":{"rendered":"http:\/\/localhost\/iwansimonis\/8-dovodov-preco-nakupovat-u-nas\/"},"modified":"2021-11-22T22:14:43","modified_gmt":"2021-11-22T21:14:43","slug":"8-dovodov-preco-nakupovat-u-nas","status":"publish","type":"page","link":"https:\/\/www.billiard-pro.cz\/sk\/o-nas-2\/8-dovodov-preco-nakupovat-u-nas\/","title":{"rendered":"8 d\u00f4vodov pre\u010do nakupova\u0165 u n\u00e1s"},"content":{"rendered":"<p><strong>8 d\u00f4vodov pre\u010do nakupova\u0165 u n\u00e1s :<\/strong><\/p>\n<p><strong>1. Certifik\u00e1t D\u00f4veryhodn\u00e1 firma a Certifik\u00e1t Heureka Ov\u011b\u0159eno z\u00e1kazn\u00edky<\/strong><\/p>\n<p>Na\u0161a spolo\u010dnos\u0165 je dr\u017eite\u013eom Certifik\u00e1tu D\u00f4veryhodn\u00e1 Firma a tie\u017e dr\u017eite\u013eom Certifik\u00e1tu Heureka Ov\u011b\u0159eno z\u00e1kazn\u00edky.<\/p>\n<p>Certifik\u00e1ty su priznan\u00e9 spolo\u010dnostiam, ktor\u00e9 sa m\u00f4\u017eu pochv\u00e1li\u0165 t\u00fdm, \u017ee nemaj\u00fa negat\u00edvne ohlasy od svojich klientov a obchodn\u00fdch partnerov. Proces certifik\u00e1cie je zalo\u017een\u00fd na modernej met\u00f3de, ktor\u00e1 umo\u017e\u0148uje definova\u0165 tzv. Ukazovate\u013e n\u00e1zorov pomocou inovat\u00edvnych informa\u010dn\u00fdch technol\u00f3gi\u00ed.<\/p>\n<p><strong>2. Doprava zadarmo pre objedn\u00e1vky cez E-shop<\/strong><\/p>\n<ul>\n<li>V celej \u010cR a SR pri objedn\u00e1vke ak\u00e9hoko\u013evek sortimentu nad 3000 K\u010d alebo 111 EUR.<\/li>\n<\/ul>\n<p><strong>3. Kamenn\u00e1 predaj\u0148a v prev\u00e1dzke 7 dn\u00ed v t\u00fd\u017edni od 12 do 23 hod\u00edny<\/strong><\/p>\n<ul>\n<li>Predaj\u0148a biliardov\u00fdch potrieb v priestoroch Biliard Club \u0158ipsk\u00e1 , \u0158ipsk\u00e1 24 , Praha 3 je pre v\u00e1s otvoren\u00e1 7 dn\u00ed v t\u00fd\u017edni denne od 12 do 23 hod\u00edn .<\/li>\n<li>Mo\u017enos\u0165 objedna\u0165 tovar nez\u00e1v\u00e4zne cez e &#8211; shop ( zvo\u013ete osobn\u00fd odber ) a prezrie\u0165 priamo na predajni ako sa rozhodnete pre n\u00e1kup .<\/li>\n<li>Dodacie lehoty na predaj\u0148u do druh\u00e9ho d\u0148a vr\u00e1tane v\u00edkendov .<\/li>\n<li>Nie ste povinn\u00ed tovar odobra\u0165 pokia\u013e nevyhovuje va\u0161im po\u017eiadavk\u00e1m .<\/li>\n<li>Plat\u00edte v hotovosti a\u017e po prezret\u00ed a prevzat\u00ed tovaru v BC \u0158ipsk\u00e1 .<\/li>\n<li>Na\u0161i kvalifikovan\u00ed a odborne pre\u0161kolen\u00ed zamestnanci v\u00e1m tovar predved\u00fa a poradia .<\/li>\n<\/ul>\n<p><strong>4. \u0160pi\u010dkov\u00e1 kvalita<\/strong><\/p>\n<ul>\n<li>Pon\u00fakame \u0161pi\u010dkov\u00e9 v\u00fdrobky najprest\u00ed\u017enej\u0161\u00edch svetov\u00fdch zna\u010diek .<\/li>\n<li>Kvalita pon\u00fakan\u00fdch produktov je v\u017edy overen\u00e1 a odsk\u00fa\u0161an\u00e1 prev\u00e1dzkou v na\u0161om klube .<\/li>\n<li>Pon\u00fakame v\u00fdrobky , ktor\u00e9 sami dobre pozn\u00e1me a m\u00e1me rokmi overen\u00fa dobr\u00fa sk\u00fasenos\u0165<\/li>\n<li>Neh\u013eadajte u n\u00e1s lacn\u00e9 a nekvalitn\u00e9 napodobeniny .<\/li>\n<\/ul>\n<p><strong>5. Z\u013eavy pre kluby<\/strong><\/p>\n<ul>\n<li>Klubom registrovan\u00fdm v CMBS a SBIZ ( Slovensk\u00fd a \u010cesk\u00fd billiardov\u00fd zv\u00e4z ) poskytujeme z\u013eavy.<\/li>\n<li>Aktu\u00e1lne cenn\u00edky k dispoz\u00edcii u v\u00fdkonn\u00e9ho v\u00fdboru .<\/li>\n<li>Aktu\u00e1lne cenn\u00edky pre registrovan\u00e9 kluby v\u00e1m za\u0161leme na po\u017eiadanie e- mailom .<\/li>\n<li>Vyu\u017eite t\u00fato mo\u017enos\u0165 a p\u00fdtajte sa na va\u0161e ceny na : info@billiard-pro.cz<\/li>\n<\/ul>\n<p><strong style=\"line-height: 1.5em;\">6. R\u00fdchlos\u0165<\/strong><\/p>\n<ul>\n<li>Potrebujete r\u00fdchle rie\u0161enie a r\u00fdchly n\u00e1kup ?<\/li>\n<li>Objedn\u00e1vky prijat\u00e9 ve\u010der odosielame ihne\u010f na druh\u00fd de\u0148 r\u00e1no kuri\u00e9rskou slu\u017ebou DPD alebo prostredn\u00edctvom Slovenskej po\u0161ty pod\u013ea v\u00e1\u0161ho v\u00fdberu a po\u017eiadavku.<\/li>\n<li>Va\u0161u objedn\u00e1vku vybav\u00edme ihne\u010f v de\u0148 n\u00e1kupu , najnesk\u00f4r do druh\u00e9ho d\u0148a .<\/li>\n<li>Ak ani t\u00e1to r\u00fdchlos\u0165 nesta\u010d\u00ed , v\u017edy n\u00e1jdeme sp\u00f4sob ako v\u00e1m tovar r\u00fdchlo a bezpe\u010dne doru\u010di\u0165 kamko\u013evek v \u010cech\u00e1ch aj na Slovensku.<\/li>\n<li>Pon\u00fakame mo\u017enos\u0165 dohodn\u00fa\u0165 si ak\u00fdko\u013evek mo\u017en\u00fd druh doru\u010denia tovaru presne na mieru .<\/li>\n<\/ul>\n<p><strong> Pr\u00edklad:<\/strong> Urgentn\u00e1 objedn\u00e1vka na SIMONIS s\u00fakno kv\u00f4li v\u00fdmene\u00a0roztrhnut\u00e9ho po\u0165ahu poolov\u00e9ho stola , ktor\u00fa sme dostali telefonicky vo \u0161tvrtok ve\u010der o 21 hodine sme poslali prv\u00fdm rann\u00fdm linkov\u00fdm autobusov\u00fdm spojom po vodi\u010dovi do jedn\u00e9ho mal\u00e9ho \u010desk\u00e9ho meste\u010dka ne\u0161\u0165astn\u00e9mu majite\u013eovi herne , aby sme zachr\u00e1nili piatkov\u00fd turnaj . Kuri\u00e9r ani po\u0161ta nie s\u00fa schopn\u00ed \u00a0po\u010das toho ist\u00e9ho d\u0148a doru\u010di\u0165 tovar &#8211; my v\u0161ak \u00c1NO ! Zohnali sme ihne\u010f servisn\u00e9ho technika , profesion\u00e1lneho a pre\u0161kolen\u00e9ho odborn\u00edka , ktor\u00fd dorazil zo susedn\u00e9ho mesta \u00a0v ten ist\u00fd de\u0148 a s\u00fakno vymenil . Turnaj zachr\u00e1nen\u00fd a z\u00e1kazn\u00edk nadmieru spokojn\u00fd !<\/p>\n<p><strong>7. Ve\u013ekoobchodn\u00e9 spolupr\u00e1ce a ve\u013ekoobchodn\u00e9 dod\u00e1vate\u013eskej ceny pre \u010cR i SR<\/strong><\/p>\n<ul>\n<li>Ste majite\u013eom ve\u013ekoobchodu s biliardov\u00fdm tovarom ?<\/li>\n<li>Ste majite\u013eom mal\u00e9ho obchodu s biliardov\u00fdm tovarom ?<\/li>\n<li>Ste v\u00fdrobcom biliardov\u00fdch stolov ?<\/li>\n<li>Ste servisn\u00fdm technikom a po\u0165ahujete biliardov\u00e9 stoly ?<\/li>\n<li>Ak patr\u00edte do tejto skupiny obchodn\u00edkov pon\u00fakame v\u00e1m obojstranne v\u00fdhodn\u00fa , seri\u00f3znu a dlhodob\u00fa spolupr\u00e1cu a na po\u017eiadanie v\u00e1m po\u0161leme na\u0161e \u00a0ve\u013ekoobchodn\u00e9 dod\u00e1vate\u013esk\u00e9 cenn\u00edky na v\u0161etok pon\u00fakan\u00fd sortiment .<\/li>\n<li>P\u00fdtajte sa na va\u0161e ceny na info@billiard-pro.cz<\/li>\n<\/ul>\n<p><strong>8. Poradensk\u00fd servis a sie\u0165 servisn\u00fdch technikov v celej \u010cR a SR<\/strong><\/p>\n<ul>\n<li>Odovzd\u00e1me v\u00e1m zadarmo na\u0161e dlhoro\u010dn\u00e9 sk\u00fasenosti s pon\u00fakan\u00fdmi v\u00fdrobkami .<\/li>\n<li>P\u00fdtajte sa n\u00e1s na \u010doko\u013evek \u010do v\u00e1s zauj\u00edma k pon\u00fakan\u00e9mu sortimentu na on line chat web , E &#8211; maili alebo telefonicky denne 7 dn\u00ed v t\u00fd\u017edni od 9 do 22 hod\u00edn .<\/li>\n<li>Porad\u00edme V\u00e1m s v\u00fdberom tovaru alebo s in\u0161tal\u00e1ciou s\u00fakna .<\/li>\n<li>Odporu\u010d\u00edme v\u00e1m odborn\u00edkov, ktor\u00ed s\u00fa \u00a0profesion\u00e1lmi v po\u0165ahovan\u00ed stolov nov\u00fdm s\u00faknom a \u00a0ktor\u00ed k v\u00e1m pr\u00eddu a pom\u00f4\u017eu s v\u00fdmenou s\u00fakna , v\u00fdmenou mantinelov alebo mont\u00e1\u017eou stolov .<\/li>\n<\/ul>\n<p><strong>\u00a0<\/strong><\/p>\n","protected":false},"excerpt":{"rendered":"<p>8 d\u00f4vodov pre\u010do nakupova\u0165 u n\u00e1s : 1. Certifik\u00e1t D\u00f4veryhodn\u00e1 firma a Certifik\u00e1t Heureka Ov\u011b\u0159eno z\u00e1kazn\u00edky Na\u0161a spolo\u010dnos\u0165 je dr\u017eite\u013eom Certifik\u00e1tu D\u00f4veryhodn\u00e1 Firma a tie\u017e dr\u017eite\u013eom Certifik\u00e1tu Heureka Ov\u011b\u0159eno z\u00e1kazn\u00edky. Certifik\u00e1ty su priznan\u00e9 spolo\u010dnostiam, ktor\u00e9 sa m\u00f4\u017eu pochv\u00e1li\u0165 t\u00fdm, \u017ee nemaj\u00fa negat\u00edvne ohlasy od svojich klientov a obchodn\u00fdch partnerov. Proces certifik\u00e1cie je zalo\u017een\u00fd na modernej [&hellip;]<\/p>\n","protected":false},"author":2,"featured_media":0,"parent":3168,"menu_order":0,"comment_status":"closed","ping_status":"closed","template":"","meta":{"footnotes":""},"class_list":["post-3171","page","type-page","status-publish","hentry"],"_links":{"self":[{"href":"https:\/\/www.billiard-pro.cz\/sk\/wp-json\/wp\/v2\/pages\/3171","targetHints":{"allow":["GET"]}}],"collection":[{"href":"https:\/\/www.billiard-pro.cz\/sk\/wp-json\/wp\/v2\/pages"}],"about":[{"href":"https:\/\/www.billiard-pro.cz\/sk\/wp-json\/wp\/v2\/types\/page"}],"author":[{"embeddable":true,"href":"https:\/\/www.billiard-pro.cz\/sk\/wp-json\/wp\/v2\/users\/2"}],"replies":[{"embeddable":true,"href":"https:\/\/www.billiard-pro.cz\/sk\/wp-json\/wp\/v2\/comments?post=3171"}],"version-history":[{"count":0,"href":"https:\/\/www.billiard-pro.cz\/sk\/wp-json\/wp\/v2\/pages\/3171\/revisions"}],"up":[{"embeddable":true,"href":"https:\/\/www.billiard-pro.cz\/sk\/wp-json\/wp\/v2\/pages\/3168"}],"wp:attachment":[{"href":"https:\/\/www.billiard-pro.cz\/sk\/wp-json\/wp\/v2\/media?parent=3171"}],"curies":[{"name":"wp","href":"https:\/\/api.w.org\/{rel}","templated":true}]}}