{"id":3183,"date":"2014-12-16T14:27:29","date_gmt":"2014-12-16T13:27:29","guid":{"rendered":"http:\/\/localhost\/iwansimonis\/certifikat-doveryhodna-firma\/"},"modified":"2018-04-11T16:38:22","modified_gmt":"2018-04-11T14:38:22","slug":"certifikaty-a-ocenenia","status":"publish","type":"page","link":"https:\/\/www.billiard-pro.cz\/sk\/o-nas-2\/certifikaty-a-ocenenia\/","title":{"rendered":"Certifik\u00e1ty a ocenenia"},"content":{"rendered":"<p><strong>1. Certifik\u00e1t D\u00f4veryhodn\u00e1 firma<\/strong><\/p>\n<p>Na\u0161a spolo\u010dnos\u0165 je dr\u017eite\u013eom Certifik\u00e1tu D\u00f4veryhodn\u00e1 Firma u\u017e od roku 2013.<\/p>\n<p>Certifik\u00e1t D\u00f4veryhodn\u00e1 Firma je priznan\u00fd spolo\u010dnostiam, ktor\u00e9 sa m\u00f4\u017eu pochv\u00e1li\u0165 t\u00fdm, \u017ee nemaj\u00fa negat\u00edvne ohlasy od svojich klientov a obchodn\u00fdch partnerov. Proces certifik\u00e1cie je zalo\u017een\u00fd na modernej met\u00f3de, ktor\u00e1 umo\u017e\u0148uje definova\u0165 tzv. Ukazovate\u013e n\u00e1zorov pomocou inovat\u00edvnych informa\u010dn\u00fdch technol\u00f3gi\u00ed.<\/p>\n<p>&nbsp;<\/p>\n<p><img loading=\"lazy\" decoding=\"async\" class=\"size-full wp-image-3015 alignleft\" src=\"https:\/\/www.billiard-pro.cz\/wp-content\/uploads\/2014\/12\/footer-kredo.png\" alt=\"footer-kredo\" width=\"258\" height=\"134\" data-id=\"3015\" srcset=\"https:\/\/www.billiard-pro.cz\/wp-content\/uploads\/2014\/12\/footer-kredo.png 258w, https:\/\/www.billiard-pro.cz\/wp-content\/uploads\/2014\/12\/footer-kredo-148x76.png 148w, https:\/\/www.billiard-pro.cz\/wp-content\/uploads\/2014\/12\/footer-kredo-31x16.png 31w, https:\/\/www.billiard-pro.cz\/wp-content\/uploads\/2014\/12\/footer-kredo-38x19.png 38w\" sizes=\"auto, (max-width: 258px) 100vw, 258px\" \/><\/p>\n<p><img loading=\"lazy\" decoding=\"async\" class=\"aligncenter size-medium wp-image-2866\" src=\"https:\/\/www.billiard-pro.cz\/wp-content\/uploads\/2014\/12\/cert01-212x300.jpg\" alt=\"cert01\" width=\"212\" height=\"300\" data-id=\"2866\" srcset=\"https:\/\/www.billiard-pro.cz\/wp-content\/uploads\/2014\/12\/cert01-212x300.jpg 212w, https:\/\/www.billiard-pro.cz\/wp-content\/uploads\/2014\/12\/cert01-300x424.jpg 300w, https:\/\/www.billiard-pro.cz\/wp-content\/uploads\/2014\/12\/cert01-104x148.jpg 104w, https:\/\/www.billiard-pro.cz\/wp-content\/uploads\/2014\/12\/cert01-21x31.jpg 21w, https:\/\/www.billiard-pro.cz\/wp-content\/uploads\/2014\/12\/cert01-26x38.jpg 26w, https:\/\/www.billiard-pro.cz\/wp-content\/uploads\/2014\/12\/cert01-152x215.jpg 152w, https:\/\/www.billiard-pro.cz\/wp-content\/uploads\/2014\/12\/cert01.jpg 453w\" sizes=\"auto, (max-width: 212px) 100vw, 212px\" \/><\/p>\n<p><strong>Heur\u00e9ka certifik\u00e1t \u201eOv\u011b\u0159eno z\u00e1kazn\u00edky\u201c<\/strong><\/p>\n<p><img decoding=\"async\" src=\"https:\/\/im9.cz\/cb\/39904-11.png\" alt=\"Heur\u00e9ka - ov\u011b\u0159eno z\u00e1kazn\u00edky\" \/><\/p>\n","protected":false},"excerpt":{"rendered":"<p>1. Certifik\u00e1t D\u00f4veryhodn\u00e1 firma Na\u0161a spolo\u010dnos\u0165 je dr\u017eite\u013eom Certifik\u00e1tu D\u00f4veryhodn\u00e1 Firma u\u017e od roku 2013. Certifik\u00e1t D\u00f4veryhodn\u00e1 Firma je priznan\u00fd spolo\u010dnostiam, ktor\u00e9 sa m\u00f4\u017eu pochv\u00e1li\u0165 t\u00fdm, \u017ee nemaj\u00fa negat\u00edvne ohlasy od svojich klientov a obchodn\u00fdch partnerov. Proces certifik\u00e1cie je zalo\u017een\u00fd na modernej met\u00f3de, ktor\u00e1 umo\u017e\u0148uje definova\u0165 tzv. Ukazovate\u013e n\u00e1zorov pomocou inovat\u00edvnych informa\u010dn\u00fdch technol\u00f3gi\u00ed. &nbsp; Heur\u00e9ka [&hellip;]<\/p>\n","protected":false},"author":2,"featured_media":0,"parent":3168,"menu_order":0,"comment_status":"closed","ping_status":"closed","template":"","meta":{"footnotes":""},"class_list":["post-3183","page","type-page","status-publish","hentry"],"_links":{"self":[{"href":"https:\/\/www.billiard-pro.cz\/sk\/wp-json\/wp\/v2\/pages\/3183","targetHints":{"allow":["GET"]}}],"collection":[{"href":"https:\/\/www.billiard-pro.cz\/sk\/wp-json\/wp\/v2\/pages"}],"about":[{"href":"https:\/\/www.billiard-pro.cz\/sk\/wp-json\/wp\/v2\/types\/page"}],"author":[{"embeddable":true,"href":"https:\/\/www.billiard-pro.cz\/sk\/wp-json\/wp\/v2\/users\/2"}],"replies":[{"embeddable":true,"href":"https:\/\/www.billiard-pro.cz\/sk\/wp-json\/wp\/v2\/comments?post=3183"}],"version-history":[{"count":0,"href":"https:\/\/www.billiard-pro.cz\/sk\/wp-json\/wp\/v2\/pages\/3183\/revisions"}],"up":[{"embeddable":true,"href":"https:\/\/www.billiard-pro.cz\/sk\/wp-json\/wp\/v2\/pages\/3168"}],"wp:attachment":[{"href":"https:\/\/www.billiard-pro.cz\/sk\/wp-json\/wp\/v2\/media?parent=3183"}],"curies":[{"name":"wp","href":"https:\/\/api.w.org\/{rel}","templated":true}]}}