{"id":3786,"date":"2015-03-29T06:56:02","date_gmt":"2015-03-29T04:56:02","guid":{"rendered":"http:\/\/localhost\/iwansimonis\/cart-2\/"},"modified":"2026-02-14T11:47:57","modified_gmt":"2026-02-14T10:47:57","slug":"cart-2","status":"publish","type":"page","link":"https:\/\/www.billiard-pro.cz\/sk\/cart-2\/","title":{"rendered":"Ko\u0161\u00edk"},"content":{"rendered":"<p><span style=\"color: #ff0000;\"><strong><span class=\"VIiyi\" lang=\"sk\"><span class=\"JLqJ4b ChMk0b\" data-language-for-alternatives=\"sk\" data-language-to-translate-into=\"cs\" data-phrase-index=\"14\">Predaj\u0148a<\/span> <span class=\"JLqJ4b ChMk0b\" data-language-for-alternatives=\"sk\" data-language-to-translate-into=\"cs\" data-phrase-index=\"15\">biliardov\u00fdch<\/span> <span class=\"JLqJ4b ChMk0b\" data-language-for-alternatives=\"sk\" data-language-to-translate-into=\"cs\" data-phrase-index=\"16\">potrieb<\/span> <span class=\"JLqJ4b ChMk0b\" data-language-for-alternatives=\"sk\" data-language-to-translate-into=\"cs\" data-phrase-index=\"17\">v<\/span> <span class=\"JLqJ4b ChMk0b\" data-language-for-alternatives=\"sk\" data-language-to-translate-into=\"cs\" data-phrase-index=\"18\">Biliard<\/span> <span class=\"JLqJ4b ChMk0b\" data-language-for-alternatives=\"sk\" data-language-to-translate-into=\"cs\" data-phrase-index=\"19\">club<\/span> <span class=\"JLqJ4b ChMk0b\" data-language-for-alternatives=\"sk\" data-language-to-translate-into=\"cs\" data-phrase-index=\"20\">\u0158ipsk\u00e1<\/span> Praha je <span class=\"JLqJ4b ChMk0b\" data-language-for-alternatives=\"sk\" data-language-to-translate-into=\"cs\" data-phrase-index=\"21\">v<\/span> <span class=\"JLqJ4b ChMk0b\" data-language-for-alternatives=\"sk\" data-language-to-translate-into=\"cs\" data-phrase-index=\"22\">prev\u00e1dzke nepretr\u017eite<\/span> <span class=\"JLqJ4b ChMk0b\" data-language-for-alternatives=\"sk\" data-language-to-translate-into=\"cs\" data-phrase-index=\"23\">7<\/span> <span class=\"JLqJ4b ChMk0b\" data-language-for-alternatives=\"sk\" data-language-to-translate-into=\"cs\" data-phrase-index=\"24\">dn\u00ed v<\/span> <span class=\"JLqJ4b ChMk0b\" data-language-for-alternatives=\"sk\" data-language-to-translate-into=\"cs\" data-phrase-index=\"25\">t\u00fd\u017edni<\/span> <span class=\"JLqJ4b ChMk0b\" data-language-for-alternatives=\"sk\" data-language-to-translate-into=\"cs\" data-phrase-index=\"26\">v\u017edy<\/span> <span class=\"JLqJ4b ChMk0b\" data-language-for-alternatives=\"sk\" data-language-to-translate-into=\"cs\" data-phrase-index=\"27\">od<\/span> <span class=\"JLqJ4b ChMk0b\" data-language-for-alternatives=\"sk\" data-language-to-translate-into=\"cs\" data-phrase-index=\"28\">13<\/span> <span class=\"JLqJ4b ChMk0b\" data-language-for-alternatives=\"sk\" data-language-to-translate-into=\"cs\" data-phrase-index=\"29\">do<\/span> <span class=\"JLqJ4b ChMk0b\" data-language-for-alternatives=\"sk\" data-language-to-translate-into=\"cs\" data-phrase-index=\"30\">23<\/span> <span class=\"JLqJ4b ChMk0b\" data-language-for-alternatives=\"sk\" data-language-to-translate-into=\"cs\" data-phrase-index=\"31\">hod\u00edn<\/span><\/span>\u00a0<\/strong><\/span><\/p>\n<p>&nbsp;<\/p>\n\n","protected":false},"excerpt":{"rendered":"<p>Predaj\u0148a biliardov\u00fdch potrieb v Biliard club \u0158ipsk\u00e1 Praha je v prev\u00e1dzke nepretr\u017eite 7 dn\u00ed v t\u00fd\u017edni v\u017edy od 13 do 23 hod\u00edn\u00a0 &nbsp;<\/p>\n","protected":false},"author":2,"featured_media":0,"parent":0,"menu_order":0,"comment_status":"closed","ping_status":"open","template":"","meta":{"footnotes":""},"class_list":["post-3786","page","type-page","status-publish","hentry"],"_links":{"self":[{"href":"https:\/\/www.billiard-pro.cz\/sk\/wp-json\/wp\/v2\/pages\/3786","targetHints":{"allow":["GET"]}}],"collection":[{"href":"https:\/\/www.billiard-pro.cz\/sk\/wp-json\/wp\/v2\/pages"}],"about":[{"href":"https:\/\/www.billiard-pro.cz\/sk\/wp-json\/wp\/v2\/types\/page"}],"author":[{"embeddable":true,"href":"https:\/\/www.billiard-pro.cz\/sk\/wp-json\/wp\/v2\/users\/2"}],"replies":[{"embeddable":true,"href":"https:\/\/www.billiard-pro.cz\/sk\/wp-json\/wp\/v2\/comments?post=3786"}],"version-history":[{"count":5,"href":"https:\/\/www.billiard-pro.cz\/sk\/wp-json\/wp\/v2\/pages\/3786\/revisions"}],"predecessor-version":[{"id":17644,"href":"https:\/\/www.billiard-pro.cz\/sk\/wp-json\/wp\/v2\/pages\/3786\/revisions\/17644"}],"wp:attachment":[{"href":"https:\/\/www.billiard-pro.cz\/sk\/wp-json\/wp\/v2\/media?parent=3786"}],"curies":[{"name":"wp","href":"https:\/\/api.w.org\/{rel}","templated":true}]}}