{"id":10290,"date":"2017-02-28T15:10:37","date_gmt":"2017-02-28T14:10:37","guid":{"rendered":"https:\/\/www.billiard-pro.cz\/?post_type=product&#038;p=10290\/"},"modified":"2020-02-19T14:08:16","modified_gmt":"2020-02-19T13:08:16","slug":"biliardove-tago-karambolove-s-puzdrom-laperti-no-2","status":"publish","type":"product","link":"https:\/\/www.billiard-pro.cz\/sk\/obchod\/billiardove-potreby\/taga-sk\/taga-karambol-sk\/biliardove-tago-karambolove-s-puzdrom-laperti-no-2\/","title":{"rendered":"Biliardov\u00e9 t\u00e1go karambolov\u00e9 s puzdrom Laperti No: 2"},"content":{"rendered":"<p><strong>KARAMBOLOVE T\u00c1GO S KUFR\u00cdKOM LAPERTI No: 2<\/strong><\/p>\n<ul>\n<li>Elegantn\u00e9, nad\u010dasov\u00e9 a modern\u00e9 t\u00e1go<\/li>\n<li>V cene pevn\u00fd a odoln\u00fd kufr\u00edk na t\u00e1go zna\u010dky Laperti\u00a0v kr\u00e1snom dizajne<\/li>\n<li>Zdobenie elegantn\u00fdmi \u010diernymi geometrick\u00fdmi mot\u00edvmi<\/li>\n<li>Vr\u0161ok z v\u00fdberov\u00e9ho kanadsk\u00e9ho javora najvy\u0161\u0161ej kvality<\/li>\n<li>Kostice Buffalo-priemer 11,5 mm &#8211; 12 mm<\/li>\n<li>Ko\u017ea Le Professionel 11,5 mm &#8211; 12 mm<\/li>\n<li>V\u00e1ha t\u00e1ga 480 nebo 520 gr<\/li>\n<li>Nastavite\u013en\u00fd vyva\u017eovac\u00ed syst\u00e9m<\/li>\n<li>Z\u00e1vit dreven\u00fd<\/li>\n<li>Z\u00e1slepka gumov\u00e1<\/li>\n<li>D\u013a\u017eka t\u00e1ga 145 cm\/shaft 68,5 cm<\/li>\n<\/ul>\n<p><strong>V\u00fdrobce:<\/strong> Laperti\/import Buffalo Joba Leisure S.A.<\/p>\n<p><strong>Dostupnost: <\/strong>skladom<\/p>\n","protected":false},"excerpt":{"rendered":"<p>KARAMBOLOVE T\u00c1GO S KUFR\u00cdKOM LAPERTI No: 2 Elegantn\u00e9, nad\u010dasov\u00e9 a modern\u00e9 t\u00e1go V cene pevn\u00fd a odoln\u00fd kufr\u00edk na t\u00e1go zna\u010dky Laperti\u00a0v kr\u00e1snom dizajne Zdobenie elegantn\u00fdmi \u010diernymi geometrick\u00fdmi mot\u00edvmi Vr\u0161ok z v\u00fdberov\u00e9ho kanadsk\u00e9ho javora najvy\u0161\u0161ej kvality Kostice Buffalo-priemer 11,5 mm &#8211; 12 mm Ko\u017ea Le Professionel 11,5 mm &#8211; 12 mm V\u00e1ha t\u00e1ga 480 nebo [&hellip;]<\/p>\n","protected":false},"featured_media":10280,"comment_status":"closed","ping_status":"closed","template":"","meta":[],"product_brand":[],"product_cat":[253,333],"product_tag":[],"class_list":{"0":"post-10290","1":"product","2":"type-product","3":"status-publish","4":"has-post-thumbnail","6":"product_cat-taga-sk","7":"product_cat-taga-karambol-sk","9":"first","10":"instock","11":"shipping-taxable","12":"purchasable","13":"product-type-simple"},"_links":{"self":[{"href":"https:\/\/www.billiard-pro.cz\/sk\/wp-json\/wp\/v2\/product\/10290","targetHints":{"allow":["GET"]}}],"collection":[{"href":"https:\/\/www.billiard-pro.cz\/sk\/wp-json\/wp\/v2\/product"}],"about":[{"href":"https:\/\/www.billiard-pro.cz\/sk\/wp-json\/wp\/v2\/types\/product"}],"replies":[{"embeddable":true,"href":"https:\/\/www.billiard-pro.cz\/sk\/wp-json\/wp\/v2\/comments?post=10290"}],"wp:featuredmedia":[{"embeddable":true,"href":"https:\/\/www.billiard-pro.cz\/sk\/wp-json\/wp\/v2\/media\/10280"}],"wp:attachment":[{"href":"https:\/\/www.billiard-pro.cz\/sk\/wp-json\/wp\/v2\/media?parent=10290"}],"wp:term":[{"taxonomy":"product_brand","embeddable":true,"href":"https:\/\/www.billiard-pro.cz\/sk\/wp-json\/wp\/v2\/product_brand?post=10290"},{"taxonomy":"product_cat","embeddable":true,"href":"https:\/\/www.billiard-pro.cz\/sk\/wp-json\/wp\/v2\/product_cat?post=10290"},{"taxonomy":"product_tag","embeddable":true,"href":"https:\/\/www.billiard-pro.cz\/sk\/wp-json\/wp\/v2\/product_tag?post=10290"}],"curies":[{"name":"wp","href":"https:\/\/api.w.org\/{rel}","templated":true}]}}