{"id":10447,"date":"2017-05-12T12:35:09","date_gmt":"2017-05-12T10:35:09","guid":{"rendered":"https:\/\/www.billiard-pro.cz\/?post_type=product&#038;p=10447\/"},"modified":"2017-05-12T12:39:20","modified_gmt":"2017-05-12T10:39:20","slug":"puzdro-na-tago-classic-style-sy-3-2b-2s-obal-ciernomodry-85-cm","status":"publish","type":"product","link":"https:\/\/www.billiard-pro.cz\/sk\/obchod\/billiardove-potreby\/puzdra-a-kufriky-na-taga\/puzdro-na-tago-classic-style-sy-3-2b-2s-obal-ciernomodry-85-cm\/","title":{"rendered":"Puzdro na t\u00e1go Classic Style SY-3- 2B-2S &#8211; obal \u010diernomodr\u00fd -85 cm"},"content":{"rendered":"<p><b>CLASSIC STYLE SY-3 BLUE -PUZDRO NA T\u00c1GO -85 CM\u00a0<\/b><\/p>\n<ul>\n<li>Ve\u013emi kvalitn\u00e9 remesln\u011b zpracovan\u00e9 pevn\u00e9 puzdro na tago<\/li>\n<li><strong>Pojme 2 spodky\/ 2 vr\u0161ky<\/strong><\/li>\n<li>1 XXL bo\u010dn\u00e1 kapsy na kriedu a p\u0159\u00edslu\u0161enstvo vr\u00e1tane jump spodka<\/li>\n<li>Polstrovan\u00e9 puzdro\u00a0\u00a0s pod\u0161\u00edvkou<\/li>\n<li>Uzatv\u00e1rate\u013en\u00e9 na zips<\/li>\n<li>Adaptabiln\u00fd ramenn\u00fd popruh<\/li>\n<li>Poskytuje dobr\u00fa ochranu t\u00e1ga pool alebo pyramid<\/li>\n<li>Dobr\u00fd pomer kvality a ceny<\/li>\n<\/ul>\n<p><strong>Materi\u00e1l:<\/strong>\u00a0pr\u00edrodn\u00fd materi\u00e1l, \u00a0vn\u00fatri vystlan\u00e9 pod\u0161\u00edvkou<\/p>\n<p><strong>V\u00fdrobca:<\/strong>\u00a0Classic Billiard<\/p>\n<p><strong>Dostupnos\u0165 tovaru:<\/strong>\u00a0skladom<\/p>\n","protected":false},"excerpt":{"rendered":"<p>CLASSIC STYLE SY-3 BLUE -PUZDRO NA T\u00c1GO -85 CM\u00a0 Ve\u013emi kvalitn\u00e9 remesln\u011b zpracovan\u00e9 pevn\u00e9 puzdro na tago Pojme 2 spodky\/ 2 vr\u0161ky 1 XXL bo\u010dn\u00e1 kapsy na kriedu a p\u0159\u00edslu\u0161enstvo vr\u00e1tane jump spodka Polstrovan\u00e9 puzdro\u00a0\u00a0s pod\u0161\u00edvkou Uzatv\u00e1rate\u013en\u00e9 na zips Adaptabiln\u00fd ramenn\u00fd popruh Poskytuje dobr\u00fa ochranu t\u00e1ga pool alebo pyramid Dobr\u00fd pomer kvality a ceny Materi\u00e1l:\u00a0pr\u00edrodn\u00fd [&hellip;]<\/p>\n","protected":false},"featured_media":10446,"comment_status":"closed","ping_status":"closed","template":"","meta":[],"product_brand":[],"product_cat":[251,275],"product_tag":[],"class_list":{"0":"post-10447","1":"product","2":"type-product","3":"status-publish","4":"has-post-thumbnail","6":"product_cat-billiardove-potreby","7":"product_cat-puzdra-a-kufriky-na-taga","9":"first","10":"instock","11":"shipping-taxable","12":"purchasable","13":"product-type-simple"},"_links":{"self":[{"href":"https:\/\/www.billiard-pro.cz\/sk\/wp-json\/wp\/v2\/product\/10447","targetHints":{"allow":["GET"]}}],"collection":[{"href":"https:\/\/www.billiard-pro.cz\/sk\/wp-json\/wp\/v2\/product"}],"about":[{"href":"https:\/\/www.billiard-pro.cz\/sk\/wp-json\/wp\/v2\/types\/product"}],"replies":[{"embeddable":true,"href":"https:\/\/www.billiard-pro.cz\/sk\/wp-json\/wp\/v2\/comments?post=10447"}],"wp:featuredmedia":[{"embeddable":true,"href":"https:\/\/www.billiard-pro.cz\/sk\/wp-json\/wp\/v2\/media\/10446"}],"wp:attachment":[{"href":"https:\/\/www.billiard-pro.cz\/sk\/wp-json\/wp\/v2\/media?parent=10447"}],"wp:term":[{"taxonomy":"product_brand","embeddable":true,"href":"https:\/\/www.billiard-pro.cz\/sk\/wp-json\/wp\/v2\/product_brand?post=10447"},{"taxonomy":"product_cat","embeddable":true,"href":"https:\/\/www.billiard-pro.cz\/sk\/wp-json\/wp\/v2\/product_cat?post=10447"},{"taxonomy":"product_tag","embeddable":true,"href":"https:\/\/www.billiard-pro.cz\/sk\/wp-json\/wp\/v2\/product_tag?post=10447"}],"curies":[{"name":"wp","href":"https:\/\/api.w.org\/{rel}","templated":true}]}}