{"id":10871,"date":"2017-08-28T11:34:43","date_gmt":"2017-08-28T09:34:43","guid":{"rendered":"https:\/\/www.billiard-pro.cz\/?post_type=product&#038;p=10871\/"},"modified":"2019-11-18T21:58:07","modified_gmt":"2019-11-18T20:58:07","slug":"kufrik-buffalo-pevny-na-34-snookerove-tago","status":"publish","type":"product","link":"https:\/\/www.billiard-pro.cz\/sk\/obchod\/billiardove-potreby\/puzdra-a-kufriky-na-taga\/kufrik-buffalo-pevny-na-34-snookerove-tago\/","title":{"rendered":"Kufr\u00edk Buffalo pevn\u00fd na 3\/4 snookerov\u00e9 t\u00e1go"},"content":{"rendered":"<p><strong>Kufr\u00edk Buffalo pevn\u00fd na snookerov\u00e9 t\u00e1go 3 Sec. 3\/4<img decoding=\"async\" class=\"alignright\" src=\"http:\/\/www.buffalo.nl\/media\/brands\/buffalo.png\" alt=\"buffalo\" \/><\/strong><\/p>\n<ul>\n<li>Kufr\u00edk pevn\u00fd na t\u00e1go<\/li>\n<li><strong>Pojme 3\/4 snookerov\u00e9 t\u00e1go + extender + mini butt<\/strong><\/li>\n<li>Polstrovan\u00e9 s pls\u0165ou vn\u00fatri priestor pre pr\u00edslu\u0161enstvo, kriedy atd.<\/li>\n<li>Dobr\u00fd pomer kvality a ceny<\/li>\n<li>Pevn\u00e1 proti\u0161mykov\u00e1 rukov\u00e4\u0165<\/li>\n<li>Oddelen\u00fd priestor pre jednotliv\u00e9 \u010dasti t\u00e1ga<\/li>\n<li>4 integrovan\u00e9 z\u00e1mky a elegantn\u00e9 dr\u017eadlo<\/li>\n<li>Dobr\u00e1 ochrana t\u00e1ga<\/li>\n<li>Kufr\u00edk neobsahuje t\u00e1go, obr\u00e1zok je ilustra\u010dn\u00fd<\/li>\n<li>Dl\u017eka 120 cm<\/li>\n<\/ul>\n<p><strong>Materi\u00e1l<\/strong>: syntetick\u00e1 ko\u017ee, vn\u00fatro polstrovan\u00fd pls\u0165ou<\/p>\n<p><strong>V\u00fdrobca:<\/strong>\u00a0Buffalo, Holandsko<\/p>\n<p><strong>Dostupnos\u0165 tovaru:<\/strong>\u00a0skladom<\/p>\n","protected":false},"excerpt":{"rendered":"<p>Kufr\u00edk Buffalo pevn\u00fd na snookerov\u00e9 t\u00e1go 3 Sec. 3\/4 Kufr\u00edk pevn\u00fd na t\u00e1go Pojme 3\/4 snookerov\u00e9 t\u00e1go + extender + mini butt Polstrovan\u00e9 s pls\u0165ou vn\u00fatri priestor pre pr\u00edslu\u0161enstvo, kriedy atd. Dobr\u00fd pomer kvality a ceny Pevn\u00e1 proti\u0161mykov\u00e1 rukov\u00e4\u0165 Oddelen\u00fd priestor pre jednotliv\u00e9 \u010dasti t\u00e1ga 4 integrovan\u00e9 z\u00e1mky a elegantn\u00e9 dr\u017eadlo Dobr\u00e1 ochrana t\u00e1ga Kufr\u00edk [&hellip;]<\/p>\n","protected":false},"featured_media":10869,"comment_status":"closed","ping_status":"closed","template":"","meta":[],"product_brand":[],"product_cat":[251,275],"product_tag":[],"class_list":{"0":"post-10871","1":"product","2":"type-product","3":"status-publish","4":"has-post-thumbnail","6":"product_cat-billiardove-potreby","7":"product_cat-puzdra-a-kufriky-na-taga","9":"first","10":"instock","11":"shipping-taxable","12":"purchasable","13":"product-type-simple"},"_links":{"self":[{"href":"https:\/\/www.billiard-pro.cz\/sk\/wp-json\/wp\/v2\/product\/10871","targetHints":{"allow":["GET"]}}],"collection":[{"href":"https:\/\/www.billiard-pro.cz\/sk\/wp-json\/wp\/v2\/product"}],"about":[{"href":"https:\/\/www.billiard-pro.cz\/sk\/wp-json\/wp\/v2\/types\/product"}],"replies":[{"embeddable":true,"href":"https:\/\/www.billiard-pro.cz\/sk\/wp-json\/wp\/v2\/comments?post=10871"}],"wp:featuredmedia":[{"embeddable":true,"href":"https:\/\/www.billiard-pro.cz\/sk\/wp-json\/wp\/v2\/media\/10869"}],"wp:attachment":[{"href":"https:\/\/www.billiard-pro.cz\/sk\/wp-json\/wp\/v2\/media?parent=10871"}],"wp:term":[{"taxonomy":"product_brand","embeddable":true,"href":"https:\/\/www.billiard-pro.cz\/sk\/wp-json\/wp\/v2\/product_brand?post=10871"},{"taxonomy":"product_cat","embeddable":true,"href":"https:\/\/www.billiard-pro.cz\/sk\/wp-json\/wp\/v2\/product_cat?post=10871"},{"taxonomy":"product_tag","embeddable":true,"href":"https:\/\/www.billiard-pro.cz\/sk\/wp-json\/wp\/v2\/product_tag?post=10871"}],"curies":[{"name":"wp","href":"https:\/\/api.w.org\/{rel}","templated":true}]}}