{"id":10907,"date":"2017-08-31T15:06:40","date_gmt":"2017-08-31T13:06:40","guid":{"rendered":"https:\/\/www.billiard-pro.cz\/?post_type=product&#038;p=10907\/"},"modified":"2017-08-31T15:31:26","modified_gmt":"2017-08-31T13:31:26","slug":"biliardove-tago-classic-beginner-black-pool-dvoudilne","status":"publish","type":"product","link":"https:\/\/www.billiard-pro.cz\/sk\/obchod\/billiardove-potreby\/taga-sk\/taga-pool-sk\/biliardove-tago-classic-beginner-black-pool-dvoudilne\/","title":{"rendered":"Biliardov\u00e9 t\u00e1go Classic Beginner black pool- dvoud\u00edln\u00e9"},"content":{"rendered":"<p><strong>T\u00e1go pool Classic Beginner black dvoud\u00edln\u00e9\u00a0<img loading=\"lazy\" decoding=\"async\" class=\"size-full wp-image-10397 alignright\" src=\"https:\/\/www.billiard-pro.cz\/wp-content\/uploads\/2014\/05\/LogoClassic56cd91a75800657638fc15a215.jpg\" alt=\"\" width=\"100\" height=\"50\" \/><\/strong><\/p>\n<ul>\n<li>Pilotn\u00fd model rady dvojdielnych poolov\u00fdch t\u00e1g zna\u010dky Classic<\/li>\n<li>Robustn\u00e9 t\u00e1go vhodn\u00e9 najm\u00e4 pre\u00a0pr\u00edle\u017eitostn\u00fdch hr\u00e1\u010dov<\/li>\n<li>Vynikaj\u00faci pomer kvality a ceny<\/li>\n<li>Ve\u013emi sol\u00eddn\u00e9 t\u00e1go s dlhou \u017eivotnos\u0165ou za n\u00edzku cenu<\/li>\n<li>Vr\u0161ok vyroben\u00fd z v\u00fdberov\u00e9ho kanadskeho javora najvy\u0161\u0161ej kvality<\/li>\n<li>Kovov\u00fd z\u00e1vit 5\/16&#215;12<\/li>\n<li>Stabiln\u00e1 kost\u00edcia a lepen\u00e1 \u0161p\u00ed\u010dka 13 mm<\/li>\n<li>Irish Linen Grip &#8211; omot\u00e1vka\u00a0\u00edrsky \u013ean<\/li>\n<li>D\u013a\u017eka t\u00e1ga 148 cm<\/li>\n<li>Ozdobn\u00e9 prvky z vysoko le\u0161tenej nerezovej ocele<\/li>\n<li>My\u0161lienka &#8222;Dybior Classic&#8220; je pon\u00faknu\u0165 podnety v n\u00edzkej cenovej kateg\u00f3rii, ale st\u00e1le s pevn\u00fdm \u0161tandardom kvality<\/li>\n<li>Optimaliz\u00e1cia \u0161tandardu a kvality<\/li>\n<li>Vysk\u00fa\u0161an\u00e9 \u0161pi\u010dkov\u00fdmi hr\u00e1\u010dmi<\/li>\n<li>Z\u00e1ruka Dynamic Biliard<\/li>\n<\/ul>\n<p><strong>Materi\u00e1l:<\/strong>\u00a0moren\u00fd kanadsky \u00a0javor, vysoko le\u0161ten\u00e1 nerezov\u00e1 oce\u013e<\/p>\n<p><strong>V\u00fdrobca:<\/strong>\u00a0Classic Cues &#8211; import Dynamic-Billard, DE<\/p>\n<p><strong>Dostupnos\u0165 tovaru<\/strong>: skladom<\/p>\n","protected":false},"excerpt":{"rendered":"<p>T\u00e1go pool Classic Beginner black dvoud\u00edln\u00e9\u00a0 Pilotn\u00fd model rady dvojdielnych poolov\u00fdch t\u00e1g zna\u010dky Classic Robustn\u00e9 t\u00e1go vhodn\u00e9 najm\u00e4 pre\u00a0pr\u00edle\u017eitostn\u00fdch hr\u00e1\u010dov Vynikaj\u00faci pomer kvality a ceny Ve\u013emi sol\u00eddn\u00e9 t\u00e1go s dlhou \u017eivotnos\u0165ou za n\u00edzku cenu Vr\u0161ok vyroben\u00fd z v\u00fdberov\u00e9ho kanadskeho javora najvy\u0161\u0161ej kvality Kovov\u00fd z\u00e1vit 5\/16&#215;12 Stabiln\u00e1 kost\u00edcia a lepen\u00e1 \u0161p\u00ed\u010dka 13 mm Irish Linen Grip [&hellip;]<\/p>\n","protected":false},"featured_media":14031,"comment_status":"closed","ping_status":"closed","template":"","meta":[],"product_brand":[],"product_cat":[251,253,331],"product_tag":[],"class_list":{"0":"post-10907","1":"product","2":"type-product","3":"status-publish","4":"has-post-thumbnail","6":"product_cat-billiardove-potreby","7":"product_cat-taga-sk","8":"product_cat-taga-pool-sk","10":"first","11":"outofstock","12":"shipping-taxable","13":"purchasable","14":"product-type-simple"},"_links":{"self":[{"href":"https:\/\/www.billiard-pro.cz\/sk\/wp-json\/wp\/v2\/product\/10907","targetHints":{"allow":["GET"]}}],"collection":[{"href":"https:\/\/www.billiard-pro.cz\/sk\/wp-json\/wp\/v2\/product"}],"about":[{"href":"https:\/\/www.billiard-pro.cz\/sk\/wp-json\/wp\/v2\/types\/product"}],"replies":[{"embeddable":true,"href":"https:\/\/www.billiard-pro.cz\/sk\/wp-json\/wp\/v2\/comments?post=10907"}],"wp:featuredmedia":[{"embeddable":true,"href":"https:\/\/www.billiard-pro.cz\/sk\/wp-json\/wp\/v2\/media\/14031"}],"wp:attachment":[{"href":"https:\/\/www.billiard-pro.cz\/sk\/wp-json\/wp\/v2\/media?parent=10907"}],"wp:term":[{"taxonomy":"product_brand","embeddable":true,"href":"https:\/\/www.billiard-pro.cz\/sk\/wp-json\/wp\/v2\/product_brand?post=10907"},{"taxonomy":"product_cat","embeddable":true,"href":"https:\/\/www.billiard-pro.cz\/sk\/wp-json\/wp\/v2\/product_cat?post=10907"},{"taxonomy":"product_tag","embeddable":true,"href":"https:\/\/www.billiard-pro.cz\/sk\/wp-json\/wp\/v2\/product_tag?post=10907"}],"curies":[{"name":"wp","href":"https:\/\/api.w.org\/{rel}","templated":true}]}}