{"id":11370,"date":"2018-01-22T15:37:23","date_gmt":"2018-01-22T14:37:23","guid":{"rendered":"https:\/\/www.billiard-pro.cz\/?post_type=product&#038;p=11370"},"modified":"2018-01-22T15:50:26","modified_gmt":"2018-01-22T14:50:26","slug":"jim-rempe-treningova-poolova-biliardova-gula-572-mm","status":"publish","type":"product","link":"https:\/\/www.billiard-pro.cz\/sk\/obchod\/biliardove-gule-aramith\/pool-sk-3\/jim-rempe-treningova-poolova-biliardova-gula-572-mm\/","title":{"rendered":"Jim Rempe &#8211; Aramith tr\u00e9ningov\u00e1 poolov\u00e1 biliardov\u00e1 gu\u013ea 57,2 mm"},"content":{"rendered":"<p><strong>Jim Rempe &#8211; tr\u00e9ningov\u00e1 poolov\u00e1 biliardov\u00e1 gu\u013ea<img loading=\"lazy\" decoding=\"async\" class=\"size-full wp-image-3912 alignright\" src=\"https:\/\/www.billiard-pro.cz\/wp-content\/uploads\/2013\/09\/aramith-logo.jpg\" alt=\"\" width=\"112\" height=\"50\" \/><\/strong><\/p>\n<ul>\n<li>balen\u00e9 v prieh\u013eadnom obale (blistri)<\/li>\n<li>priemer gule 57,2 mm<\/li>\n<li>T\u00e1to tr\u00e9ningov\u00e1 gu\u013ea m\u00e1 dve strany: Jednu pre za\u010diato\u010dn\u00edkov a jednu pre amat\u00e9rov<\/li>\n<li>Gu\u013ea umo\u017e\u0148uje n\u00e1cviku \u00faderu &#8211; \u0165ah\u00e1k, n\u00e1b\u011b\u017en\u00edk, maxim\u00e1lna \u013eav\u00e1 a prav\u00e1 falo\u0161<\/li>\n<li>N\u00e1cvik optimaliz\u00e1cia uhla odrazu gule<\/li>\n<li>S\u00fa\u010das\u0165ou balenia tejto tr\u00e9ningovej biliardov\u00e9 gule je 56 stranov\u00e1 bro\u017e\u00fara s grafick\u00fdmi n\u00e1kresmi a s uk\u00e1\u017ekami tr\u00e9ningov\u00fdch poz\u00edci\u00ed a popisom v angli\u010dtine, franc\u00faz\u0161tine a \u0161paniel\u010dine<\/li>\n<li>13 detailn\u00fdch n\u00e1kresov r\u00f4znych kombin\u00e1ci\u00ed<\/li>\n<li>Gu\u013ea je dokonal\u00fdm n\u00e1strojom pre zlep\u0161enie kvality va\u0161ej hry<\/li>\n<\/ul>\n<p><strong>Materi\u00e1l:<\/strong> fenolov\u00e1 \u017eivica<\/p>\n<p><strong>V\u00fdrobca:<\/strong> ARAMITH, Belgicko<\/p>\n<p><strong>Dostupnos\u0165:<\/strong> skladom<\/p>\n<p>Video v angli\u010dtine:<\/p>\n","protected":false},"excerpt":{"rendered":"<p>Jim Rempe &#8211; tr\u00e9ningov\u00e1 poolov\u00e1 biliardov\u00e1 gu\u013ea balen\u00e9 v prieh\u013eadnom obale (blistri) priemer gule 57,2 mm T\u00e1to tr\u00e9ningov\u00e1 gu\u013ea m\u00e1 dve strany: Jednu pre za\u010diato\u010dn\u00edkov a jednu pre amat\u00e9rov Gu\u013ea umo\u017e\u0148uje n\u00e1cviku \u00faderu &#8211; \u0165ah\u00e1k, n\u00e1b\u011b\u017en\u00edk, maxim\u00e1lna \u013eav\u00e1 a prav\u00e1 falo\u0161 N\u00e1cvik optimaliz\u00e1cia uhla odrazu gule S\u00fa\u010das\u0165ou balenia tejto tr\u00e9ningovej biliardov\u00e9 gule je 56 stranov\u00e1 [&hellip;]<\/p>\n","protected":false},"featured_media":11369,"comment_status":"closed","ping_status":"closed","template":"","meta":[],"product_brand":[],"product_cat":[277,390],"product_tag":[],"class_list":{"0":"post-11370","1":"product","2":"type-product","3":"status-publish","4":"has-post-thumbnail","6":"product_cat-biliardove-gule-aramith","7":"product_cat-pool-sk-3","9":"first","10":"instock","11":"shipping-taxable","12":"purchasable","13":"product-type-simple"},"_links":{"self":[{"href":"https:\/\/www.billiard-pro.cz\/sk\/wp-json\/wp\/v2\/product\/11370","targetHints":{"allow":["GET"]}}],"collection":[{"href":"https:\/\/www.billiard-pro.cz\/sk\/wp-json\/wp\/v2\/product"}],"about":[{"href":"https:\/\/www.billiard-pro.cz\/sk\/wp-json\/wp\/v2\/types\/product"}],"replies":[{"embeddable":true,"href":"https:\/\/www.billiard-pro.cz\/sk\/wp-json\/wp\/v2\/comments?post=11370"}],"wp:featuredmedia":[{"embeddable":true,"href":"https:\/\/www.billiard-pro.cz\/sk\/wp-json\/wp\/v2\/media\/11369"}],"wp:attachment":[{"href":"https:\/\/www.billiard-pro.cz\/sk\/wp-json\/wp\/v2\/media?parent=11370"}],"wp:term":[{"taxonomy":"product_brand","embeddable":true,"href":"https:\/\/www.billiard-pro.cz\/sk\/wp-json\/wp\/v2\/product_brand?post=11370"},{"taxonomy":"product_cat","embeddable":true,"href":"https:\/\/www.billiard-pro.cz\/sk\/wp-json\/wp\/v2\/product_cat?post=11370"},{"taxonomy":"product_tag","embeddable":true,"href":"https:\/\/www.billiard-pro.cz\/sk\/wp-json\/wp\/v2\/product_tag?post=11370"}],"curies":[{"name":"wp","href":"https:\/\/api.w.org\/{rel}","templated":true}]}}