{"id":11598,"date":"2018-02-28T14:24:20","date_gmt":"2018-02-28T13:24:20","guid":{"rendered":"https:\/\/www.billiard-pro.cz\/?post_type=product&#038;p=11598"},"modified":"2019-11-08T20:33:38","modified_gmt":"2019-11-08T19:33:38","slug":"lepidlo-na-billiardove-sukno-buffalo-500-ml","status":"publish","type":"product","link":"https:\/\/www.billiard-pro.cz\/sk\/obchod\/biliardova-sukna-simonis\/cistice-a-kartace-sk\/lepidlo-na-billiardove-sukno-buffalo-500-ml\/","title":{"rendered":"Lepidlo na billiardov\u00e9 s\u00fakno Buffalo 500 ml"},"content":{"rendered":"<p><strong>Lepidlo na s\u00fakno Buffalo 500 ml<img loading=\"lazy\" decoding=\"async\" class=\"size-full wp-image-4872 alignright\" src=\"https:\/\/www.billiard-pro.cz\/wp-content\/uploads\/2014\/06\/buffalo.png\" alt=\"\" width=\"66\" height=\"17\" \/><\/strong><\/p>\n<ul>\n<li>Jednoduch\u00e9 pou\u017eitie a rovnomern\u00e1 aplik\u00e1cia lepidla v\u010faka tryske<\/li>\n<li>Vhodn\u00e9 na v\u0161etky druhy suken na prilepenie na kamenn\u00fa dosku biliardov\u00fdch stolov<\/li>\n<li>Ve\u013emi siln\u00e9 a spo\u013eahliv\u00e9<\/li>\n<li>Kvalita zna\u010dky Buffalo<\/li>\n<li>Buffalo Spray Glue je ve\u013emi siln\u00e9 lepidlo pou\u017eite\u013en\u00e9 na mnoho materi\u00e1lov &#8211; plasty, text\u00edlie, biliardov\u00e9 s\u00fakno, papier, sklen\u00e9 vl\u00e1kno, sklo, drevo at\u010f.<\/li>\n<li>Nastavite\u013en\u00e1 tryska umo\u017e\u0148uje nastrieka\u0165 lepidlo na r\u00f4zne tvarovan\u00e9 povrchy &#8211; rovn\u00e9, ploch\u00e9 aj ov\u00e1lne<\/li>\n<li>Lepidlo neobsahuje \u0161kodliv\u00e9 l\u00e1tky po\u0161kodzuj\u00face zdravie napriek tomu odpor\u00fa\u010dame pracova\u0165 v dobre vetranom miestnosti<\/li>\n<li>Povrch ur\u010den\u00fd na lepenie mus\u00ed by\u0165 \u010dist\u00fd, such\u00fd, zbaven\u00fd ne\u010dist\u00f4t a mastnoty<\/li>\n<li>Zatrepte pred pou\u017eit\u00edm<\/li>\n<li>Aby lepidlo dobre dr\u017ealo, nastriekajte obe lepen\u00e9 strany (dosku aj s\u00fakno &#8211; POZOR na rub a l\u00edc &#8211; l\u00edc je ozna\u010den\u00fd znakom Simonis)<\/li>\n<li>Lepidlo nechajte mal\u00fa chv\u00ed\u013eku zaschn\u00fa\u0165 a potom pritla\u010dte k lepen\u00e9mu povrchu<\/li>\n<li>Doba schnutia je cca 2 min\u00faty v prostred\u00ed okolo 20 stup\u0148ov Celzia<\/li>\n<li>Po pou\u017eit\u00ed uschovajte zvy\u0161ok f\u013ea\u0161e na suchom a chladnom mieste<\/li>\n<li>Nevystavujte slnku ani teplote vy\u0161\u0161ej ako 27 stup\u0148ov<\/li>\n<\/ul>\n<p><strong>V\u00fdrobca:<\/strong> Buffalo, Holandsko<\/p>\n<p><strong>Dostupnos\u0165:<\/strong> skladom<\/p>\n","protected":false},"excerpt":{"rendered":"<p>Lepidlo na s\u00fakno Buffalo 500 ml Jednoduch\u00e9 pou\u017eitie a rovnomern\u00e1 aplik\u00e1cia lepidla v\u010faka tryske Vhodn\u00e9 na v\u0161etky druhy suken na prilepenie na kamenn\u00fa dosku biliardov\u00fdch stolov Ve\u013emi siln\u00e9 a spo\u013eahliv\u00e9 Kvalita zna\u010dky Buffalo Buffalo Spray Glue je ve\u013emi siln\u00e9 lepidlo pou\u017eite\u013en\u00e9 na mnoho materi\u00e1lov &#8211; plasty, text\u00edlie, biliardov\u00e9 s\u00fakno, papier, sklen\u00e9 vl\u00e1kno, sklo, drevo at\u010f. [&hellip;]<\/p>\n","protected":false},"featured_media":11602,"comment_status":"closed","ping_status":"closed","template":"","meta":[],"product_brand":[],"product_cat":[269,382],"product_tag":[],"class_list":{"0":"post-11598","1":"product","2":"type-product","3":"status-publish","4":"has-post-thumbnail","6":"product_cat-biliardova-sukna-simonis","7":"product_cat-cistice-a-kartace-sk","9":"first","10":"instock","11":"shipping-taxable","12":"purchasable","13":"product-type-simple"},"_links":{"self":[{"href":"https:\/\/www.billiard-pro.cz\/sk\/wp-json\/wp\/v2\/product\/11598","targetHints":{"allow":["GET"]}}],"collection":[{"href":"https:\/\/www.billiard-pro.cz\/sk\/wp-json\/wp\/v2\/product"}],"about":[{"href":"https:\/\/www.billiard-pro.cz\/sk\/wp-json\/wp\/v2\/types\/product"}],"replies":[{"embeddable":true,"href":"https:\/\/www.billiard-pro.cz\/sk\/wp-json\/wp\/v2\/comments?post=11598"}],"wp:featuredmedia":[{"embeddable":true,"href":"https:\/\/www.billiard-pro.cz\/sk\/wp-json\/wp\/v2\/media\/11602"}],"wp:attachment":[{"href":"https:\/\/www.billiard-pro.cz\/sk\/wp-json\/wp\/v2\/media?parent=11598"}],"wp:term":[{"taxonomy":"product_brand","embeddable":true,"href":"https:\/\/www.billiard-pro.cz\/sk\/wp-json\/wp\/v2\/product_brand?post=11598"},{"taxonomy":"product_cat","embeddable":true,"href":"https:\/\/www.billiard-pro.cz\/sk\/wp-json\/wp\/v2\/product_cat?post=11598"},{"taxonomy":"product_tag","embeddable":true,"href":"https:\/\/www.billiard-pro.cz\/sk\/wp-json\/wp\/v2\/product_tag?post=11598"}],"curies":[{"name":"wp","href":"https:\/\/api.w.org\/{rel}","templated":true}]}}