{"id":11912,"date":"2018-05-02T15:15:41","date_gmt":"2018-05-02T13:15:41","guid":{"rendered":"https:\/\/www.billiard-pro.cz\/?post_type=product&#038;p=11912"},"modified":"2019-01-02T09:33:30","modified_gmt":"2019-01-02T08:33:30","slug":"buffalo-drziak-na-4-taga-nastenny-ceresna","status":"publish","type":"product","link":"https:\/\/www.billiard-pro.cz\/sk\/obchod\/billiardove-potreby\/taga-prislusenstvo-2\/drziaky-na-taga\/buffalo-drziak-na-4-taga-nastenny-ceresna\/","title":{"rendered":"Buffalo dr\u017eiak na 4 t\u00e1ga n\u00e1stenn\u00fd \u010dere\u0161\u0148a"},"content":{"rendered":"<p><strong>Buffalo dr\u017eiak na 4 t\u00e1ga n\u00e1stenn\u00fd \u010dere\u0161\u0148a<\/strong><\/p>\n<ul>\n<li>Kvalitn\u00fd a pevn\u00fd n\u00e1stenn\u00fd dr\u017eiak na 4 t\u00e1ga<\/li>\n<li>Ide\u00e1lne rie\u0161enie do miestnost\u00ed s obmedzen\u00fdm priestorom<\/li>\n<li>Bezpe\u010dn\u00e9 skladovanie t\u00e1g na stojato<\/li>\n<\/ul>\n<p><strong>Materi\u00e1l:<\/strong> tvrd\u00e9 drevo<\/p>\n<p><strong>Farba:<\/strong>\u00a0\u010dere\u0161\u0148a<\/p>\n<p><strong>V\u00fdrobca:<\/strong> Buffalo, Holandsko<\/p>\n<p><strong>Dostupnos\u0165<\/strong>: skladom<\/p>\n","protected":false},"excerpt":{"rendered":"<p>Buffalo dr\u017eiak na 4 t\u00e1ga n\u00e1stenn\u00fd \u010dere\u0161\u0148a Kvalitn\u00fd a pevn\u00fd n\u00e1stenn\u00fd dr\u017eiak na 4 t\u00e1ga Ide\u00e1lne rie\u0161enie do miestnost\u00ed s obmedzen\u00fdm priestorom Bezpe\u010dn\u00e9 skladovanie t\u00e1g na stojato Materi\u00e1l: tvrd\u00e9 drevo Farba:\u00a0\u010dere\u0161\u0148a V\u00fdrobca: Buffalo, Holandsko Dostupnos\u0165: skladom<\/p>\n","protected":false},"featured_media":11911,"comment_status":"closed","ping_status":"closed","template":"","meta":[],"product_brand":[],"product_cat":[251,637,273],"product_tag":[],"class_list":{"0":"post-11912","1":"product","2":"type-product","3":"status-publish","4":"has-post-thumbnail","6":"product_cat-billiardove-potreby","7":"product_cat-drziaky-na-taga","8":"product_cat-taga-prislusenstvo-2","10":"first","11":"instock","12":"shipping-taxable","13":"purchasable","14":"product-type-simple"},"_links":{"self":[{"href":"https:\/\/www.billiard-pro.cz\/sk\/wp-json\/wp\/v2\/product\/11912","targetHints":{"allow":["GET"]}}],"collection":[{"href":"https:\/\/www.billiard-pro.cz\/sk\/wp-json\/wp\/v2\/product"}],"about":[{"href":"https:\/\/www.billiard-pro.cz\/sk\/wp-json\/wp\/v2\/types\/product"}],"replies":[{"embeddable":true,"href":"https:\/\/www.billiard-pro.cz\/sk\/wp-json\/wp\/v2\/comments?post=11912"}],"wp:featuredmedia":[{"embeddable":true,"href":"https:\/\/www.billiard-pro.cz\/sk\/wp-json\/wp\/v2\/media\/11911"}],"wp:attachment":[{"href":"https:\/\/www.billiard-pro.cz\/sk\/wp-json\/wp\/v2\/media?parent=11912"}],"wp:term":[{"taxonomy":"product_brand","embeddable":true,"href":"https:\/\/www.billiard-pro.cz\/sk\/wp-json\/wp\/v2\/product_brand?post=11912"},{"taxonomy":"product_cat","embeddable":true,"href":"https:\/\/www.billiard-pro.cz\/sk\/wp-json\/wp\/v2\/product_cat?post=11912"},{"taxonomy":"product_tag","embeddable":true,"href":"https:\/\/www.billiard-pro.cz\/sk\/wp-json\/wp\/v2\/product_tag?post=11912"}],"curies":[{"name":"wp","href":"https:\/\/api.w.org\/{rel}","templated":true}]}}