{"id":12039,"date":"2018-07-20T11:05:49","date_gmt":"2018-07-20T09:05:49","guid":{"rendered":"https:\/\/www.billiard-pro.cz\/?post_type=product&#038;p=12039"},"modified":"2020-01-31T16:06:36","modified_gmt":"2020-01-31T15:06:36","slug":"rukavicka-adam-pro-medium-black-na-lavu-ruku","status":"publish","type":"product","link":"https:\/\/www.billiard-pro.cz\/sk\/obchod\/billiardove-potreby\/rukavicky-gulecnikove\/rukavicka-adam-pro-medium-black-na-lavu-ruku\/","title":{"rendered":"Rukavi\u010dka Adam PRO Medium Black na \u013eav\u00fa ruku"},"content":{"rendered":"<p><strong>Rukavi\u010dka Adam PRO Medium Black na \u013eav\u00fa ruku<img loading=\"lazy\" decoding=\"async\" class=\"size-full wp-image-5360 alignright\" src=\"https:\/\/www.billiard-pro.cz\/wp-content\/uploads\/2015\/02\/adam.png\" alt=\"\" width=\"66\" height=\"16\" \/><\/strong><\/p>\n<ul>\n<li>Nov\u00e1 gener\u00e1cia rukavi\u010diek ADAM z materi\u00e1lu Lycra Spandex &#8211; \u0161portov\u00fd vzh\u013ead<\/li>\n<li>Dvojit\u00e9 pre\u0161itie zais\u0165uje pevnos\u0165 pri zachovan\u00ed pru\u017enosti a priedu\u0161nosti v\u010faka perfor\u00e1cii<\/li>\n<li>Profesion\u00e1lne rukavice v najlep\u0161ej kvalite a s dobrou pri\u013enavos\u0165ou na ruku<\/li>\n<li>Extr\u00e9mne elastick\u00e1 rukavice<\/li>\n<li>Adam Glove Pro (professional) rukavice je dokonal\u00fdm rie\u0161en\u00edm pre zlep\u0161enie presnosti hry a sily \u00faderu<\/li>\n<li>T\u00fdm, \u017ee zn\u00ed\u017ei trenie medzi rukou a t\u00e1gom, poskytuje Adam rukavice v\u00e4\u010d\u0161iu presnos\u0165<\/li>\n<li>Na strategick\u00fdch miestach s\u00fa umiestnen\u00e9 ko\u017een\u00e9 vsadky, pre lep\u0161iu kontrolu strku<\/li>\n<li>Extra perforovan\u00e9 otvory zabezpe\u010duj\u00fa lep\u0161ie priedu\u0161nos\u0165, ruka sa nepot\u00ed<\/li>\n<li>Rukavice ADAM s\u00fa vyroben\u00e9 v\u00fdhradne z materi\u00e1lu &#8222;lycra spandex&#8220; dod\u00e1vaj\u00faca pocit druhej ko\u017ee<\/li>\n<li>V\u010faka uz\u00e1veru na such\u00fd zips zost\u00e1va rukavice pevne na ruke a ne\u0161m\u00fdka<\/li>\n<\/ul>\n<p><strong>Farba:<\/strong> \u010dierna<\/p>\n<p><strong>Tvar:<\/strong> otvoren\u00e9 prsty<\/p>\n<p><strong>Zap\u00ednanie:<\/strong> such\u00fd zips<\/p>\n<p><strong>Ve\u013ekos\u0165:<\/strong> M (stredn\u00e1 ruka)<\/p>\n<p><strong>Materi\u00e1l:<\/strong> Lycra Spandex<\/p>\n<p><strong>V\u00fdrobca:<\/strong> ADAM<\/p>\n<p><strong>Dostupnos\u0165:<\/strong> skladom<\/p>\n","protected":false},"excerpt":{"rendered":"<p>Rukavi\u010dka Adam PRO Medium Black na \u013eav\u00fa ruku Nov\u00e1 gener\u00e1cia rukavi\u010diek ADAM z materi\u00e1lu Lycra Spandex &#8211; \u0161portov\u00fd vzh\u013ead Dvojit\u00e9 pre\u0161itie zais\u0165uje pevnos\u0165 pri zachovan\u00ed pru\u017enosti a priedu\u0161nosti v\u010faka perfor\u00e1cii Profesion\u00e1lne rukavice v najlep\u0161ej kvalite a s dobrou pri\u013enavos\u0165ou na ruku Extr\u00e9mne elastick\u00e1 rukavice Adam Glove Pro (professional) rukavice je dokonal\u00fdm rie\u0161en\u00edm pre zlep\u0161enie presnosti [&hellip;]<\/p>\n","protected":false},"featured_media":12088,"comment_status":"closed","ping_status":"closed","template":"","meta":[],"product_brand":[],"product_cat":[251,337],"product_tag":[],"class_list":{"0":"post-12039","1":"product","2":"type-product","3":"status-publish","4":"has-post-thumbnail","6":"product_cat-billiardove-potreby","7":"product_cat-rukavicky-gulecnikove","9":"first","10":"outofstock","11":"shipping-taxable","12":"purchasable","13":"product-type-simple"},"_links":{"self":[{"href":"https:\/\/www.billiard-pro.cz\/sk\/wp-json\/wp\/v2\/product\/12039","targetHints":{"allow":["GET"]}}],"collection":[{"href":"https:\/\/www.billiard-pro.cz\/sk\/wp-json\/wp\/v2\/product"}],"about":[{"href":"https:\/\/www.billiard-pro.cz\/sk\/wp-json\/wp\/v2\/types\/product"}],"replies":[{"embeddable":true,"href":"https:\/\/www.billiard-pro.cz\/sk\/wp-json\/wp\/v2\/comments?post=12039"}],"wp:featuredmedia":[{"embeddable":true,"href":"https:\/\/www.billiard-pro.cz\/sk\/wp-json\/wp\/v2\/media\/12088"}],"wp:attachment":[{"href":"https:\/\/www.billiard-pro.cz\/sk\/wp-json\/wp\/v2\/media?parent=12039"}],"wp:term":[{"taxonomy":"product_brand","embeddable":true,"href":"https:\/\/www.billiard-pro.cz\/sk\/wp-json\/wp\/v2\/product_brand?post=12039"},{"taxonomy":"product_cat","embeddable":true,"href":"https:\/\/www.billiard-pro.cz\/sk\/wp-json\/wp\/v2\/product_cat?post=12039"},{"taxonomy":"product_tag","embeddable":true,"href":"https:\/\/www.billiard-pro.cz\/sk\/wp-json\/wp\/v2\/product_tag?post=12039"}],"curies":[{"name":"wp","href":"https:\/\/api.w.org\/{rel}","templated":true}]}}