{"id":12168,"date":"2018-09-05T12:51:12","date_gmt":"2018-09-05T10:51:12","guid":{"rendered":"https:\/\/www.billiard-pro.cz\/?post_type=product&#038;p=12168"},"modified":"2020-01-24T19:10:17","modified_gmt":"2020-01-24T18:10:17","slug":"tubus-na-tago-classic-to11-8-1b-1s-puzdro-modrocierne","status":"publish","type":"product","link":"https:\/\/www.billiard-pro.cz\/sk\/obchod\/billiardove-potreby\/puzdra-a-kufriky-na-taga\/tubus-na-tago-classic-to11-8-1b-1s-puzdro-modrocierne\/","title":{"rendered":"Tubus na t\u00e1go Classic TO11-8, 1B-1S \u2013 puzdro modro\u010dierne"},"content":{"rendered":"<p><strong>Tubus na t\u00e1go Classic TO11-8, 1B-1S \u2013 puzdro\u00a0<\/strong><img decoding=\"async\" class=\"alignright\" src=\"https:\/\/www.billiard-pro.cz\/wp-content\/uploads\/2015\/05\/SetRatioSize10050-Dybior.jpg\" alt=\"SetRatioSize10050-Dybior\" \/><\/p>\n<ul>\n<li>Ve\u013emi pevn\u00e1 a kvalitn\u00e1 tuba v ov\u00e1lnom tvare<\/li>\n<li>Pojme 1 spodok a 1 vr\u0161ok<\/li>\n<li>Vrecko ve\u013ekosti XL pre kriedy a pr\u00edslu\u0161enstvo<\/li>\n<li>Polstrovan\u00e9 puzdro vn\u00fatri delen\u00e9<\/li>\n<li>Farebn\u00fd kontrast \u0161portov\u00e9ho\u00a0vzh\u013eadu<\/li>\n<li>Uzatv\u00e1rate\u013en\u00e9 na zips<\/li>\n<li>Nastavite\u013en\u00fd ramenn\u00fd popruh<\/li>\n<li>Poskytuje dobr\u00fa ochranu t\u00e1ga pool alebo pyram\u00edd<\/li>\n<li>Dobr\u00fd pomer kvality a ceny<\/li>\n<li>D\u013a\u017eka \u2013 85 cm<\/li>\n<\/ul>\n<p><strong>K dispoz\u00edcii k nahliadnutiu a priamemu n\u00e1kupu v na\u0161ej vzorkovni:<\/strong><\/p>\n<p>BC \u0158ipsk\u00e1, \u0158ipsk\u00e1 24, Praha 3<\/p>\n<p><strong>Materi\u00e1l:<\/strong>\u00a0syntetick\u00e1 ko\u017ea<\/p>\n<p><strong>V\u00fdrobca:<\/strong>\u00a0Classic Biliard<\/p>\n<p><strong>Dostupnost:\u00a0<\/strong>skladom<\/p>\n","protected":false},"excerpt":{"rendered":"<p>Tubus na t\u00e1go Classic TO11-8, 1B-1S \u2013 puzdro\u00a0 Ve\u013emi pevn\u00e1 a kvalitn\u00e1 tuba v ov\u00e1lnom tvare Pojme 1 spodok a 1 vr\u0161ok Vrecko ve\u013ekosti XL pre kriedy a pr\u00edslu\u0161enstvo Polstrovan\u00e9 puzdro vn\u00fatri delen\u00e9 Farebn\u00fd kontrast \u0161portov\u00e9ho\u00a0vzh\u013eadu Uzatv\u00e1rate\u013en\u00e9 na zips Nastavite\u013en\u00fd ramenn\u00fd popruh Poskytuje dobr\u00fa ochranu t\u00e1ga pool alebo pyram\u00edd Dobr\u00fd pomer kvality a ceny D\u013a\u017eka [&hellip;]<\/p>\n","protected":false},"featured_media":12154,"comment_status":"closed","ping_status":"closed","template":"","meta":[],"product_brand":[],"product_cat":[251,275],"product_tag":[],"class_list":{"0":"post-12168","1":"product","2":"type-product","3":"status-publish","4":"has-post-thumbnail","6":"product_cat-billiardove-potreby","7":"product_cat-puzdra-a-kufriky-na-taga","9":"first","10":"instock","11":"shipping-taxable","12":"purchasable","13":"product-type-simple"},"_links":{"self":[{"href":"https:\/\/www.billiard-pro.cz\/sk\/wp-json\/wp\/v2\/product\/12168","targetHints":{"allow":["GET"]}}],"collection":[{"href":"https:\/\/www.billiard-pro.cz\/sk\/wp-json\/wp\/v2\/product"}],"about":[{"href":"https:\/\/www.billiard-pro.cz\/sk\/wp-json\/wp\/v2\/types\/product"}],"replies":[{"embeddable":true,"href":"https:\/\/www.billiard-pro.cz\/sk\/wp-json\/wp\/v2\/comments?post=12168"}],"wp:featuredmedia":[{"embeddable":true,"href":"https:\/\/www.billiard-pro.cz\/sk\/wp-json\/wp\/v2\/media\/12154"}],"wp:attachment":[{"href":"https:\/\/www.billiard-pro.cz\/sk\/wp-json\/wp\/v2\/media?parent=12168"}],"wp:term":[{"taxonomy":"product_brand","embeddable":true,"href":"https:\/\/www.billiard-pro.cz\/sk\/wp-json\/wp\/v2\/product_brand?post=12168"},{"taxonomy":"product_cat","embeddable":true,"href":"https:\/\/www.billiard-pro.cz\/sk\/wp-json\/wp\/v2\/product_cat?post=12168"},{"taxonomy":"product_tag","embeddable":true,"href":"https:\/\/www.billiard-pro.cz\/sk\/wp-json\/wp\/v2\/product_tag?post=12168"}],"curies":[{"name":"wp","href":"https:\/\/api.w.org\/{rel}","templated":true}]}}