{"id":12293,"date":"2018-10-09T17:18:15","date_gmt":"2018-10-09T15:18:15","guid":{"rendered":"https:\/\/www.billiard-pro.cz\/?post_type=product&#038;p=12293"},"modified":"2018-10-09T17:24:31","modified_gmt":"2018-10-09T15:24:31","slug":"trojuholnik-pool-pro-rack-billiardove-gule-572-mm","status":"publish","type":"product","link":"https:\/\/www.billiard-pro.cz\/sk\/obchod\/billiardove-potreby\/taga-prislusenstvo-2\/trojuholniky-stavitka\/trojuholnik-pool-pro-rack-billiardove-gule-572-mm\/","title":{"rendered":"Trojuholn\u00edk pool PRO RACK &#8211; billiardov\u00e9 gule 57,2 mm"},"content":{"rendered":"<p><strong>Trojuholn\u00edk pool PRO RACK &#8211; billiardov\u00e9 gule 57,2 mm<\/strong><\/p>\n<ul>\n<li>Pre svoju tuhos\u0165 a pevnos\u0165 je medzi poolov\u00fdmi hr\u00e1\u010dmi ve\u013emi ob\u013e\u00faben\u00fd<\/li>\n<li>Trojuholn\u00edk je ve\u013emi presne kalibrovan\u00fd<\/li>\n<li>Trojuholn\u00edk k stavaniu 15 gu\u013e\u00ed na biliardov\u00fa hru pool biliard<\/li>\n<li>Vyroben\u00e9 z tvrd\u00e9ho \u010dierneho plastu pre gule s priemerom 57,2 mm<\/li>\n<li>Dobr\u00fd pomer kvality a ceny<\/li>\n<li>Vhodn\u00fd aj pre profi billiardov\u00fdch hr\u00e1\u010dov<\/li>\n<li>Do trojuholn\u00edka sa vlo\u017e\u00ed 15 poolov\u00fdch gu\u013e\u00ed s priemerom 57,2 mm<\/li>\n<li>Prv\u00e1 gu\u013ea v trojuholn\u00edku sa stavia na rozstrelovom bod<\/li>\n<li>Ide\u00e1lne postavenie gul\u00ed je tak\u00e9, kedy sa gu\u013ee navz\u00e1jom dot\u00fdkaj\u00fa<\/li>\n<li>Len takto hr\u00e1\u010d docieli maxim\u00e1lneho rozstrelu a vhodne rozbehnut\u00fdch gu\u013e\u00ed po stole<\/li>\n<\/ul>\n<p><strong>N\u00e1vod na pou\u017eitie:<\/strong> Po vlo\u017een\u00ed 15 poolov\u00fdch gu\u013e\u00ed sa okraja trojuholn\u00edka stla\u010d\u00ed rukou smerom nadol a zboku sa k\u00f3nicky zovr\u00fa 3 steny trianglu. Gu\u013ee sa k sebe maxim\u00e1lne pritla\u010dia a to je z\u00e1klad ka\u017ed\u00e9ho dobr\u00e9ho rozstrelu.<\/p>\n<p><strong>Materi\u00e1l:<\/strong> tvrden\u00fd plast extr\u00e9mne odoln\u00fd<\/p>\n<p><strong>V\u00fdrobca<\/strong>: Classic Biliard<\/p>\n<p><strong>Dostupnos\u0165:<\/strong> skladom<\/p>\n<p>Cena za 1 ks.<\/p>\n","protected":false},"excerpt":{"rendered":"<p>Trojuholn\u00edk pool PRO RACK &#8211; billiardov\u00e9 gule 57,2 mm Pre svoju tuhos\u0165 a pevnos\u0165 je medzi poolov\u00fdmi hr\u00e1\u010dmi ve\u013emi ob\u013e\u00faben\u00fd Trojuholn\u00edk je ve\u013emi presne kalibrovan\u00fd Trojuholn\u00edk k stavaniu 15 gu\u013e\u00ed na biliardov\u00fa hru pool biliard Vyroben\u00e9 z tvrd\u00e9ho \u010dierneho plastu pre gule s priemerom 57,2 mm Dobr\u00fd pomer kvality a ceny Vhodn\u00fd aj pre profi [&hellip;]<\/p>\n","protected":false},"featured_media":12289,"comment_status":"closed","ping_status":"closed","template":"","meta":[],"product_brand":[],"product_cat":[251,273,357],"product_tag":[],"class_list":{"0":"post-12293","1":"product","2":"type-product","3":"status-publish","4":"has-post-thumbnail","6":"product_cat-billiardove-potreby","7":"product_cat-taga-prislusenstvo-2","8":"product_cat-trojuholniky-stavitka","10":"first","11":"outofstock","12":"shipping-taxable","13":"purchasable","14":"product-type-simple"},"_links":{"self":[{"href":"https:\/\/www.billiard-pro.cz\/sk\/wp-json\/wp\/v2\/product\/12293","targetHints":{"allow":["GET"]}}],"collection":[{"href":"https:\/\/www.billiard-pro.cz\/sk\/wp-json\/wp\/v2\/product"}],"about":[{"href":"https:\/\/www.billiard-pro.cz\/sk\/wp-json\/wp\/v2\/types\/product"}],"replies":[{"embeddable":true,"href":"https:\/\/www.billiard-pro.cz\/sk\/wp-json\/wp\/v2\/comments?post=12293"}],"wp:featuredmedia":[{"embeddable":true,"href":"https:\/\/www.billiard-pro.cz\/sk\/wp-json\/wp\/v2\/media\/12289"}],"wp:attachment":[{"href":"https:\/\/www.billiard-pro.cz\/sk\/wp-json\/wp\/v2\/media?parent=12293"}],"wp:term":[{"taxonomy":"product_brand","embeddable":true,"href":"https:\/\/www.billiard-pro.cz\/sk\/wp-json\/wp\/v2\/product_brand?post=12293"},{"taxonomy":"product_cat","embeddable":true,"href":"https:\/\/www.billiard-pro.cz\/sk\/wp-json\/wp\/v2\/product_cat?post=12293"},{"taxonomy":"product_tag","embeddable":true,"href":"https:\/\/www.billiard-pro.cz\/sk\/wp-json\/wp\/v2\/product_tag?post=12293"}],"curies":[{"name":"wp","href":"https:\/\/api.w.org\/{rel}","templated":true}]}}