{"id":12601,"date":"2019-01-17T13:58:58","date_gmt":"2019-01-17T12:58:58","guid":{"rendered":"https:\/\/www.billiard-pro.cz\/?post_type=product&#038;p=12601"},"modified":"2019-01-17T14:04:21","modified_gmt":"2019-01-17T13:04:21","slug":"rozstrelove-tago-phantom-break-jump-cpb-1-black","status":"publish","type":"product","link":"https:\/\/www.billiard-pro.cz\/sk\/obchod\/billiardove-potreby\/taga-sk\/taga-pool-sk\/taga-jump-pool-sk\/rozstrelove-tago-phantom-break-jump-cpb-1-black\/","title":{"rendered":"Rozstrelove t\u00e1go Phantom Break Jump CPB-1 Black"},"content":{"rendered":"<p><strong>Rozstrelove t\u00e1go Phantom Break Jump CPB-1 Black<\/strong><\/p>\n<ul>\n<li>Break a jumpov\u00e9 t\u00e1go z rady Classic pre billiardovych hr\u00e1\u010dov<\/li>\n<li>Ko\u017ea Phenolic 13 mm<\/li>\n<li>Kostice z karb\u00f3nov\u00e9ho vl\u00e1kna<\/li>\n<li>Quick Release z\u00e1vit (r\u00fdchloup\u00ednacie)<\/li>\n<li>Vr\u0161ok vyroben\u00fd z ve\u013emi tvrd\u00e9ho a dobre vysu\u0161en\u00e9ho v\u00fdberov\u00e9ho kanadskej javora najvy\u0161\u0161ej kvality<\/li>\n<li>Omot\u00e1vka Irish Linen (\u00cdrsky \u013ean)<\/li>\n<li>Ozdobn\u00e9 prvky &#8211; obru\u010de z vysoko le\u0161tenej nerezovej ocele<\/li>\n<li>Phantom Break Jump Cue pon\u00faka mnoho technick\u00fdch funkci\u00ed a je dobrou vo\u013ebou pre pokro\u010dil\u00fdch hr\u00e1\u010dov.<\/li>\n<\/ul>\n<p><strong>Materi\u00e1l:<\/strong> kanadsk\u00fd javor, vysoko le\u0161ten\u00e1 nerezov\u00e1 oce\u013e<\/p>\n<p><strong>V\u00fdrobca:<\/strong> Classic Cues<\/p>\n<p><strong>Dostupnos\u0165:<\/strong> skladom<\/p>\n","protected":false},"excerpt":{"rendered":"<p>Rozstrelove t\u00e1go Phantom Break Jump CPB-1 Black Break a jumpov\u00e9 t\u00e1go z rady Classic pre billiardovych hr\u00e1\u010dov Ko\u017ea Phenolic 13 mm Kostice z karb\u00f3nov\u00e9ho vl\u00e1kna Quick Release z\u00e1vit (r\u00fdchloup\u00ednacie) Vr\u0161ok vyroben\u00fd z ve\u013emi tvrd\u00e9ho a dobre vysu\u0161en\u00e9ho v\u00fdberov\u00e9ho kanadskej javora najvy\u0161\u0161ej kvality Omot\u00e1vka Irish Linen (\u00cdrsky \u013ean) Ozdobn\u00e9 prvky &#8211; obru\u010de z vysoko le\u0161tenej nerezovej [&hellip;]<\/p>\n","protected":false},"featured_media":12588,"comment_status":"closed","ping_status":"closed","template":"","meta":[],"product_brand":[],"product_cat":[251,253,578,331],"product_tag":[],"class_list":{"0":"post-12601","1":"product","2":"type-product","3":"status-publish","4":"has-post-thumbnail","6":"product_cat-billiardove-potreby","7":"product_cat-taga-sk","8":"product_cat-taga-jump-pool-sk","9":"product_cat-taga-pool-sk","11":"first","12":"instock","13":"shipping-taxable","14":"purchasable","15":"product-type-simple"},"_links":{"self":[{"href":"https:\/\/www.billiard-pro.cz\/sk\/wp-json\/wp\/v2\/product\/12601","targetHints":{"allow":["GET"]}}],"collection":[{"href":"https:\/\/www.billiard-pro.cz\/sk\/wp-json\/wp\/v2\/product"}],"about":[{"href":"https:\/\/www.billiard-pro.cz\/sk\/wp-json\/wp\/v2\/types\/product"}],"replies":[{"embeddable":true,"href":"https:\/\/www.billiard-pro.cz\/sk\/wp-json\/wp\/v2\/comments?post=12601"}],"wp:featuredmedia":[{"embeddable":true,"href":"https:\/\/www.billiard-pro.cz\/sk\/wp-json\/wp\/v2\/media\/12588"}],"wp:attachment":[{"href":"https:\/\/www.billiard-pro.cz\/sk\/wp-json\/wp\/v2\/media?parent=12601"}],"wp:term":[{"taxonomy":"product_brand","embeddable":true,"href":"https:\/\/www.billiard-pro.cz\/sk\/wp-json\/wp\/v2\/product_brand?post=12601"},{"taxonomy":"product_cat","embeddable":true,"href":"https:\/\/www.billiard-pro.cz\/sk\/wp-json\/wp\/v2\/product_cat?post=12601"},{"taxonomy":"product_tag","embeddable":true,"href":"https:\/\/www.billiard-pro.cz\/sk\/wp-json\/wp\/v2\/product_tag?post=12601"}],"curies":[{"name":"wp","href":"https:\/\/api.w.org\/{rel}","templated":true}]}}