{"id":13917,"date":"2021-02-15T12:14:20","date_gmt":"2021-02-15T11:14:20","guid":{"rendered":"https:\/\/www.billiard-pro.cz\/?post_type=product&#038;p=13917"},"modified":"2021-02-15T12:19:36","modified_gmt":"2021-02-15T11:19:36","slug":"biliardove-tago-classic-strike-q4-5-16x18-pool-dvoudilne","status":"publish","type":"product","link":"https:\/\/www.billiard-pro.cz\/sk\/obchod\/billiardove-potreby\/taga-sk\/taga-pool-sk\/biliardove-tago-classic-strike-q4-5-16x18-pool-dvoudilne\/","title":{"rendered":"Biliardov\u00e9 t\u00e1go Classic Strike Q4, 5\/16&#215;18 -pool- dvoud\u00edln\u00e9"},"content":{"rendered":"<p><strong><span class=\"VIiyi\" lang=\"sk\"><span class=\"JLqJ4b ChMk0b\" data-language-for-alternatives=\"sk\" data-language-to-translate-into=\"cs\" data-phrase-index=\"0\">Biliardov\u00e9 t\u00e1go Classic Strike Q4, 5\/16&#215;18 -pool- dvoud\u00edln\u00e9<\/span><\/span><\/strong><\/p>\n<p><strong><img loading=\"lazy\" decoding=\"async\" class=\"size-full wp-image-9581 alignright\" src=\"https:\/\/www.billiard-pro.cz\/wp-content\/uploads\/2016\/09\/LogoClassic56cd91a75800657638fc15a215.jpg\" alt=\"\" width=\"100\" height=\"50\" \/><\/strong><\/p>\n<ul>\n<li><span class=\"VIiyi\" lang=\"sk\"><span class=\"JLqJ4b ChMk0b\" data-language-for-alternatives=\"sk\" data-language-to-translate-into=\"cs\" data-phrase-index=\"6\">Elegantn\u00fd<\/span> <span class=\"JLqJ4b ChMk0b\" data-language-for-alternatives=\"sk\" data-language-to-translate-into=\"cs\" data-phrase-index=\"7\">dizajn<\/span> <span class=\"JLqJ4b ChMk0b\" data-language-for-alternatives=\"sk\" data-language-to-translate-into=\"cs\" data-phrase-index=\"8\">\u010diernej a<\/span> <span class=\"JLqJ4b ChMk0b\" data-language-for-alternatives=\"sk\" data-language-to-translate-into=\"cs\" data-phrase-index=\"9\">bielej<\/span><\/span><\/li>\n<li><span class=\"VIiyi\" lang=\"sk\"><span class=\"JLqJ4b ChMk0b\" data-language-for-alternatives=\"sk\" data-language-to-translate-into=\"cs\" data-phrase-index=\"11\">Grafika<\/span> <span class=\"JLqJ4b ChMk0b\" data-language-for-alternatives=\"sk\" data-language-to-translate-into=\"cs\" data-phrase-index=\"12\">diamanty<\/span><\/span><\/li>\n<li>Zna\u010dkov\u00e9 billiardov\u00e9 t\u00e1go<\/li>\n<li>Ko\u017ea 13mm<\/li>\n<li>Vr\u0161ok vyroben\u00fd z v\u00fdberov\u00e9ho kanadskeho javora najvy\u0161\u0161ej kvality<\/li>\n<li>Kovov\u00fd z\u00e1vit 5\/16&#215;18\u00a0s le\u0161tenou povrchovou nerezovou \u00fapravou<\/li>\n<li>D\u013a\u017eka t\u00e1ga 147 cm<\/li>\n<li>V\u00e1ha t\u00e1ga : 19 oz<\/li>\n<li>Spodn\u00e1 \u010das\u0165 t\u00e1ga opatren\u00e1 gumov\u00fdm chr\u00e1ni\u010dom proti po\u0161kodeniu pri \u00fadere o zem<\/li>\n<li><span class=\"VIiyi\" lang=\"sk\"><span class=\"JLqJ4b ChMk0b\" data-language-for-alternatives=\"sk\" data-language-to-translate-into=\"cs\" data-phrase-index=\"18\">Ide\u00e1lna<\/span> <span class=\"JLqJ4b ChMk0b\" data-language-for-alternatives=\"sk\" data-language-to-translate-into=\"cs\" data-phrase-index=\"19\">pre<\/span> <span class=\"JLqJ4b ChMk0b\" data-language-for-alternatives=\"sk\" data-language-to-translate-into=\"cs\" data-phrase-index=\"20\">rekrea\u010dn\u00fdch hr\u00e1\u010dov<\/span><span class=\"JLqJ4b ChMk0b\" data-language-for-alternatives=\"sk\" data-language-to-translate-into=\"cs\" data-phrase-index=\"21\">,<\/span> <span class=\"JLqJ4b ChMk0b\" data-language-for-alternatives=\"sk\" data-language-to-translate-into=\"cs\" data-phrase-index=\"22\">ktor\u00ed<\/span> <span class=\"JLqJ4b ChMk0b\" data-language-for-alternatives=\"sk\" data-language-to-translate-into=\"cs\" data-phrase-index=\"23\">chc\u00fa<\/span> <span class=\"JLqJ4b ChMk0b\" data-language-for-alternatives=\"sk\" data-language-to-translate-into=\"cs\" data-phrase-index=\"24\">zlep\u0161i\u0165<\/span> <span class=\"JLqJ4b ChMk0b\" data-language-for-alternatives=\"sk\" data-language-to-translate-into=\"cs\" data-phrase-index=\"25\">svoju hru<\/span><\/span><\/li>\n<li><span class=\"VIiyi\" lang=\"sk\"><span class=\"JLqJ4b ChMk0b\" data-language-for-alternatives=\"sk\" data-language-to-translate-into=\"cs\" data-phrase-index=\"79\">Dvojdielna<\/span> <span class=\"JLqJ4b ChMk0b\" data-language-for-alternatives=\"sk\" data-language-to-translate-into=\"cs\" data-phrase-index=\"80\">t\u00e1ga<\/span> <span class=\"JLqJ4b ChMk0b\" data-language-for-alternatives=\"sk\" data-language-to-translate-into=\"cs\" data-phrase-index=\"81\">maj\u00fa \u010diernu<\/span> <span class=\"JLqJ4b ChMk0b\" data-language-for-alternatives=\"sk\" data-language-to-translate-into=\"cs\" data-phrase-index=\"82\">rukov\u00e4\u0165<\/span> <span class=\"JLqJ4b ChMk0b\" data-language-for-alternatives=\"sk\" data-language-to-translate-into=\"cs\" data-phrase-index=\"83\">zo<\/span> <span class=\"JLqJ4b ChMk0b\" data-language-for-alternatives=\"sk\" data-language-to-translate-into=\"cs\" data-phrase-index=\"84\">syntetickej<\/span> <span class=\"JLqJ4b ChMk0b\" data-language-for-alternatives=\"sk\" data-language-to-translate-into=\"cs\" data-phrase-index=\"85\">ko\u017ee<\/span> <\/span><\/li>\n<li><span class=\"VIiyi\" lang=\"sk\"><span class=\"JLqJ4b ChMk0b\" data-language-for-alternatives=\"sk\" data-language-to-translate-into=\"cs\" data-phrase-index=\"57\">Classic<\/span><span class=\"JLqJ4b ChMk0b\" data-language-for-alternatives=\"sk\" data-language-to-translate-into=\"cs\" data-phrase-index=\"58\">&#8211;<\/span><span class=\"JLqJ4b ChMk0b\" data-language-for-alternatives=\"sk\" data-language-to-translate-into=\"cs\" data-phrase-index=\"59\">Strike<\/span><span class=\"JLqJ4b ChMk0b\" data-language-for-alternatives=\"sk\" data-language-to-translate-into=\"cs\" data-phrase-index=\"60\">&#8211;<\/span><span class=\"JLqJ4b ChMk0b\" data-language-for-alternatives=\"sk\" data-language-to-translate-into=\"cs\" data-phrase-index=\"61\">t\u00e1ga<\/span> <span class=\"JLqJ4b ChMk0b\" data-language-for-alternatives=\"sk\" data-language-to-translate-into=\"cs\" data-phrase-index=\"62\">s\u00fa<\/span> <span class=\"JLqJ4b ChMk0b\" data-language-for-alternatives=\"sk\" data-language-to-translate-into=\"cs\" data-phrase-index=\"63\">ob\u013e\u00faben\u00e1<\/span> <span class=\"JLqJ4b ChMk0b\" data-language-for-alternatives=\"sk\" data-language-to-translate-into=\"cs\" data-phrase-index=\"64\">u za\u010diato\u010dn\u00edkov<\/span> <span class=\"JLqJ4b ChMk0b\" data-language-for-alternatives=\"sk\" data-language-to-translate-into=\"cs\" data-phrase-index=\"65\">a<\/span> <span class=\"JLqJ4b ChMk0b\" data-language-for-alternatives=\"sk\" data-language-to-translate-into=\"cs\" data-phrase-index=\"66\">hobby<\/span> <span class=\"JLqJ4b ChMk0b\" data-language-for-alternatives=\"sk\" data-language-to-translate-into=\"cs\" data-phrase-index=\"67\">hr\u00e1\u010dov<\/span> <span class=\"JLqJ4b ChMk0b\" data-language-for-alternatives=\"sk\" data-language-to-translate-into=\"cs\" data-phrase-index=\"68\">kv\u00f4li ich<\/span> <span class=\"JLqJ4b ChMk0b\" data-language-for-alternatives=\"sk\" data-language-to-translate-into=\"cs\" data-phrase-index=\"69\">elegantn\u00e9mu<\/span><span class=\"JLqJ4b ChMk0b\" data-language-for-alternatives=\"sk\" data-language-to-translate-into=\"cs\" data-phrase-index=\"70\">,<\/span> <span class=\"JLqJ4b ChMk0b\" data-language-for-alternatives=\"sk\" data-language-to-translate-into=\"cs\" data-phrase-index=\"71\">jednoduch\u00e9mu dizajnu<\/span> <span class=\"JLqJ4b ChMk0b\" data-language-for-alternatives=\"sk\" data-language-to-translate-into=\"cs\" data-phrase-index=\"72\">a<\/span> <span class=\"JLqJ4b ChMk0b\" data-language-for-alternatives=\"sk\" data-language-to-translate-into=\"cs\" data-phrase-index=\"73\">pozoruhodne<\/span> <span class=\"JLqJ4b ChMk0b\" data-language-for-alternatives=\"sk\" data-language-to-translate-into=\"cs\" data-phrase-index=\"74\">dobr\u00e9mu<\/span> <span class=\"JLqJ4b ChMk0b\" data-language-for-alternatives=\"sk\" data-language-to-translate-into=\"cs\" data-phrase-index=\"75\">pomeru cena<\/span><span class=\"JLqJ4b ChMk0b\" data-language-for-alternatives=\"sk\" data-language-to-translate-into=\"cs\" data-phrase-index=\"76\">\/<\/span><span class=\"JLqJ4b ChMk0b\" data-language-for-alternatives=\"sk\" data-language-to-translate-into=\"cs\" data-phrase-index=\"77\">v\u00fdkon<\/span><\/span><\/li>\n<\/ul>\n<p><strong>V\u00fdrobca:<\/strong>\u00a0Classic Cues &#8211; import Dynamic-Billard, DE<\/p>\n<p><strong>Dostupnos\u0165 tovaru<\/strong>: skladom<\/p>\n<p><span class=\"VIiyi\" lang=\"sk\">\u00a0<\/span><\/p>\n","protected":false},"excerpt":{"rendered":"<p>Biliardov\u00e9 t\u00e1go Classic Strike Q4, 5\/16&#215;18 -pool- dvoud\u00edln\u00e9 Elegantn\u00fd dizajn \u010diernej a bielej Grafika diamanty Zna\u010dkov\u00e9 billiardov\u00e9 t\u00e1go Ko\u017ea 13mm Vr\u0161ok vyroben\u00fd z v\u00fdberov\u00e9ho kanadskeho javora najvy\u0161\u0161ej kvality Kovov\u00fd z\u00e1vit 5\/16&#215;18\u00a0s le\u0161tenou povrchovou nerezovou \u00fapravou D\u013a\u017eka t\u00e1ga 147 cm V\u00e1ha t\u00e1ga : 19 oz Spodn\u00e1 \u010das\u0165 t\u00e1ga opatren\u00e1 gumov\u00fdm chr\u00e1ni\u010dom proti po\u0161kodeniu pri \u00fadere o [&hellip;]<\/p>\n","protected":false},"featured_media":13898,"comment_status":"closed","ping_status":"closed","template":"","meta":[],"product_brand":[],"product_cat":[253,331],"product_tag":[],"class_list":{"0":"post-13917","1":"product","2":"type-product","3":"status-publish","4":"has-post-thumbnail","6":"product_cat-taga-sk","7":"product_cat-taga-pool-sk","9":"first","10":"instock","11":"shipping-taxable","12":"purchasable","13":"product-type-simple"},"_links":{"self":[{"href":"https:\/\/www.billiard-pro.cz\/sk\/wp-json\/wp\/v2\/product\/13917","targetHints":{"allow":["GET"]}}],"collection":[{"href":"https:\/\/www.billiard-pro.cz\/sk\/wp-json\/wp\/v2\/product"}],"about":[{"href":"https:\/\/www.billiard-pro.cz\/sk\/wp-json\/wp\/v2\/types\/product"}],"replies":[{"embeddable":true,"href":"https:\/\/www.billiard-pro.cz\/sk\/wp-json\/wp\/v2\/comments?post=13917"}],"wp:featuredmedia":[{"embeddable":true,"href":"https:\/\/www.billiard-pro.cz\/sk\/wp-json\/wp\/v2\/media\/13898"}],"wp:attachment":[{"href":"https:\/\/www.billiard-pro.cz\/sk\/wp-json\/wp\/v2\/media?parent=13917"}],"wp:term":[{"taxonomy":"product_brand","embeddable":true,"href":"https:\/\/www.billiard-pro.cz\/sk\/wp-json\/wp\/v2\/product_brand?post=13917"},{"taxonomy":"product_cat","embeddable":true,"href":"https:\/\/www.billiard-pro.cz\/sk\/wp-json\/wp\/v2\/product_cat?post=13917"},{"taxonomy":"product_tag","embeddable":true,"href":"https:\/\/www.billiard-pro.cz\/sk\/wp-json\/wp\/v2\/product_tag?post=13917"}],"curies":[{"name":"wp","href":"https:\/\/api.w.org\/{rel}","templated":true}]}}