{"id":14008,"date":"2021-04-14T12:30:32","date_gmt":"2021-04-14T10:30:32","guid":{"rendered":"https:\/\/www.billiard-pro.cz\/?post_type=product&#038;p=14008"},"modified":"2021-04-14T12:35:46","modified_gmt":"2021-04-14T10:35:46","slug":"billiard-ball-set-pool-aramith-tournament-pro-cup-tv-black-572-mm","status":"publish","type":"product","link":"https:\/\/www.billiard-pro.cz\/sk\/obchod\/biliardove-gule-aramith\/pool-sk-3\/billiard-ball-set-pool-aramith-tournament-pro-cup-tv-black-572-mm\/","title":{"rendered":"Billiard Ball Set, Pool, Aramith Tournament Pro Cup TV Black , 57,2 mm"},"content":{"rendered":"<p><strong>Biliardov\u00e9 gule Pool, Aramith Tournament Pro Cup TV Black , 57,2 mm<img decoding=\"async\" class=\"alignright\" src=\"https:\/\/www.billiard-pro.cz\/wp-content\/uploads\/2013\/09\/aramith-logo.jpg\" alt=\"Aramith\" \/><\/strong><\/p>\n<ul>\n<li>Nov\u00e1 technol\u00f3gia materi\u00e1lu DuramithTM Technology (4.gener\u00e1cia \u017eiv\u00edc)<\/li>\n<li>Duramith technol\u00f3gia zvy\u0161uje \u017eivotnos\u0165 gu\u013e\u00ed a\u017e o 50%<img loading=\"lazy\" decoding=\"async\" class=\"size-full wp-image-5290 alignright\" src=\"https:\/\/www.billiard-pro.cz\/wp-content\/uploads\/2015\/01\/novinkaLogo-300x181.jpg\" alt=\"novinkaLogo-300x181\" width=\"300\" height=\"181\" data-id=\"2950\" \/><\/li>\n<li>Najvy\u0161\u0161ia rada fenolovej \u017eivice<\/li>\n<li>Profesion\u00e1lne turnajov\u00e9 gule najvy\u0161\u0161ej kvality<\/li>\n<li>Extr\u00e9mne zv\u00fd\u0161en\u00fd lesk<\/li>\n<li>Tvrden\u00fd keramick\u00fd povrch s ve\u013emi vysokou hustotou<\/li>\n<li>Extra odoln\u00fd hladk\u00fd povrch minimalizuj\u00faci opotrebenie s\u00fakna<\/li>\n<li>Biela gu\u013ea s \u010derven\u00fdmi zna\u010dkami \u201eLienka\u201c<\/li>\n<li>Sada 16 gul\u00ed o priemere 57,2 mm<\/li>\n<li>Dobr\u00e1 vidite\u013enos\u0165 gul\u00ed pre TV z\u00e1znamy<\/li>\n<li><strong>\u010eal\u0161ie v\u00fdhody Aramith gu\u013e\u00ed:<\/strong><\/li>\n<li>Presn\u00e1 kalibr\u00e1cia ka\u017edej gule pre maxim\u00e1lnu konzistenciu v r\u00e1mci sady<\/li>\n<li>V\u00fdhodn\u00e9 sady pou\u017e\u00edvan\u00e9 po celom svete v turnajoch a majstrovstv\u00e1ch pre ich nekompromisn\u00fa kvalitu<\/li>\n<li>Sp\u013a\u0148a v\u0161etky krit\u00e9ri\u00e1:<\/li>\n<li>hustota, vyv\u00e1\u017eenos\u0165, priemer, zaoblenie, farba, lesk, tvrdos\u0165, hmotnos\u0165<\/li>\n<\/ul>\n<p>VYVINUT\u00c9 \u0160PECIFICK\u00c9 PRE TV.\u00a0 Spolo\u010dnos\u0165 Aramith vytvorila \u00faplne nov\u00fd dizajn a v spolupr\u00e1ci s firmou Matchroom Multisport vyvinula nov\u00e9 farby \u0161peci\u00e1lne pre TV. V\u00fdsledok je jednoducho prelomov\u00fd. Matchroom a SALUC maj\u00fa dlhoro\u010dn\u00e9 vz\u0165ahy siahaj\u00face do 90. rokov, kedy sa\u00a0 Aramith Pro-Cup stali priemyseln\u00fdm \u0161tandardom. Spolo\u010dnosti Matchroom a SALUC sa dohodli na trojro\u010dnom pred\u013a\u017een\u00ed ich s\u00fa\u010dasn\u00e9ho partnerstva a za\u010dali spolo\u010dne pracova\u0165 na vytvoren\u00ed sady \u201eTournament Black\u201c, ktor\u00e1 bude pou\u017eit\u00e1 na Mosconi cup poh\u00e1ri partypoker a na v\u0161etk\u00fdch bud\u00facich podujatiach Matchroom Pool, vr\u00e1tane 2020 US Open 9- Majstrovstv\u00e1.<\/p>\n<p>Na \u010distenie gul\u00ed pou\u017eite\u00a0<a title=\"\u010cisti\u010d koul\u00ed Aramith ball cleaner \u2013 roztok na \u010di\u0161t\u011bn\u00ed kule\u010dn\u00edkov\u00fdch koul\u00ed 1 lahev \u2013 250 ml\" href=\"https:\/\/www.billiard-pro.cz\/obchod\/koule-aramith\/aramith-ball-cleaner-roztok-na-cisteni-kouli-1-lahev-250-ml\/\">ARAMITH Cleaner<\/a>\u00a0\u2013 zna\u010dkov\u00fd \u010distiaci roztok na \u00fadr\u017ebu gu\u013e\u00ed<\/p>\n<p><strong>V\u00fdrobca:<\/strong>\u00a0Saluc S.A.. \/ ARAMITH, Belgicko<\/p>\n<p><strong>Dostupnos\u0165 tovaru:<\/strong>\u00a0skladom<\/p>\n","protected":false},"excerpt":{"rendered":"<p>Biliardov\u00e9 gule Pool, Aramith Tournament Pro Cup TV Black , 57,2 mm Nov\u00e1 technol\u00f3gia materi\u00e1lu DuramithTM Technology (4.gener\u00e1cia \u017eiv\u00edc) Duramith technol\u00f3gia zvy\u0161uje \u017eivotnos\u0165 gu\u013e\u00ed a\u017e o 50% Najvy\u0161\u0161ia rada fenolovej \u017eivice Profesion\u00e1lne turnajov\u00e9 gule najvy\u0161\u0161ej kvality Extr\u00e9mne zv\u00fd\u0161en\u00fd lesk Tvrden\u00fd keramick\u00fd povrch s ve\u013emi vysokou hustotou Extra odoln\u00fd hladk\u00fd povrch minimalizuj\u00faci opotrebenie s\u00fakna Biela gu\u013ea [&hellip;]<\/p>\n","protected":false},"featured_media":14006,"comment_status":"closed","ping_status":"closed","template":"","meta":[],"product_brand":[],"product_cat":[277,390],"product_tag":[],"class_list":{"0":"post-14008","1":"product","2":"type-product","3":"status-publish","4":"has-post-thumbnail","6":"product_cat-biliardove-gule-aramith","7":"product_cat-pool-sk-3","9":"first","10":"instock","11":"shipping-taxable","12":"purchasable","13":"product-type-simple"},"_links":{"self":[{"href":"https:\/\/www.billiard-pro.cz\/sk\/wp-json\/wp\/v2\/product\/14008","targetHints":{"allow":["GET"]}}],"collection":[{"href":"https:\/\/www.billiard-pro.cz\/sk\/wp-json\/wp\/v2\/product"}],"about":[{"href":"https:\/\/www.billiard-pro.cz\/sk\/wp-json\/wp\/v2\/types\/product"}],"replies":[{"embeddable":true,"href":"https:\/\/www.billiard-pro.cz\/sk\/wp-json\/wp\/v2\/comments?post=14008"}],"wp:featuredmedia":[{"embeddable":true,"href":"https:\/\/www.billiard-pro.cz\/sk\/wp-json\/wp\/v2\/media\/14006"}],"wp:attachment":[{"href":"https:\/\/www.billiard-pro.cz\/sk\/wp-json\/wp\/v2\/media?parent=14008"}],"wp:term":[{"taxonomy":"product_brand","embeddable":true,"href":"https:\/\/www.billiard-pro.cz\/sk\/wp-json\/wp\/v2\/product_brand?post=14008"},{"taxonomy":"product_cat","embeddable":true,"href":"https:\/\/www.billiard-pro.cz\/sk\/wp-json\/wp\/v2\/product_cat?post=14008"},{"taxonomy":"product_tag","embeddable":true,"href":"https:\/\/www.billiard-pro.cz\/sk\/wp-json\/wp\/v2\/product_tag?post=14008"}],"curies":[{"name":"wp","href":"https:\/\/api.w.org\/{rel}","templated":true}]}}