{"id":14360,"date":"2021-12-06T13:18:10","date_gmt":"2021-12-06T12:18:10","guid":{"rendered":"https:\/\/www.billiard-pro.cz\/?post_type=product&#038;p=14360"},"modified":"2021-12-06T13:19:23","modified_gmt":"2021-12-06T12:19:23","slug":"rukavicka-predator-second-skin-yellow-velkost-l-xl-biliardova-rukavice-2","status":"publish","type":"product","link":"https:\/\/www.billiard-pro.cz\/sk\/obchod\/billiardove-potreby\/rukavicky-gulecnikove\/rukavicka-predator-second-skin-yellow-velkost-l-xl-biliardova-rukavice-2\/","title":{"rendered":"Rukavi\u010dka Predator Second Skin yellow \u2013 ve\u013ekos\u0165 L\/XL -biliardov\u00e1 rukavice"},"content":{"rendered":"<p><strong>Rukavi\u010dka Predator Second Skin yellow \u2013 ve\u013ekos\u0165 L\/XL -biliardov\u00e1 rukavice<img loading=\"lazy\" decoding=\"async\" class=\"size-full wp-image-8328 alignright\" src=\"https:\/\/www.billiard-pro.cz\/wp-content\/uploads\/2016\/03\/logo_predator_03.gif\" sizes=\"auto, (max-width: 429px) 100vw, 429px\" srcset=\"https:\/\/www.billiard-pro.cz\/wp-content\/uploads\/2016\/03\/logo_predator_03.gif 429w, https:\/\/www.billiard-pro.cz\/wp-content\/uploads\/2016\/03\/logo_predator_03-300x162.gif 300w\" alt=\"\" width=\"429\" height=\"231\" \/><\/strong><\/p>\n<ul>\n<li>NOVINKA!<\/li>\n<li>T\u00e1to rukavi\u010dka je va\u0161a druh\u00e1 ko\u017ea!<\/li>\n<li>Absorbuje pot<\/li>\n<li>Ultra-Dry \u2013 priedu\u0161n\u00e1 sie\u0165ovina<\/li>\n<li>Non-Slip Thumb Pad \u2013 proti\u0161mykov\u00e9 body<\/li>\n<li>Maximalizuje pohyb \u0161pice t\u00e1ga v ruke hr\u00e1\u010da<\/li>\n<li>Zv\u00fd\u0161i presnos\u0165 pri tempov\u00e1n\u00ed<\/li>\n<li>Dvojit\u00e9 pre\u0161itie<\/li>\n<li>Otvoren\u00e9 prsty<\/li>\n<li>Elastick\u00e9 zap\u00ednanie na such\u00fd zips<\/li>\n<li>Second-Skin\u00ae povrch s n\u00edzkym tren\u00edm<\/li>\n<li>Pre prav\u00e1ka (na \u013eav\u00fa ruku)<\/li>\n<li>Ve\u013ekos\u0165 S\/M (\u0161\u00edrka dlane viac ako 9 cm)<\/li>\n<li>Biliardov\u00e9 rukavice Second Skin Premium zna\u010dky Predator poskytuj\u00fa hr\u00e1\u010dom v\u0161etk\u00fdch \u00farovn\u00ed extr\u00e9mne hladk\u00fd povrch s n\u00edzkym tren\u00edm pre zv\u00fd\u0161enie presnosti a konzistencie hry bez oh\u013eadu na hern\u00e9 podmienky.<\/li>\n<li>S touto rukavi\u010dkou m\u00e1te v\u017edy v ruke bezprobl\u00e9mov\u00fd a stabiln\u00fd \u00fachop k tvrd\u00e9mu \u00faderu a m\u00f4\u017eete sa v pokoji zamera\u0165 na to, \u010do je najviac d\u00f4le\u017eit\u00e9 \u2013 v\u00ed\u0165azstvo.<\/li>\n<\/ul>\n<p><strong>V\u00fdrobca:<\/strong>\u00a0Predator<img loading=\"lazy\" decoding=\"async\" class=\"size-medium wp-image-11728 alignright\" src=\"https:\/\/www.billiard-pro.cz\/wp-content\/uploads\/2018\/03\/Second-Skin-Logo-01-1-300x35.png\" sizes=\"auto, (max-width: 300px) 100vw, 300px\" srcset=\"https:\/\/www.billiard-pro.cz\/wp-content\/uploads\/2018\/03\/Second-Skin-Logo-01-1-300x35.png 300w, https:\/\/www.billiard-pro.cz\/wp-content\/uploads\/2018\/03\/Second-Skin-Logo-01-1-150x18.png 150w, https:\/\/www.billiard-pro.cz\/wp-content\/uploads\/2018\/03\/Second-Skin-Logo-01-1.png 454w\" alt=\"\" width=\"300\" height=\"35\" \/><\/p>\n<p><strong>Dostupnos\u0165:<\/strong>\u00a0skladom<\/p>\n","protected":false},"excerpt":{"rendered":"<p>Rukavi\u010dka Predator Second Skin yellow \u2013 ve\u013ekos\u0165 L\/XL -biliardov\u00e1 rukavice NOVINKA! T\u00e1to rukavi\u010dka je va\u0161a druh\u00e1 ko\u017ea! Absorbuje pot Ultra-Dry \u2013 priedu\u0161n\u00e1 sie\u0165ovina Non-Slip Thumb Pad \u2013 proti\u0161mykov\u00e9 body Maximalizuje pohyb \u0161pice t\u00e1ga v ruke hr\u00e1\u010da Zv\u00fd\u0161i presnos\u0165 pri tempov\u00e1n\u00ed Dvojit\u00e9 pre\u0161itie Otvoren\u00e9 prsty Elastick\u00e9 zap\u00ednanie na such\u00fd zips Second-Skin\u00ae povrch s n\u00edzkym tren\u00edm Pre [&hellip;]<\/p>\n","protected":false},"featured_media":15499,"comment_status":"closed","ping_status":"closed","template":"","meta":[],"product_brand":[],"product_cat":[251,337],"product_tag":[],"class_list":{"0":"post-14360","1":"product","2":"type-product","3":"status-publish","4":"has-post-thumbnail","6":"product_cat-billiardove-potreby","7":"product_cat-rukavicky-gulecnikove","9":"first","10":"outofstock","11":"shipping-taxable","12":"purchasable","13":"product-type-simple"},"_links":{"self":[{"href":"https:\/\/www.billiard-pro.cz\/sk\/wp-json\/wp\/v2\/product\/14360","targetHints":{"allow":["GET"]}}],"collection":[{"href":"https:\/\/www.billiard-pro.cz\/sk\/wp-json\/wp\/v2\/product"}],"about":[{"href":"https:\/\/www.billiard-pro.cz\/sk\/wp-json\/wp\/v2\/types\/product"}],"replies":[{"embeddable":true,"href":"https:\/\/www.billiard-pro.cz\/sk\/wp-json\/wp\/v2\/comments?post=14360"}],"wp:featuredmedia":[{"embeddable":true,"href":"https:\/\/www.billiard-pro.cz\/sk\/wp-json\/wp\/v2\/media\/15499"}],"wp:attachment":[{"href":"https:\/\/www.billiard-pro.cz\/sk\/wp-json\/wp\/v2\/media?parent=14360"}],"wp:term":[{"taxonomy":"product_brand","embeddable":true,"href":"https:\/\/www.billiard-pro.cz\/sk\/wp-json\/wp\/v2\/product_brand?post=14360"},{"taxonomy":"product_cat","embeddable":true,"href":"https:\/\/www.billiard-pro.cz\/sk\/wp-json\/wp\/v2\/product_cat?post=14360"},{"taxonomy":"product_tag","embeddable":true,"href":"https:\/\/www.billiard-pro.cz\/sk\/wp-json\/wp\/v2\/product_tag?post=14360"}],"curies":[{"name":"wp","href":"https:\/\/api.w.org\/{rel}","templated":true}]}}