{"id":14406,"date":"2021-12-20T11:03:11","date_gmt":"2021-12-20T10:03:11","guid":{"rendered":"https:\/\/www.billiard-pro.cz\/?post_type=product&#038;p=14406"},"modified":"2021-12-20T11:06:23","modified_gmt":"2021-12-20T10:06:23","slug":"startovaci-body-tefco-master-35-mm","status":"publish","type":"product","link":"https:\/\/www.billiard-pro.cz\/sk\/obchod\/biliardove-stoly\/kapsy-kosiky-sk-2\/startovaci-body-tefco-master-35-mm\/","title":{"rendered":"Startovac\u00ed body Tefco Master 35 mm"},"content":{"rendered":"<p><strong>Startovac\u00ed body Tefco Master 35 mm <\/strong><\/p>\n<ul>\n<li><span class=\"VIiyi\" lang=\"sk\"><span class=\"JLqJ4b ChMk0b\" data-language-for-alternatives=\"sk\" data-language-to-translate-into=\"cs\" data-phrase-index=\"0\" data-number-of-phrases=\"5\">Dvojit\u00fd pogumovan\u00fd spodok<\/span><\/span><\/li>\n<li><span class=\"VIiyi\" lang=\"sk\"><span class=\"JLqJ4b ChMk0b\" data-language-for-alternatives=\"sk\" data-language-to-translate-into=\"cs\" data-phrase-index=\"2\" data-number-of-phrases=\"5\">Dobre pri\u013enav\u00fd<\/span> <\/span><\/li>\n<li><span class=\"VIiyi\" lang=\"sk\"><span class=\"JLqJ4b ChMk0b\" data-language-for-alternatives=\"sk\" data-language-to-translate-into=\"cs\" data-phrase-index=\"4\" data-number-of-phrases=\"5\">12 kusov v balen\u00ed<\/span><\/span><\/li>\n<\/ul>\n<p><strong>V\u00fdrobca<\/strong>: Buffalo, Holandsko<\/p>\n","protected":false},"excerpt":{"rendered":"<p>Startovac\u00ed body Tefco Master 35 mm Dvojit\u00fd pogumovan\u00fd spodok Dobre pri\u013enav\u00fd 12 kusov v balen\u00ed V\u00fdrobca: Buffalo, Holandsko<\/p>\n","protected":false},"featured_media":14405,"comment_status":"closed","ping_status":"closed","template":"","meta":[],"product_brand":[],"product_cat":[339,251,373],"product_tag":[],"class_list":{"0":"post-14406","1":"product","2":"type-product","3":"status-publish","4":"has-post-thumbnail","6":"product_cat-biliardove-stoly","7":"product_cat-billiardove-potreby","8":"product_cat-kapsy-kosiky-sk-2","10":"first","11":"instock","12":"shipping-taxable","13":"purchasable","14":"product-type-simple"},"_links":{"self":[{"href":"https:\/\/www.billiard-pro.cz\/sk\/wp-json\/wp\/v2\/product\/14406","targetHints":{"allow":["GET"]}}],"collection":[{"href":"https:\/\/www.billiard-pro.cz\/sk\/wp-json\/wp\/v2\/product"}],"about":[{"href":"https:\/\/www.billiard-pro.cz\/sk\/wp-json\/wp\/v2\/types\/product"}],"replies":[{"embeddable":true,"href":"https:\/\/www.billiard-pro.cz\/sk\/wp-json\/wp\/v2\/comments?post=14406"}],"wp:featuredmedia":[{"embeddable":true,"href":"https:\/\/www.billiard-pro.cz\/sk\/wp-json\/wp\/v2\/media\/14405"}],"wp:attachment":[{"href":"https:\/\/www.billiard-pro.cz\/sk\/wp-json\/wp\/v2\/media?parent=14406"}],"wp:term":[{"taxonomy":"product_brand","embeddable":true,"href":"https:\/\/www.billiard-pro.cz\/sk\/wp-json\/wp\/v2\/product_brand?post=14406"},{"taxonomy":"product_cat","embeddable":true,"href":"https:\/\/www.billiard-pro.cz\/sk\/wp-json\/wp\/v2\/product_cat?post=14406"},{"taxonomy":"product_tag","embeddable":true,"href":"https:\/\/www.billiard-pro.cz\/sk\/wp-json\/wp\/v2\/product_tag?post=14406"}],"curies":[{"name":"wp","href":"https:\/\/api.w.org\/{rel}","templated":true}]}}