{"id":14430,"date":"2022-01-02T15:18:29","date_gmt":"2022-01-02T14:18:29","guid":{"rendered":"https:\/\/www.billiard-pro.cz\/?post_type=product&#038;p=14430"},"modified":"2022-01-02T15:19:49","modified_gmt":"2022-01-02T14:19:49","slug":"sprej-na-cistenie-sukna-ambersil-400-ml","status":"publish","type":"product","link":"https:\/\/www.billiard-pro.cz\/sk\/obchod\/biliardova-sukna-simonis\/cistice-a-kartace-sk\/sprej-na-cistenie-sukna-ambersil-400-ml\/","title":{"rendered":"Sprej na \u010distenie sukna Ambersil 400 ml"},"content":{"rendered":"<p><strong><span class=\"VIiyi\" lang=\"sk\"><span class=\"JLqJ4b ChMk0b\" data-language-for-alternatives=\"sk\" data-language-to-translate-into=\"cs\" data-phrase-index=\"0\" data-number-of-phrases=\"15\">Sprej na \u010distenie sukna Ambersil 400 ml<\/span> <\/span><\/strong><\/p>\n<p><span class=\"VIiyi\" lang=\"sk\"><span class=\"JLqJ4b ChMk0b\" data-language-for-alternatives=\"sk\" data-language-to-translate-into=\"cs\" data-phrase-index=\"2\" data-number-of-phrases=\"15\">Sprej s obsahom 400 ml.<\/span> <\/span><\/p>\n<p><span class=\"VIiyi\" lang=\"sk\"><span class=\"JLqJ4b ChMk0b\" data-language-for-alternatives=\"sk\" data-language-to-translate-into=\"cs\" data-phrase-index=\"5\" data-number-of-phrases=\"15\">Vhodn\u00e9 na karambol, pool aj snooker.<\/span> <\/span><\/p>\n<p><span class=\"VIiyi\" lang=\"sk\"><span class=\"JLqJ4b ChMk0b\" data-language-for-alternatives=\"sk\" data-language-to-translate-into=\"cs\" data-phrase-index=\"8\" data-number-of-phrases=\"15\">Pou\u017eitie: St\u00f4l je najlep\u0161ie pred pou\u017eit\u00edm spreja vysa\u0165 alebo vykefova\u0165 od hrub\u00fdch ne\u010dist\u00f4t, potom nastrieka\u0165 rovnomerne \u010disti\u010d, chv\u00ed\u013eu necha\u0165 p\u00f4sobi\u0165 a potom zotrie\u0165 suchou \u010distou handri\u010dkou.<\/span> <\/span><\/p>\n<p><span class=\"VIiyi\" lang=\"sk\"><span class=\"JLqJ4b ChMk0b\" data-language-for-alternatives=\"sk\" data-language-to-translate-into=\"cs\" data-phrase-index=\"11\" data-number-of-phrases=\"15\">Pred pou\u017eit\u00edm pretrepa\u0165.<\/span> <\/span><\/p>\n<p><span class=\"VIiyi\" lang=\"sk\"><span class=\"JLqJ4b ChMk0b\" data-language-for-alternatives=\"sk\" data-language-to-translate-into=\"cs\" data-phrase-index=\"14\" data-number-of-phrases=\"15\">Jednoducho a efekt\u00edvne vy\u010dist\u00ed prach a zvy\u0161ky kriedy, f\u013eaky a in\u00e9 ne\u010distoty zo sukna.<\/span><\/span><\/p>\n","protected":false},"excerpt":{"rendered":"<p>Sprej na \u010distenie sukna Ambersil 400 ml Sprej s obsahom 400 ml. Vhodn\u00e9 na karambol, pool aj snooker. Pou\u017eitie: St\u00f4l je najlep\u0161ie pred pou\u017eit\u00edm spreja vysa\u0165 alebo vykefova\u0165 od hrub\u00fdch ne\u010dist\u00f4t, potom nastrieka\u0165 rovnomerne \u010disti\u010d, chv\u00ed\u013eu necha\u0165 p\u00f4sobi\u0165 a potom zotrie\u0165 suchou \u010distou handri\u010dkou. Pred pou\u017eit\u00edm pretrepa\u0165. Jednoducho a efekt\u00edvne vy\u010dist\u00ed prach a zvy\u0161ky kriedy, [&hellip;]<\/p>\n","protected":false},"featured_media":14429,"comment_status":"closed","ping_status":"closed","template":"","meta":[],"product_brand":[],"product_cat":[269,382],"product_tag":[],"class_list":{"0":"post-14430","1":"product","2":"type-product","3":"status-publish","4":"has-post-thumbnail","6":"product_cat-biliardova-sukna-simonis","7":"product_cat-cistice-a-kartace-sk","9":"first","10":"outofstock","11":"shipping-taxable","12":"purchasable","13":"product-type-simple"},"_links":{"self":[{"href":"https:\/\/www.billiard-pro.cz\/sk\/wp-json\/wp\/v2\/product\/14430","targetHints":{"allow":["GET"]}}],"collection":[{"href":"https:\/\/www.billiard-pro.cz\/sk\/wp-json\/wp\/v2\/product"}],"about":[{"href":"https:\/\/www.billiard-pro.cz\/sk\/wp-json\/wp\/v2\/types\/product"}],"replies":[{"embeddable":true,"href":"https:\/\/www.billiard-pro.cz\/sk\/wp-json\/wp\/v2\/comments?post=14430"}],"wp:featuredmedia":[{"embeddable":true,"href":"https:\/\/www.billiard-pro.cz\/sk\/wp-json\/wp\/v2\/media\/14429"}],"wp:attachment":[{"href":"https:\/\/www.billiard-pro.cz\/sk\/wp-json\/wp\/v2\/media?parent=14430"}],"wp:term":[{"taxonomy":"product_brand","embeddable":true,"href":"https:\/\/www.billiard-pro.cz\/sk\/wp-json\/wp\/v2\/product_brand?post=14430"},{"taxonomy":"product_cat","embeddable":true,"href":"https:\/\/www.billiard-pro.cz\/sk\/wp-json\/wp\/v2\/product_cat?post=14430"},{"taxonomy":"product_tag","embeddable":true,"href":"https:\/\/www.billiard-pro.cz\/sk\/wp-json\/wp\/v2\/product_tag?post=14430"}],"curies":[{"name":"wp","href":"https:\/\/api.w.org\/{rel}","templated":true}]}}