{"id":14785,"date":"2022-05-18T11:10:22","date_gmt":"2022-05-18T09:10:22","guid":{"rendered":"https:\/\/www.billiard-pro.cz\/?post_type=product&#038;p=14785"},"modified":"2022-05-18T11:18:02","modified_gmt":"2022-05-18T09:18:02","slug":"biliardove-tago-poolove-stinger-1-fury","status":"publish","type":"product","link":"https:\/\/www.billiard-pro.cz\/sk\/obchod\/billiardove-potreby\/taga-sk\/taga-pool-sk\/biliardove-tago-poolove-stinger-1-fury\/","title":{"rendered":"Biliardov\u00e9 t\u00e1go poolov\u00e9 Stinger 1 &#8211; Fury"},"content":{"rendered":"<p><strong>Biliardov\u00e9 t\u00e1go poolov\u00e9 Stinger 1 &#8211; Fury<img loading=\"lazy\" decoding=\"async\" class=\"size-full wp-image-9662 alignright\" src=\"https:\/\/www.billiard-pro.cz\/wp-content\/uploads\/2016\/10\/LogoFury56cd87302d2bb57638f5eb23b7.jpg\" alt=\"\" width=\"100\" height=\"50\" \/> <\/strong><\/p>\n<ul>\n<li>Dobr\u00fd pomer kvality a ceny<\/li>\n<li>\u0160pi\u010dkov\u00e1 kvalita za f\u00e9rov\u00fa cenu<\/li>\n<li>Vynikaj\u00face pevn\u00e9 a robustn\u00e9 t\u00e1go dvojdielne<\/li>\n<li>Ide\u00e1lne pre za\u010diato\u010dn\u00edkov<\/li>\n<li>Zosilnen\u00e1 \u0161pi\u010dka z kanadsk\u00e9ho javora<\/li>\n<li>UV povrchov\u00e1 \u00faprava s vysok\u00fdm leskom<\/li>\n<li>Omot\u00e1vka \u00cdrsky \u013ean<\/li>\n<li>Ozdobn\u00e9 prvky z le\u0161tenej nerezovej ocele<\/li>\n<li>Qucik release\u00a0 z\u00e1vit<\/li>\n<li>D\u013a\u017eka t\u00e1ga 148 cm<\/li>\n<li>V\u00e1ha: 19,5 oz<\/li>\n<li>Ko\u017ea 12,7 mm<\/li>\n<li>Kostice: Fiber<\/li>\n<\/ul>\n<p>Nov\u00fd rad t\u00e1g Stinger od Fury predstavuje neprekonate\u013en\u00fd pomer ceny a v\u00fdkonu a pritom neohrozuje dizajn a kvalitu. T\u00e1ga s\u00fa vyroben\u00e9 z ru\u010dne vybran\u00e9ho severokanadsk\u00e9ho javorov\u00e9ho dreva a pr\u00edkladne spracovan\u00e1. Fury prejavuje ve\u013ek\u00fa l\u00e1sku a pozornos\u0165 k detailu v mimoriadnych form\u00e1ch a farb\u00e1ch klasick\u00e9ho designu ozd\u00f4b. Pre optim\u00e1lnu kontrolu gule maj\u00fa t\u00e1ga prvotriednu 12,7mm viacvrstvov\u00fa ko\u017eu, r\u00fdchloup\u00ednac\u00ed presn\u00fd spoj, origin\u00e1lny \u00edrsky \u013eanov\u00fd grip a taktie\u017e \u0161peci\u00e1lnu povrchov\u00fa \u00fapravu pre dokonal\u00fa ochranu t\u00e1ga.<\/p>\n<p><strong>K dispoz\u00edcii k nahliadnutiu a priamemu n\u00e1kupu v na\u0161ej vzorkovni: BC \u0158ipsk\u00e1, \u0158ipsk\u00e1 24, Praha 3 <\/strong><\/p>\n<p><strong>Materi\u00e1l<\/strong>: moren\u00fd kanadsk\u00fd javor (AAA kvalita), vysoko le\u0161ten\u00e1 nerezov\u00e1 oce\u013e<\/p>\n<p><strong>V\u00fdrobca:<\/strong> Stinger by Fury &#8211; import Dynamic, Nemecko<\/p>\n<p><strong>Dostupnos\u0165 tovaru<\/strong>: skladom<\/p>\n","protected":false},"excerpt":{"rendered":"<p>Biliardov\u00e9 t\u00e1go poolov\u00e9 Stinger 1 &#8211; Fury Dobr\u00fd pomer kvality a ceny \u0160pi\u010dkov\u00e1 kvalita za f\u00e9rov\u00fa cenu Vynikaj\u00face pevn\u00e9 a robustn\u00e9 t\u00e1go dvojdielne Ide\u00e1lne pre za\u010diato\u010dn\u00edkov Zosilnen\u00e1 \u0161pi\u010dka z kanadsk\u00e9ho javora UV povrchov\u00e1 \u00faprava s vysok\u00fdm leskom Omot\u00e1vka \u00cdrsky \u013ean Ozdobn\u00e9 prvky z le\u0161tenej nerezovej ocele Qucik release\u00a0 z\u00e1vit D\u013a\u017eka t\u00e1ga 148 cm V\u00e1ha: 19,5 [&hellip;]<\/p>\n","protected":false},"featured_media":14766,"comment_status":"closed","ping_status":"closed","template":"","meta":[],"product_brand":[],"product_cat":[253,331],"product_tag":[],"class_list":{"0":"post-14785","1":"product","2":"type-product","3":"status-publish","4":"has-post-thumbnail","6":"product_cat-taga-sk","7":"product_cat-taga-pool-sk","9":"first","10":"instock","11":"sale","12":"shipping-taxable","13":"purchasable","14":"product-type-simple"},"_links":{"self":[{"href":"https:\/\/www.billiard-pro.cz\/sk\/wp-json\/wp\/v2\/product\/14785","targetHints":{"allow":["GET"]}}],"collection":[{"href":"https:\/\/www.billiard-pro.cz\/sk\/wp-json\/wp\/v2\/product"}],"about":[{"href":"https:\/\/www.billiard-pro.cz\/sk\/wp-json\/wp\/v2\/types\/product"}],"replies":[{"embeddable":true,"href":"https:\/\/www.billiard-pro.cz\/sk\/wp-json\/wp\/v2\/comments?post=14785"}],"wp:featuredmedia":[{"embeddable":true,"href":"https:\/\/www.billiard-pro.cz\/sk\/wp-json\/wp\/v2\/media\/14766"}],"wp:attachment":[{"href":"https:\/\/www.billiard-pro.cz\/sk\/wp-json\/wp\/v2\/media?parent=14785"}],"wp:term":[{"taxonomy":"product_brand","embeddable":true,"href":"https:\/\/www.billiard-pro.cz\/sk\/wp-json\/wp\/v2\/product_brand?post=14785"},{"taxonomy":"product_cat","embeddable":true,"href":"https:\/\/www.billiard-pro.cz\/sk\/wp-json\/wp\/v2\/product_cat?post=14785"},{"taxonomy":"product_tag","embeddable":true,"href":"https:\/\/www.billiard-pro.cz\/sk\/wp-json\/wp\/v2\/product_tag?post=14785"}],"curies":[{"name":"wp","href":"https:\/\/api.w.org\/{rel}","templated":true}]}}