{"id":15033,"date":"2022-06-21T14:11:42","date_gmt":"2022-06-21T12:11:42","guid":{"rendered":"https:\/\/www.billiard-pro.cz\/?post_type=product&#038;p=15033"},"modified":"2022-06-21T14:15:43","modified_gmt":"2022-06-21T12:15:43","slug":"rukavicka-poison-camo-3-fingers-velkost-l-xl-biliardova-rukavice","status":"publish","type":"product","link":"https:\/\/www.billiard-pro.cz\/sk\/obchod\/billiardove-potreby\/rukavicky-gulecnikove\/rukavicka-poison-camo-3-fingers-velkost-l-xl-biliardova-rukavice\/","title":{"rendered":"Rukavi\u010dka Poison Camo 3 fingers  ve\u013ekos\u0165 L\/XL -biliardov\u00e1 rukavice"},"content":{"rendered":"<p><strong><span class=\"JLqJ4b ChMk0b\" data-language-for-alternatives=\"sk\" data-language-to-translate-into=\"cs\" data-phrase-index=\"0\" data-number-of-phrases=\"31\"><span class=\"Q4iAWc\">Rukavi\u010dka Poison Camo 3-fingers &#8211; ve\u013ekos\u0165 L \/ XL\u00a0<\/span><\/span><\/strong><\/p>\n<p>&nbsp;<\/p>\n<ul>\n<li>NOVINKA!<\/li>\n<li>T\u00e1to rukavi\u010dka je va\u0161a druh\u00e1 ko\u017ea!<\/li>\n<li>Absorbuje pot<\/li>\n<li>Ultra-Dry \u2013 priedu\u0161n\u00e1 sie\u0165ovina<\/li>\n<li>Non-Slip Thumb Pad \u2013 proti\u0161mykov\u00e9 body<\/li>\n<li>Maximalizuje pohyb \u0161pice t\u00e1ga v ruke hr\u00e1\u010da<\/li>\n<li>Zv\u00fd\u0161i presnos\u0165 pri tempov\u00e1n\u00ed<\/li>\n<li>Dvojit\u00e9 pre\u0161itie<\/li>\n<li>Otvoren\u00e9 prsty<\/li>\n<li>Elastick\u00e9 zap\u00ednanie na such\u00fd zips<\/li>\n<li>Ultra-dry povrch s n\u00edzkym tren\u00edm<\/li>\n<li>Pre prav\u00e1ka (na \u013eav\u00fa ruku)<\/li>\n<li>Ve\u013ekos\u0165 L\/XL (\u0161\u00edrka dlane viac ako 9 cm)<\/li>\n<li>Biliardov\u00e9 rukavice Poison by Predator poskytuj\u00fa hr\u00e1\u010dom v\u0161etk\u00fdch \u00farovn\u00ed extr\u00e9mne hladk\u00fd povrch s n\u00edzkym tren\u00edm pre zv\u00fd\u0161enie presnosti a konzistencie hry bez oh\u013eadu na hern\u00e9 podmienky.<\/li>\n<li>S touto rukavi\u010dkou m\u00e1te v\u017edy v ruke bezprobl\u00e9mov\u00fd a stabiln\u00fd \u00fachop k tvrd\u00e9mu \u00faderu a m\u00f4\u017eete sa v pokoji zamera\u0165 na to, \u010do je najviac d\u00f4le\u017eit\u00e9 \u2013 v\u00ed\u0165azstvo.<\/li>\n<\/ul>\n<p><strong>Material:<\/strong> 100% Lycra<\/p>\n<p><strong>V\u00fdrobca:<\/strong> Poison by Predator<\/p>\n<p><strong>Dostupnos\u0165:<\/strong>\u00a0skladom<\/p>\n<p>&nbsp;<\/p>\n","protected":false},"excerpt":{"rendered":"<p>Rukavi\u010dka Poison Camo 3-fingers &#8211; ve\u013ekos\u0165 L \/ XL\u00a0 &nbsp; NOVINKA! T\u00e1to rukavi\u010dka je va\u0161a druh\u00e1 ko\u017ea! Absorbuje pot Ultra-Dry \u2013 priedu\u0161n\u00e1 sie\u0165ovina Non-Slip Thumb Pad \u2013 proti\u0161mykov\u00e9 body Maximalizuje pohyb \u0161pice t\u00e1ga v ruke hr\u00e1\u010da Zv\u00fd\u0161i presnos\u0165 pri tempov\u00e1n\u00ed Dvojit\u00e9 pre\u0161itie Otvoren\u00e9 prsty Elastick\u00e9 zap\u00ednanie na such\u00fd zips Ultra-dry povrch s n\u00edzkym tren\u00edm Pre [&hellip;]<\/p>\n","protected":false},"featured_media":15032,"comment_status":"closed","ping_status":"closed","template":"","meta":[],"product_brand":[],"product_cat":[251,337],"product_tag":[],"class_list":{"0":"post-15033","1":"product","2":"type-product","3":"status-publish","4":"has-post-thumbnail","6":"product_cat-billiardove-potreby","7":"product_cat-rukavicky-gulecnikove","9":"first","10":"instock","11":"shipping-taxable","12":"purchasable","13":"product-type-simple"},"_links":{"self":[{"href":"https:\/\/www.billiard-pro.cz\/sk\/wp-json\/wp\/v2\/product\/15033","targetHints":{"allow":["GET"]}}],"collection":[{"href":"https:\/\/www.billiard-pro.cz\/sk\/wp-json\/wp\/v2\/product"}],"about":[{"href":"https:\/\/www.billiard-pro.cz\/sk\/wp-json\/wp\/v2\/types\/product"}],"replies":[{"embeddable":true,"href":"https:\/\/www.billiard-pro.cz\/sk\/wp-json\/wp\/v2\/comments?post=15033"}],"wp:featuredmedia":[{"embeddable":true,"href":"https:\/\/www.billiard-pro.cz\/sk\/wp-json\/wp\/v2\/media\/15032"}],"wp:attachment":[{"href":"https:\/\/www.billiard-pro.cz\/sk\/wp-json\/wp\/v2\/media?parent=15033"}],"wp:term":[{"taxonomy":"product_brand","embeddable":true,"href":"https:\/\/www.billiard-pro.cz\/sk\/wp-json\/wp\/v2\/product_brand?post=15033"},{"taxonomy":"product_cat","embeddable":true,"href":"https:\/\/www.billiard-pro.cz\/sk\/wp-json\/wp\/v2\/product_cat?post=15033"},{"taxonomy":"product_tag","embeddable":true,"href":"https:\/\/www.billiard-pro.cz\/sk\/wp-json\/wp\/v2\/product_tag?post=15033"}],"curies":[{"name":"wp","href":"https:\/\/api.w.org\/{rel}","templated":true}]}}