{"id":15112,"date":"2022-07-10T12:34:15","date_gmt":"2022-07-10T10:34:15","guid":{"rendered":"https:\/\/www.billiard-pro.cz\/?post_type=product&#038;p=15112"},"modified":"2022-07-10T13:13:30","modified_gmt":"2022-07-10T11:13:30","slug":"super-aramith-pre-cup-challenge-615-mm","status":"publish","type":"product","link":"https:\/\/www.billiard-pro.cz\/sk\/obchod\/biliardove-gule-aramith\/krambou\/super-aramith-pre-cup-challenge-615-mm\/","title":{"rendered":"SUPER ARAMITH PRE CUP CHALLENGE 61,5 MM"},"content":{"rendered":"<p><strong><span class=\"JLqJ4b ChMk0b\" data-language-for-alternatives=\"sk\" data-language-to-translate-into=\"cs\" data-phrase-index=\"0\" data-number-of-phrases=\"23\"><span class=\"Q4iAWc\">SUPER ARAMITH PRE CUP CHALLENGE 61,5 MM<\/span><\/span> <\/strong><\/p>\n<ul>\n<li><span class=\"JLqJ4b ChMk0b\" data-language-for-alternatives=\"sk\" data-language-to-translate-into=\"cs\" data-phrase-index=\"2\" data-number-of-phrases=\"23\"><span class=\"Q4iAWc\">Spolo\u010dnos\u0165 SALUC uviedla na trh NOVINKU Super Aramith Pro Cup Challenge 61,5 mm<\/span><\/span><\/li>\n<li><span class=\"JLqJ4b ChMk0b\" data-language-for-alternatives=\"sk\" data-language-to-translate-into=\"cs\" data-phrase-index=\"4\" data-number-of-phrases=\"23\"><span class=\"Q4iAWc\">Exkluz\u00edvny 6bodov\u00fd design, vyroben\u00fd spolo\u010dnos\u0165ou Aramith\u00ae<\/span><\/span><\/li>\n<li><span class=\"JLqJ4b ChMk0b\" data-language-for-alternatives=\"sk\" data-language-to-translate-into=\"cs\" data-phrase-index=\"6\" data-number-of-phrases=\"23\"><span class=\"Q4iAWc\">Materi\u00e1l ARAMITH Phenolic.<\/span><\/span><\/li>\n<li><span class=\"JLqJ4b ChMk0b\" data-language-for-alternatives=\"sk\" data-language-to-translate-into=\"cs\" data-phrase-index=\"8\" data-number-of-phrases=\"23\"><span class=\"Q4iAWc\">Priemer gule 61,5 mm<\/span><\/span> <span class=\"JLqJ4b ChMk0b\" data-language-for-alternatives=\"sk\" data-language-to-translate-into=\"cs\" data-phrase-index=\"10\" data-number-of-phrases=\"23\"><span class=\"Q4iAWc\">Pre z\u00e1vodn\u00fdch hr\u00e1\u010dov, kluby \u010cMBS pon\u00fakame individu\u00e1lne ceny.<\/span><\/span><\/li>\n<li><span class=\"JLqJ4b ChMk0b\" data-language-for-alternatives=\"sk\" data-language-to-translate-into=\"cs\" data-phrase-index=\"12\" data-number-of-phrases=\"23\"><span class=\"Q4iAWc\">Nov\u00fd, v\u00fdrazn\u00fd, exkluz\u00edvny dizajn \u0161iestich bodiek na ka\u017edej guli!<\/span><\/span><\/li>\n<li><span class=\"JLqJ4b ChMk0b\" data-language-for-alternatives=\"sk\" data-language-to-translate-into=\"cs\" data-phrase-index=\"14\" data-number-of-phrases=\"23\"><span class=\"Q4iAWc\">T\u00e1to inov\u00e1cia umo\u017e\u0148uje lep\u0161iu preh\u013eadnos\u0165 hry, hr\u00e1\u010di aj div\u00e1ci v\u010faka bodkovan\u00fdm guliam ove\u013ea lep\u0161ie sleduj\u00fa rot\u00e1ciu gule a zahranej fal\u0161e.<\/span><\/span><\/li>\n<li><span class=\"JLqJ4b ChMk0b\" data-language-for-alternatives=\"sk\" data-language-to-translate-into=\"cs\" data-phrase-index=\"16\" data-number-of-phrases=\"23\"><span class=\"Q4iAWc\">S\u00faprava umo\u017e\u0148uje \u010falej roz\u0161\u00edrenie hrac\u00edch mo\u017enost\u00ed na hru pre 3 hr\u00e1\u010dov<\/span><\/span><\/li>\n<li><span class=\"JLqJ4b ChMk0b\" data-language-for-alternatives=\"sk\" data-language-to-translate-into=\"cs\" data-phrase-index=\"18\" data-number-of-phrases=\"23\"><span class=\"Q4iAWc\">Materi\u00e1l:\u00a0\u00a0ARAMITH Phenolic \u2013 nov\u00e1 technol\u00f3gia materi\u00e1lu DuramithTM Technology (4.gener\u00e1cia \u017eiv\u00edc)<\/span><\/span><\/li>\n<li><span class=\"JLqJ4b ChMk0b\" data-language-for-alternatives=\"sk\" data-language-to-translate-into=\"cs\" data-phrase-index=\"20\" data-number-of-phrases=\"23\"><span class=\"Q4iAWc\">Na \u010distenie gul\u00ed ARAMITH pou\u017eite \u00a0ARAMITH Cleaner\u00a0\u2013 zna\u010dkov\u00fd \u010distiaci roztok na \u00fadr\u017ebu gul\u00ed.<\/span><\/span><\/li>\n<\/ul>\n<p><span class=\"JLqJ4b ChMk0b\" data-language-for-alternatives=\"sk\" data-language-to-translate-into=\"cs\" data-phrase-index=\"22\" data-number-of-phrases=\"23\"><span class=\"Q4iAWc\"><strong>Dostupnos\u0165 tovaru:<\/strong> skladom<\/span><\/span><\/p>\n","protected":false},"excerpt":{"rendered":"<p>SUPER ARAMITH PRE CUP CHALLENGE 61,5 MM Spolo\u010dnos\u0165 SALUC uviedla na trh NOVINKU Super Aramith Pro Cup Challenge 61,5 mm Exkluz\u00edvny 6bodov\u00fd design, vyroben\u00fd spolo\u010dnos\u0165ou Aramith\u00ae Materi\u00e1l ARAMITH Phenolic. Priemer gule 61,5 mm Pre z\u00e1vodn\u00fdch hr\u00e1\u010dov, kluby \u010cMBS pon\u00fakame individu\u00e1lne ceny. Nov\u00fd, v\u00fdrazn\u00fd, exkluz\u00edvny dizajn \u0161iestich bodiek na ka\u017edej guli! T\u00e1to inov\u00e1cia umo\u017e\u0148uje lep\u0161iu preh\u013eadnos\u0165 [&hellip;]<\/p>\n","protected":false},"featured_media":15111,"comment_status":"closed","ping_status":"closed","template":"","meta":[],"product_brand":[],"product_cat":[277,386],"product_tag":[],"class_list":{"0":"post-15112","1":"product","2":"type-product","3":"status-publish","4":"has-post-thumbnail","6":"product_cat-biliardove-gule-aramith","7":"product_cat-krambou","9":"first","10":"instock","11":"shipping-taxable","12":"purchasable","13":"product-type-simple"},"_links":{"self":[{"href":"https:\/\/www.billiard-pro.cz\/sk\/wp-json\/wp\/v2\/product\/15112","targetHints":{"allow":["GET"]}}],"collection":[{"href":"https:\/\/www.billiard-pro.cz\/sk\/wp-json\/wp\/v2\/product"}],"about":[{"href":"https:\/\/www.billiard-pro.cz\/sk\/wp-json\/wp\/v2\/types\/product"}],"replies":[{"embeddable":true,"href":"https:\/\/www.billiard-pro.cz\/sk\/wp-json\/wp\/v2\/comments?post=15112"}],"wp:featuredmedia":[{"embeddable":true,"href":"https:\/\/www.billiard-pro.cz\/sk\/wp-json\/wp\/v2\/media\/15111"}],"wp:attachment":[{"href":"https:\/\/www.billiard-pro.cz\/sk\/wp-json\/wp\/v2\/media?parent=15112"}],"wp:term":[{"taxonomy":"product_brand","embeddable":true,"href":"https:\/\/www.billiard-pro.cz\/sk\/wp-json\/wp\/v2\/product_brand?post=15112"},{"taxonomy":"product_cat","embeddable":true,"href":"https:\/\/www.billiard-pro.cz\/sk\/wp-json\/wp\/v2\/product_cat?post=15112"},{"taxonomy":"product_tag","embeddable":true,"href":"https:\/\/www.billiard-pro.cz\/sk\/wp-json\/wp\/v2\/product_tag?post=15112"}],"curies":[{"name":"wp","href":"https:\/\/api.w.org\/{rel}","templated":true}]}}