{"id":15333,"date":"2022-08-31T12:23:59","date_gmt":"2022-08-31T10:23:59","guid":{"rendered":"https:\/\/www.billiard-pro.cz\/?post_type=product&#038;p=15333"},"modified":"2022-08-31T12:25:42","modified_gmt":"2022-08-31T10:25:42","slug":"biliardove-tago-cuetec-platinum-diamond-laser-white","status":"publish","type":"product","link":"https:\/\/www.billiard-pro.cz\/sk\/obchod\/billiardove-potreby\/taga-sk\/taga-pool-sk\/biliardove-tago-cuetec-platinum-diamond-laser-white\/","title":{"rendered":"Biliardov\u00e9 t\u00e1go Cuetec Platinum Diamond Laser White"},"content":{"rendered":"<p><strong><span class=\"JLqJ4b ChMk0b\" data-language-for-alternatives=\"sk\" data-language-to-translate-into=\"cs\" data-phrase-index=\"0\" data-number-of-phrases=\"23\"><span class=\"Q4iAWc\">Biliardov\u00e9 t\u00e1go Cuetec Platinum Diamond Laser White<\/span><\/span> <\/strong><\/p>\n<p><span class=\"JLqJ4b ChMk0b\" data-language-for-alternatives=\"sk\" data-language-to-translate-into=\"cs\" data-phrase-index=\"2\" data-number-of-phrases=\"23\"><span class=\"Q4iAWc\">T\u00c1GA PLATINOV\u00c9HO RADU CUETEC S\u00da SKUTO\u010cNE PRI\u0164AHOVA\u010cOM POZORNOSTI !<\/span><\/span><\/p>\n<ul>\n<li><span class=\"JLqJ4b ChMk0b\" data-language-for-alternatives=\"sk\" data-language-to-translate-into=\"cs\" data-phrase-index=\"4\" data-number-of-phrases=\"23\"><span class=\"Q4iAWc\">Spodok a vrch t\u00e1ga s\u00fa farebne zladen\u00e9 pre v\u00fdrazn\u00fd vzh\u013ead.<\/span><\/span><\/li>\n<li><span class=\"JLqJ4b ChMk0b\" data-language-for-alternatives=\"sk\" data-language-to-translate-into=\"cs\" data-phrase-index=\"6\" data-number-of-phrases=\"23\"><span class=\"Q4iAWc\">Shaft je lakovan\u00fd sklen\u00fdm vl\u00e1knom spojen\u00fdm so severoamerick\u00fdm javorom triedy A a je odoln\u00fd proti po\u0161kriabaniu s 13mm luxusnou hnedou ko\u017eenou \u0161pi\u010dkou, polykarbon\u00e1tovou obj\u00edmkou na tlmenie n\u00e1razov a profesion\u00e1lnym ku\u017ee\u013eom pre pohodln\u00fd \u0165ah.<\/span><\/span><\/li>\n<li><span class=\"JLqJ4b ChMk0b\" data-language-for-alternatives=\"sk\" data-language-to-translate-into=\"cs\" data-phrase-index=\"8\" data-number-of-phrases=\"23\"><span class=\"Q4iAWc\">Tieto t\u00e1ga s\u00fa vyroben\u00e9 pomocou \u010dierneho implexov\u00e9ho spoja so spodkom z tvrd\u00e9ho dreva so sl\u00e1vnym n\u00e1vlekom Veltex od Cuetec pre ist\u00fd \u00fachop a oslniv\u00fdm diamantov\u00fdm laserov\u00fdm obtla\u010dkom.<\/span><\/span><\/li>\n<li><span class=\"JLqJ4b ChMk0b\" data-language-for-alternatives=\"sk\" data-language-to-translate-into=\"cs\" data-phrase-index=\"10\" data-number-of-phrases=\"23\"><span class=\"Q4iAWc\">Skvel\u00e1 vstupn\u00e1 cena znamen\u00e1, \u017ee sa jedn\u00e1 o ve\u013emi dostupn\u00e9 t\u00e1go so skuto\u010dnou profesion\u00e1lnou kvalitou.<\/span><\/span><\/li>\n<li><span class=\"JLqJ4b ChMk0b\" data-language-for-alternatives=\"sk\" data-language-to-translate-into=\"cs\" data-phrase-index=\"12\" data-number-of-phrases=\"23\"><span class=\"Q4iAWc\">Shaft: Proffesional taper<\/span><\/span><\/li>\n<li><span class=\"JLqJ4b ChMk0b\" data-language-for-alternatives=\"sk\" data-language-to-translate-into=\"cs\" data-phrase-index=\"14\" data-number-of-phrases=\"23\"><span class=\"Q4iAWc\">Z\u00e1vit: 3\/8\u2033 x 14\u2033 (20,00 mm) S<\/span><\/span><\/li>\n<li><span class=\"JLqJ4b ChMk0b\" data-language-for-alternatives=\"sk\" data-language-to-translate-into=\"cs\" data-phrase-index=\"16\" data-number-of-phrases=\"23\"><span class=\"Q4iAWc\">Kostice: Polykarbon\u00e1t<\/span><\/span><\/li>\n<li><span class=\"JLqJ4b ChMk0b\" data-language-for-alternatives=\"sk\" data-language-to-translate-into=\"cs\" data-phrase-index=\"18\" data-number-of-phrases=\"23\"><span class=\"Q4iAWc\">Butt: Ma\u013eovan\u00e9 tvrd\u00e9 drevo s dizajnom diamantovej laserovej obtla\u010dky<\/span><\/span> <span class=\"JLqJ4b ChMk0b\" data-language-for-alternatives=\"sk\" data-language-to-translate-into=\"cs\" data-phrase-index=\"20\" data-number-of-phrases=\"23\"><span class=\"Q4iAWc\">Trieda A Severoamerick\u00fd Javor<\/span><\/span><\/li>\n<li><span class=\"JLqJ4b ChMk0b\" data-language-for-alternatives=\"sk\" data-language-to-translate-into=\"cs\" data-phrase-index=\"22\" data-number-of-phrases=\"23\"><span class=\"Q4iAWc\">Dostupnos\u0165: skladom<\/span><\/span><\/li>\n<\/ul>\n","protected":false},"excerpt":{"rendered":"<p>Biliardov\u00e9 t\u00e1go Cuetec Platinum Diamond Laser White T\u00c1GA PLATINOV\u00c9HO RADU CUETEC S\u00da SKUTO\u010cNE PRI\u0164AHOVA\u010cOM POZORNOSTI ! Spodok a vrch t\u00e1ga s\u00fa farebne zladen\u00e9 pre v\u00fdrazn\u00fd vzh\u013ead. Shaft je lakovan\u00fd sklen\u00fdm vl\u00e1knom spojen\u00fdm so severoamerick\u00fdm javorom triedy A a je odoln\u00fd proti po\u0161kriabaniu s 13mm luxusnou hnedou ko\u017eenou \u0161pi\u010dkou, polykarbon\u00e1tovou obj\u00edmkou na tlmenie n\u00e1razov a profesion\u00e1lnym [&hellip;]<\/p>\n","protected":false},"featured_media":15320,"comment_status":"closed","ping_status":"closed","template":"","meta":[],"product_brand":[],"product_cat":[253,331],"product_tag":[],"class_list":{"0":"post-15333","1":"product","2":"type-product","3":"status-publish","4":"has-post-thumbnail","6":"product_cat-taga-sk","7":"product_cat-taga-pool-sk","9":"first","10":"outofstock","11":"shipping-taxable","12":"purchasable","13":"product-type-simple"},"_links":{"self":[{"href":"https:\/\/www.billiard-pro.cz\/sk\/wp-json\/wp\/v2\/product\/15333","targetHints":{"allow":["GET"]}}],"collection":[{"href":"https:\/\/www.billiard-pro.cz\/sk\/wp-json\/wp\/v2\/product"}],"about":[{"href":"https:\/\/www.billiard-pro.cz\/sk\/wp-json\/wp\/v2\/types\/product"}],"replies":[{"embeddable":true,"href":"https:\/\/www.billiard-pro.cz\/sk\/wp-json\/wp\/v2\/comments?post=15333"}],"wp:featuredmedia":[{"embeddable":true,"href":"https:\/\/www.billiard-pro.cz\/sk\/wp-json\/wp\/v2\/media\/15320"}],"wp:attachment":[{"href":"https:\/\/www.billiard-pro.cz\/sk\/wp-json\/wp\/v2\/media?parent=15333"}],"wp:term":[{"taxonomy":"product_brand","embeddable":true,"href":"https:\/\/www.billiard-pro.cz\/sk\/wp-json\/wp\/v2\/product_brand?post=15333"},{"taxonomy":"product_cat","embeddable":true,"href":"https:\/\/www.billiard-pro.cz\/sk\/wp-json\/wp\/v2\/product_cat?post=15333"},{"taxonomy":"product_tag","embeddable":true,"href":"https:\/\/www.billiard-pro.cz\/sk\/wp-json\/wp\/v2\/product_tag?post=15333"}],"curies":[{"name":"wp","href":"https:\/\/api.w.org\/{rel}","templated":true}]}}