{"id":15630,"date":"2023-01-11T19:04:39","date_gmt":"2023-01-11T18:04:39","guid":{"rendered":"https:\/\/www.billiard-pro.cz\/?post_type=product&#038;p=15630"},"modified":"2023-01-11T19:06:40","modified_gmt":"2023-01-11T18:06:40","slug":"biliardove-tago-classic-siken-2","status":"publish","type":"product","link":"https:\/\/www.billiard-pro.cz\/sk\/obchod\/billiardove-potreby\/taga-sk\/taga-pool-sk\/biliardove-tago-classic-siken-2\/","title":{"rendered":"Biliardov\u00e9 t\u00e1go Classic Siken-2"},"content":{"rendered":"<p><strong><span class=\"jCAhz ChMk0b\"><span class=\"ryNqvb\">Biliardov\u00e9 t\u00e1go Classic Siken-2<\/span><\/span> <\/strong><\/p>\n<p><span class=\"jCAhz ChMk0b\"><span class=\"ryNqvb\">SIKEN ZO S\u00c9RIE CLASSIC JE PERFEKTN\u00c9 T\u00c1GO PRE AMAT\u00c9ROV S BEZKONKUREN\u010cN\u00ddM POMEROM CENY NA V\u00ddKON.<\/span><\/span><\/p>\n<p><span class=\"jCAhz ChMk0b\"><span class=\"ryNqvb\">T\u00e1go je vyroben\u00e9 z mas\u00edvneho javorov\u00e9ho dreva.<\/span><\/span><\/p>\n<p><span class=\"jCAhz ChMk0b\"><span class=\"ryNqvb\">Atrakt\u00edvny dizajnov\u00fd vzor a nieko\u013eko strieborn\u00fdch prste\u0148ov dod\u00e1vaj\u00fa t\u00e1gu vzh\u013ead a dojem skuto\u010dn\u00e9ho profesion\u00e1lneho t\u00e1ga.<\/span><\/span><\/p>\n<p><span class=\"jCAhz ChMk0b\"><span class=\"ryNqvb\">\u0160pica je vybaven\u00e1 5vrstvovou 13mm lepiacou ko\u017eenou \u0161pi\u010dkou.<\/span><\/span><\/p>\n<p><span class=\"jCAhz ChMk0b\"><span class=\"ryNqvb\">P\u00f4sobiv\u00fd v tejto cenovej kateg\u00f3rii je autentick\u00fd \u00edrsky \u013ean omot\u00e1vky.<\/span><\/span><\/p>\n<p><span class=\"jCAhz ChMk0b\"><span class=\"ryNqvb\">V\u010faka praktick\u00e9mu r\u00fdchlemu rozpojeniu sa s t\u00fdmto t\u00e1gom \u013eahko manipuluje.<\/span><\/span><\/p>\n<p><span class=\"jCAhz ChMk0b\"><span class=\"ryNqvb\">Z\u00e1vit je vyroben\u00fd z nerezovej ocele.<\/span><\/span><\/p>\n<p><span class=\"jCAhz ChMk0b\"><span class=\"ryNqvb\">Gumov\u00fd n\u00e1razn\u00edk poskytuje dodato\u010dn\u00fa ochranu.<\/span><\/span><\/p>\n<p><span class=\"jCAhz ChMk0b\"><span class=\"ryNqvb\"><strong>Shaft<\/strong>: vyroben\u00e9 z javorov\u00e9ho dreva 13mm lepiaci ko\u017een\u00fd hrot (5 vrstiev) strieborn\u00fd prste\u0148<\/span><\/span><\/p>\n<p><span class=\"jCAhz ChMk0b\"><span class=\"ryNqvb\"><strong>Dostupnos\u0165<\/strong>: Skladom<\/span><\/span><\/p>\n","protected":false},"excerpt":{"rendered":"<p>Biliardov\u00e9 t\u00e1go Classic Siken-2 SIKEN ZO S\u00c9RIE CLASSIC JE PERFEKTN\u00c9 T\u00c1GO PRE AMAT\u00c9ROV S BEZKONKUREN\u010cN\u00ddM POMEROM CENY NA V\u00ddKON. T\u00e1go je vyroben\u00e9 z mas\u00edvneho javorov\u00e9ho dreva. Atrakt\u00edvny dizajnov\u00fd vzor a nieko\u013eko strieborn\u00fdch prste\u0148ov dod\u00e1vaj\u00fa t\u00e1gu vzh\u013ead a dojem skuto\u010dn\u00e9ho profesion\u00e1lneho t\u00e1ga. \u0160pica je vybaven\u00e1 5vrstvovou 13mm lepiacou ko\u017eenou \u0161pi\u010dkou. P\u00f4sobiv\u00fd v tejto cenovej kateg\u00f3rii je [&hellip;]<\/p>\n","protected":false},"featured_media":15620,"comment_status":"closed","ping_status":"closed","template":"","meta":[],"product_brand":[],"product_cat":[251,253,331],"product_tag":[],"class_list":{"0":"post-15630","1":"product","2":"type-product","3":"status-publish","4":"has-post-thumbnail","6":"product_cat-billiardove-potreby","7":"product_cat-taga-sk","8":"product_cat-taga-pool-sk","10":"first","11":"instock","12":"shipping-taxable","13":"purchasable","14":"product-type-simple"},"_links":{"self":[{"href":"https:\/\/www.billiard-pro.cz\/sk\/wp-json\/wp\/v2\/product\/15630","targetHints":{"allow":["GET"]}}],"collection":[{"href":"https:\/\/www.billiard-pro.cz\/sk\/wp-json\/wp\/v2\/product"}],"about":[{"href":"https:\/\/www.billiard-pro.cz\/sk\/wp-json\/wp\/v2\/types\/product"}],"replies":[{"embeddable":true,"href":"https:\/\/www.billiard-pro.cz\/sk\/wp-json\/wp\/v2\/comments?post=15630"}],"wp:featuredmedia":[{"embeddable":true,"href":"https:\/\/www.billiard-pro.cz\/sk\/wp-json\/wp\/v2\/media\/15620"}],"wp:attachment":[{"href":"https:\/\/www.billiard-pro.cz\/sk\/wp-json\/wp\/v2\/media?parent=15630"}],"wp:term":[{"taxonomy":"product_brand","embeddable":true,"href":"https:\/\/www.billiard-pro.cz\/sk\/wp-json\/wp\/v2\/product_brand?post=15630"},{"taxonomy":"product_cat","embeddable":true,"href":"https:\/\/www.billiard-pro.cz\/sk\/wp-json\/wp\/v2\/product_cat?post=15630"},{"taxonomy":"product_tag","embeddable":true,"href":"https:\/\/www.billiard-pro.cz\/sk\/wp-json\/wp\/v2\/product_tag?post=15630"}],"curies":[{"name":"wp","href":"https:\/\/api.w.org\/{rel}","templated":true}]}}