{"id":15659,"date":"2023-01-17T11:35:12","date_gmt":"2023-01-17T10:35:12","guid":{"rendered":"https:\/\/www.billiard-pro.cz\/?post_type=product&#038;p=15659"},"modified":"2023-01-17T11:38:46","modified_gmt":"2023-01-17T10:38:46","slug":"billiardove-tago-classic-we-04","status":"publish","type":"product","link":"https:\/\/www.billiard-pro.cz\/sk\/obchod\/billiardove-potreby\/taga-sk\/taga-pool-sk\/billiardove-tago-classic-we-04\/","title":{"rendered":"Billiardov\u00e9 t\u00e1go Classic WE-04"},"content":{"rendered":"<p><strong><span class=\"jCAhz ChMk0b\"><span class=\"ryNqvb\">Billiardov\u00e9 t\u00e1go Classic WE-04<\/span><\/span><\/strong><\/p>\n<p><span class=\"jCAhz ChMk0b\"><span class=\"ryNqvb\">BEZKONKUREN\u010cN\u00dd POMER CENA\u00a0 A\u00a0 V\u00ddKON !<\/span><\/span><\/p>\n<p><span class=\"jCAhz ChMk0b\"><span class=\"ryNqvb\">Origin\u00e1lne javorov\u00e9 drevo, profesion\u00e1lne spracovan\u00e9, zais\u0165uje zna\u010dn\u00fa \u00farove\u0148 hrate\u013enosti.<\/span><\/span><\/p>\n<p><span class=\"jCAhz ChMk0b\"><span class=\"ryNqvb\">Vzh\u013ead a dojem poch\u00e1dza z ornament\u00e1lneho dizajnu, ktor\u00fd je aplikovan\u00fd \u0161peci\u00e1lnou technol\u00f3giou prenosu vody.<\/span><\/span><\/p>\n<p><span class=\"jCAhz ChMk0b\"><span class=\"ryNqvb\">T\u00e1go m\u00e1 \u00fachop zo syntetickej ko\u017ee a kvalitn\u00fd 13 mm hrot.<\/span><\/span><\/p>\n<p><span class=\"jCAhz ChMk0b\"><span class=\"ryNqvb\">Ide\u00e1lne pre pr\u00edle\u017eitostn\u00fdch a rekrea\u010dn\u00fdch hr\u00e1\u010dov.<\/span><\/span><\/p>\n<p><strong><span class=\"jCAhz ChMk0b\"><span class=\"ryNqvb\">Shaft:<\/span><\/span><\/strong> <span class=\"jCAhz ChMk0b\"><span class=\"ryNqvb\">vyroben\u00fd z javorov\u00e9ho dreva<\/span><\/span> <span class=\"jCAhz ChMk0b\"><span class=\"ryNqvb\">13 mm hrot<\/span><\/span><\/p>\n<p><span class=\"jCAhz ChMk0b\"><span class=\"ryNqvb\"><strong>Spodek:<\/strong> <\/span><\/span> <span class=\"jCAhz ChMk0b\"><span class=\"ryNqvb\">aplikovan\u00e9 ornamenty<\/span><\/span><\/p>\n<p><span class=\"jCAhz ChMk0b\"><span class=\"ryNqvb\"><strong>Rukov\u00e4\u0165<\/strong> zo syntetickej ko\u017ee<\/span><\/span> <span class=\"jCAhz ChMk0b\"><span class=\"ryNqvb\">5\/16&#215;18 spoj<\/span><\/span><\/p>\n<p><strong>Dostupnost:<\/strong> skladom<\/p>\n","protected":false},"excerpt":{"rendered":"<p>Billiardov\u00e9 t\u00e1go Classic WE-04 BEZKONKUREN\u010cN\u00dd POMER CENA\u00a0 A\u00a0 V\u00ddKON ! Origin\u00e1lne javorov\u00e9 drevo, profesion\u00e1lne spracovan\u00e9, zais\u0165uje zna\u010dn\u00fa \u00farove\u0148 hrate\u013enosti. Vzh\u013ead a dojem poch\u00e1dza z ornament\u00e1lneho dizajnu, ktor\u00fd je aplikovan\u00fd \u0161peci\u00e1lnou technol\u00f3giou prenosu vody. T\u00e1go m\u00e1 \u00fachop zo syntetickej ko\u017ee a kvalitn\u00fd 13 mm hrot. Ide\u00e1lne pre pr\u00edle\u017eitostn\u00fdch a rekrea\u010dn\u00fdch hr\u00e1\u010dov. Shaft: vyroben\u00fd z javorov\u00e9ho dreva [&hellip;]<\/p>\n","protected":false},"featured_media":15652,"comment_status":"closed","ping_status":"closed","template":"","meta":[],"product_brand":[],"product_cat":[251,253,331],"product_tag":[],"class_list":{"0":"post-15659","1":"product","2":"type-product","3":"status-publish","4":"has-post-thumbnail","6":"product_cat-billiardove-potreby","7":"product_cat-taga-sk","8":"product_cat-taga-pool-sk","10":"first","11":"instock","12":"shipping-taxable","13":"purchasable","14":"product-type-simple"},"_links":{"self":[{"href":"https:\/\/www.billiard-pro.cz\/sk\/wp-json\/wp\/v2\/product\/15659","targetHints":{"allow":["GET"]}}],"collection":[{"href":"https:\/\/www.billiard-pro.cz\/sk\/wp-json\/wp\/v2\/product"}],"about":[{"href":"https:\/\/www.billiard-pro.cz\/sk\/wp-json\/wp\/v2\/types\/product"}],"replies":[{"embeddable":true,"href":"https:\/\/www.billiard-pro.cz\/sk\/wp-json\/wp\/v2\/comments?post=15659"}],"wp:featuredmedia":[{"embeddable":true,"href":"https:\/\/www.billiard-pro.cz\/sk\/wp-json\/wp\/v2\/media\/15652"}],"wp:attachment":[{"href":"https:\/\/www.billiard-pro.cz\/sk\/wp-json\/wp\/v2\/media?parent=15659"}],"wp:term":[{"taxonomy":"product_brand","embeddable":true,"href":"https:\/\/www.billiard-pro.cz\/sk\/wp-json\/wp\/v2\/product_brand?post=15659"},{"taxonomy":"product_cat","embeddable":true,"href":"https:\/\/www.billiard-pro.cz\/sk\/wp-json\/wp\/v2\/product_cat?post=15659"},{"taxonomy":"product_tag","embeddable":true,"href":"https:\/\/www.billiard-pro.cz\/sk\/wp-json\/wp\/v2\/product_tag?post=15659"}],"curies":[{"name":"wp","href":"https:\/\/api.w.org\/{rel}","templated":true}]}}