{"id":15685,"date":"2023-01-17T11:58:59","date_gmt":"2023-01-17T10:58:59","guid":{"rendered":"https:\/\/www.billiard-pro.cz\/?post_type=product&#038;p=15685"},"modified":"2023-01-17T12:02:33","modified_gmt":"2023-01-17T11:02:33","slug":"biliardove-tago-classic-champion-a-1","status":"publish","type":"product","link":"https:\/\/www.billiard-pro.cz\/sk\/obchod\/billiardove-potreby\/taga-sk\/taga-pool-sk\/biliardove-tago-classic-champion-a-1\/","title":{"rendered":"Biliardov\u00e9 t\u00e1go Classic &#8222;Champion A-1"},"content":{"rendered":"<p><strong>Biliardov\u00e9 t\u00e1go Classic &#8222;Champion A-1<\/strong><\/p>\n<p><span class=\"jCAhz ChMk0b\"><span class=\"ryNqvb\">OB\u013d\u00daBEN\u00c9 PRE ZA\u010cIATO\u010cN\u00cdKOV A HOBBY HR\u00c1\u010cOV<\/span><\/span><\/p>\n<p><span class=\"jCAhz ChMk0b\"><span class=\"ryNqvb\">T\u00e1ga Classic Champion maj\u00fa pozoruhodne dobr\u00fd pomer ceny a v\u00fdkonu a mimoriadne kr\u00e1sny dizajn ornamentu.<\/span><\/span><\/p>\n<p><span class=\"jCAhz ChMk0b\"><span class=\"ryNqvb\">Dvojdielne t\u00e1ga s\u00fa vyroben\u00e9 z mas\u00edvne opracovan\u00e9ho dreva kanadsk\u00e9ho javora a vybaven\u00e9 \u010dierno-bielym \u00edrskym \u013eanov\u00fdm \u00fachopom a 13 mm hrotom.<\/span><\/span><\/p>\n<p><span class=\"jCAhz ChMk0b\"><span class=\"ryNqvb\">Tvrd\u00e9 drevo kanadsk\u00e9ho javora<\/span><\/span> <span class=\"jCAhz ChMk0b\"><span class=\"ryNqvb\">13 mm hrot<\/span><\/span><\/p>\n<p><span class=\"jCAhz ChMk0b\"><span class=\"ryNqvb\"><strong>Z\u00e1vit:<\/strong> <\/span><\/span>\u00a0<span class=\"jCAhz ChMk0b\"><span class=\"ryNqvb\">5\/16&#215;18 <\/span><\/span><\/p>\n<p><span class=\"jCAhz ChMk0b\"><span class=\"ryNqvb\"><strong>Omot\u00e1vka<\/strong>: \u010diernobiely \u00edrsky \u013ean<\/span><\/span><\/p>\n<p><span class=\"jCAhz ChMk0b\"><span class=\"ryNqvb\"><strong>Hmotnos\u0165<\/strong>: 19-20 oz (cca 567 g)<\/span><\/span><\/p>\n<p><span class=\"jCAhz ChMk0b\"><span class=\"ryNqvb\"><strong>D\u013a\u017eka:<\/strong> 58&#8243; (cca 147 cm)<\/span><\/span><\/p>\n<p><strong>Dostupnos\u0165<\/strong>: skladom<\/p>\n","protected":false},"excerpt":{"rendered":"<p>Biliardov\u00e9 t\u00e1go Classic &#8222;Champion A-1 OB\u013d\u00daBEN\u00c9 PRE ZA\u010cIATO\u010cN\u00cdKOV A HOBBY HR\u00c1\u010cOV T\u00e1ga Classic Champion maj\u00fa pozoruhodne dobr\u00fd pomer ceny a v\u00fdkonu a mimoriadne kr\u00e1sny dizajn ornamentu. Dvojdielne t\u00e1ga s\u00fa vyroben\u00e9 z mas\u00edvne opracovan\u00e9ho dreva kanadsk\u00e9ho javora a vybaven\u00e9 \u010dierno-bielym \u00edrskym \u013eanov\u00fdm \u00fachopom a 13 mm hrotom. Tvrd\u00e9 drevo kanadsk\u00e9ho javora 13 mm hrot Z\u00e1vit: \u00a05\/16&#215;18 [&hellip;]<\/p>\n","protected":false},"featured_media":15678,"comment_status":"closed","ping_status":"closed","template":"","meta":[],"product_brand":[],"product_cat":[251,253,331],"product_tag":[],"class_list":{"0":"post-15685","1":"product","2":"type-product","3":"status-publish","4":"has-post-thumbnail","6":"product_cat-billiardove-potreby","7":"product_cat-taga-sk","8":"product_cat-taga-pool-sk","10":"first","11":"instock","12":"shipping-taxable","13":"purchasable","14":"product-type-simple"},"_links":{"self":[{"href":"https:\/\/www.billiard-pro.cz\/sk\/wp-json\/wp\/v2\/product\/15685","targetHints":{"allow":["GET"]}}],"collection":[{"href":"https:\/\/www.billiard-pro.cz\/sk\/wp-json\/wp\/v2\/product"}],"about":[{"href":"https:\/\/www.billiard-pro.cz\/sk\/wp-json\/wp\/v2\/types\/product"}],"replies":[{"embeddable":true,"href":"https:\/\/www.billiard-pro.cz\/sk\/wp-json\/wp\/v2\/comments?post=15685"}],"wp:featuredmedia":[{"embeddable":true,"href":"https:\/\/www.billiard-pro.cz\/sk\/wp-json\/wp\/v2\/media\/15678"}],"wp:attachment":[{"href":"https:\/\/www.billiard-pro.cz\/sk\/wp-json\/wp\/v2\/media?parent=15685"}],"wp:term":[{"taxonomy":"product_brand","embeddable":true,"href":"https:\/\/www.billiard-pro.cz\/sk\/wp-json\/wp\/v2\/product_brand?post=15685"},{"taxonomy":"product_cat","embeddable":true,"href":"https:\/\/www.billiard-pro.cz\/sk\/wp-json\/wp\/v2\/product_cat?post=15685"},{"taxonomy":"product_tag","embeddable":true,"href":"https:\/\/www.billiard-pro.cz\/sk\/wp-json\/wp\/v2\/product_tag?post=15685"}],"curies":[{"name":"wp","href":"https:\/\/api.w.org\/{rel}","templated":true}]}}