{"id":15724,"date":"2023-01-17T12:16:03","date_gmt":"2023-01-17T11:16:03","guid":{"rendered":"https:\/\/www.billiard-pro.cz\/?post_type=product&#038;p=15724"},"modified":"2023-01-17T12:18:29","modified_gmt":"2023-01-17T11:18:29","slug":"biliardove-tago-pool-classic-strike-q3","status":"publish","type":"product","link":"https:\/\/www.billiard-pro.cz\/sk\/obchod\/billiardove-potreby\/taga-sk\/taga-pool-sk\/biliardove-tago-pool-classic-strike-q3\/","title":{"rendered":"Biliardov\u00e9 t\u00e1go, Pool, Classic &#8222;Strike Q3&#8220;"},"content":{"rendered":"<p><span class=\"jCAhz ChMk0b\"><span class=\"ryNqvb\"><strong>Biliardov\u00e9 t\u00e1go, Pool, Classic &#8222;Strike Q3&#8220;<\/strong>, <\/span><\/span><\/p>\n<p><span class=\"jCAhz ChMk0b\"><span class=\"ryNqvb\">ELEGANTN\u00dd DIZAJN<\/span><\/span><\/p>\n<p><span class=\"jCAhz ChMk0b\"><span class=\"ryNqvb\">Ob\u013e\u00faben\u00e9 u za\u010diato\u010dn\u00edkov a hobby hr\u00e1\u010dov pre ich elegantn\u00fd, jednoduch\u00fd dizajn a pozoruhodne dobr\u00fd pomer ceny a v\u00fdkonu.<\/span><\/span><\/p>\n<p><span class=\"jCAhz ChMk0b\"><span class=\"ryNqvb\">Dvojdielne t\u00e1ga s\u00fa vyroben\u00e9 z mas\u00edvne opracovan\u00e9ho dreva kanadsk\u00e9ho javora a vybaven\u00e9 \u010diernym gripom zo syntetickej ko\u017ee a 13 mm lepiacou ko\u017eou.<\/span><\/span><\/p>\n<p><span class=\"jCAhz ChMk0b\"><span class=\"ryNqvb\">Tvrd\u00e9 drevo kanadsk\u00e9ho javora<\/span><\/span> <span class=\"jCAhz ChMk0b\"><span class=\"ryNqvb\">13 mm hrot<\/span><\/span><\/p>\n<p><span class=\"jCAhz ChMk0b\"><span class=\"ryNqvb\"><strong>Z\u00e1vit:<\/strong> 5\/16&#215;18 <\/span><\/span><\/p>\n<p><span class=\"jCAhz ChMk0b\"><span class=\"ryNqvb\"><strong>Omot\u00e1vka:<\/strong> \u010dierna rukov\u00e4\u0165 zo syntetickej ko\u017ee<\/span><\/span> <span class=\"jCAhz ChMk0b\"><span class=\"ryNqvb\">hmotnos\u0165: <\/span><\/span><\/p>\n<p><span class=\"jCAhz ChMk0b\"><span class=\"ryNqvb\"><strong>V\u00e1ha:<\/strong> 19-20 oz (cca 567 g)<\/span><\/span><\/p>\n<p><span class=\"jCAhz ChMk0b\"><span class=\"ryNqvb\"><strong>D\u013a\u017eka:<\/strong> 58&#8243; (cca 147 cm)<\/span><\/span><\/p>\n<p><strong>Dostupnost:<\/strong> skladom<\/p>\n","protected":false},"excerpt":{"rendered":"<p>Biliardov\u00e9 t\u00e1go, Pool, Classic &#8222;Strike Q3&#8220;, ELEGANTN\u00dd DIZAJN Ob\u013e\u00faben\u00e9 u za\u010diato\u010dn\u00edkov a hobby hr\u00e1\u010dov pre ich elegantn\u00fd, jednoduch\u00fd dizajn a pozoruhodne dobr\u00fd pomer ceny a v\u00fdkonu. Dvojdielne t\u00e1ga s\u00fa vyroben\u00e9 z mas\u00edvne opracovan\u00e9ho dreva kanadsk\u00e9ho javora a vybaven\u00e9 \u010diernym gripom zo syntetickej ko\u017ee a 13 mm lepiacou ko\u017eou. Tvrd\u00e9 drevo kanadsk\u00e9ho javora 13 mm hrot [&hellip;]<\/p>\n","protected":false},"featured_media":15702,"comment_status":"closed","ping_status":"closed","template":"","meta":[],"product_brand":[],"product_cat":[251,253,331],"product_tag":[],"class_list":{"0":"post-15724","1":"product","2":"type-product","3":"status-publish","4":"has-post-thumbnail","6":"product_cat-billiardove-potreby","7":"product_cat-taga-sk","8":"product_cat-taga-pool-sk","10":"first","11":"outofstock","12":"shipping-taxable","13":"purchasable","14":"product-type-simple"},"_links":{"self":[{"href":"https:\/\/www.billiard-pro.cz\/sk\/wp-json\/wp\/v2\/product\/15724","targetHints":{"allow":["GET"]}}],"collection":[{"href":"https:\/\/www.billiard-pro.cz\/sk\/wp-json\/wp\/v2\/product"}],"about":[{"href":"https:\/\/www.billiard-pro.cz\/sk\/wp-json\/wp\/v2\/types\/product"}],"replies":[{"embeddable":true,"href":"https:\/\/www.billiard-pro.cz\/sk\/wp-json\/wp\/v2\/comments?post=15724"}],"wp:featuredmedia":[{"embeddable":true,"href":"https:\/\/www.billiard-pro.cz\/sk\/wp-json\/wp\/v2\/media\/15702"}],"wp:attachment":[{"href":"https:\/\/www.billiard-pro.cz\/sk\/wp-json\/wp\/v2\/media?parent=15724"}],"wp:term":[{"taxonomy":"product_brand","embeddable":true,"href":"https:\/\/www.billiard-pro.cz\/sk\/wp-json\/wp\/v2\/product_brand?post=15724"},{"taxonomy":"product_cat","embeddable":true,"href":"https:\/\/www.billiard-pro.cz\/sk\/wp-json\/wp\/v2\/product_cat?post=15724"},{"taxonomy":"product_tag","embeddable":true,"href":"https:\/\/www.billiard-pro.cz\/sk\/wp-json\/wp\/v2\/product_tag?post=15724"}],"curies":[{"name":"wp","href":"https:\/\/api.w.org\/{rel}","templated":true}]}}