{"id":15828,"date":"2023-02-12T17:04:02","date_gmt":"2023-02-12T16:04:02","guid":{"rendered":"https:\/\/www.billiard-pro.cz\/?post_type=product&#038;p=15828"},"modified":"2023-02-12T17:04:57","modified_gmt":"2023-02-12T16:04:57","slug":"dominator-table-drop-pocket-set-x6","status":"publish","type":"product","link":"https:\/\/www.billiard-pro.cz\/sk\/obchod\/biliardove-stoly\/kapsy-kosiky-sk-2\/dominator-table-drop-pocket-set-x6\/","title":{"rendered":"Dominator Table Drop Pocket Set X6"},"content":{"rendered":"<p><strong>Dominator Table Drop Pocket Set X6<\/strong><\/p>\n<p>Origin\u00e1ln\u00ed n\u00e1hradn\u00ed sada kapes- ko\u0161\u016f Buffalo pro stoly Dominator<\/p>\n<p>Sada 6ti ko\u0161\u016f<\/p>\n<p><strong>Materi\u00e1l:<\/strong> gumoplast<\/p>\n<p><strong>V\u00fdrobce:<\/strong> Buffalo<\/p>\n<p><strong>Dostupnost<\/strong>: skladem<\/p>\n<p><strong>Cena:<\/strong> sada 6ti kus\u016f<\/p>\n","protected":false},"excerpt":{"rendered":"<p>Dominator Table Drop Pocket Set X6 Origin\u00e1ln\u00ed n\u00e1hradn\u00ed sada kapes- ko\u0161\u016f Buffalo pro stoly Dominator Sada 6ti ko\u0161\u016f Materi\u00e1l: gumoplast V\u00fdrobce: Buffalo Dostupnost: skladem Cena: sada 6ti kus\u016f<\/p>\n","protected":false},"featured_media":15827,"comment_status":"closed","ping_status":"closed","template":"","meta":[],"product_brand":[],"product_cat":[339,373],"product_tag":[],"class_list":{"0":"post-15828","1":"product","2":"type-product","3":"status-publish","4":"has-post-thumbnail","6":"product_cat-biliardove-stoly","7":"product_cat-kapsy-kosiky-sk-2","9":"first","10":"outofstock","11":"shipping-taxable","12":"purchasable","13":"product-type-simple"},"_links":{"self":[{"href":"https:\/\/www.billiard-pro.cz\/sk\/wp-json\/wp\/v2\/product\/15828","targetHints":{"allow":["GET"]}}],"collection":[{"href":"https:\/\/www.billiard-pro.cz\/sk\/wp-json\/wp\/v2\/product"}],"about":[{"href":"https:\/\/www.billiard-pro.cz\/sk\/wp-json\/wp\/v2\/types\/product"}],"replies":[{"embeddable":true,"href":"https:\/\/www.billiard-pro.cz\/sk\/wp-json\/wp\/v2\/comments?post=15828"}],"wp:featuredmedia":[{"embeddable":true,"href":"https:\/\/www.billiard-pro.cz\/sk\/wp-json\/wp\/v2\/media\/15827"}],"wp:attachment":[{"href":"https:\/\/www.billiard-pro.cz\/sk\/wp-json\/wp\/v2\/media?parent=15828"}],"wp:term":[{"taxonomy":"product_brand","embeddable":true,"href":"https:\/\/www.billiard-pro.cz\/sk\/wp-json\/wp\/v2\/product_brand?post=15828"},{"taxonomy":"product_cat","embeddable":true,"href":"https:\/\/www.billiard-pro.cz\/sk\/wp-json\/wp\/v2\/product_cat?post=15828"},{"taxonomy":"product_tag","embeddable":true,"href":"https:\/\/www.billiard-pro.cz\/sk\/wp-json\/wp\/v2\/product_tag?post=15828"}],"curies":[{"name":"wp","href":"https:\/\/api.w.org\/{rel}","templated":true}]}}