{"id":15886,"date":"2023-02-23T10:35:22","date_gmt":"2023-02-23T09:35:22","guid":{"rendered":"https:\/\/www.billiard-pro.cz\/?post_type=product&#038;p=15886"},"modified":"2023-02-23T10:36:19","modified_gmt":"2023-02-23T09:36:19","slug":"biliardove-tago-cuetec-cobra-c-4-white","status":"publish","type":"product","link":"https:\/\/www.billiard-pro.cz\/sk\/obchod\/billiardove-potreby\/taga-sk\/taga-pool-sk\/biliardove-tago-cuetec-cobra-c-4-white\/","title":{"rendered":"Biliardov\u00e9 t\u00e1go Cuetec Cobra C-4 White"},"content":{"rendered":"<p><strong><span class=\"jCAhz ChMk0b\"><span class=\"ryNqvb\">Biliardov\u00e9 t\u00e1go Cuetec Cobra C-4 White<\/span><\/span><\/strong><\/p>\n<p><span class=\"jCAhz ChMk0b\"><span class=\"ryNqvb\">MODEL COBRA OD CUETEC JE \u0160PI\u010cKOV\u00dd ZNA\u010cKOV\u00dd PRODUKT A PRICH\u00c1DZA S BEZKONKUREN\u010cNOU CENOU.<\/span><\/span><\/p>\n<p><span class=\"jCAhz ChMk0b\"><span class=\"ryNqvb\">Je vyroben\u00fd z prav\u00e9ho kanadsk\u00e9ho javorov\u00e9ho dreva a m\u00e1 \u0161peci\u00e1lnu C.M.F.<\/span><\/span>\u00a0\u00fapravu \u2013\u00a0<span class=\"jCAhz ChMk0b\"><span class=\"ryNqvb\">povlak zo sklen\u00fdch vl\u00e1kien, ktor\u00fd je patentovan\u00fd spolo\u010dnos\u0165ou Cuetec.<\/span><\/span>\u00a0<span class=\"jCAhz ChMk0b\"><span class=\"ryNqvb\">Utesn\u00ed t\u00e1go a chr\u00e1ni ho, tak\u017ee sa nem\u00f4\u017ee deformova\u0165 vlhkos\u0165ou.<\/span><\/span><\/p>\n<p><span class=\"jCAhz ChMk0b\"><span class=\"ryNqvb\">V\u010faka svojmu ve\u013emi dynamick\u00e9mu vzh\u013eadu v 6-bodovom \u0161t\u00fdle ornamentu je ve\u013emi ob\u013e\u00faben\u00fd.<\/span><\/span><\/p>\n<p><span class=\"jCAhz ChMk0b\"><span class=\"ryNqvb\">Pre ve\u013emi presn\u00e9 shoty m\u00e1 polykarbon\u00e1tov\u00fa kosticu v \u0161pici a 13 mm pri\u013enav\u00fa ko\u017een\u00fa \u0161pi\u010dku.<\/span><\/span><\/p>\n<p><span class=\"jCAhz ChMk0b\"><span class=\"ryNqvb\">V\u010faka \u010diernemu veltexov\u00e9mu gripu \u2013 omot\u00e1vke sa t\u00e1go dobre dr\u017e\u00ed, ne\u0161m\u00fdka a lep\u0161ie sa ovl\u00e1da.<\/span><\/span><\/p>\n<p><span class=\"jCAhz ChMk0b\"><span class=\"ryNqvb\">Z\u00e1vit z nerezovej ocele 3\/8 x 14<\/span><\/span><\/p>\n<p>&nbsp;<\/p>\n<p><strong><span class=\"jCAhz ChMk0b\"><span class=\"ryNqvb\">Shaft:<\/span><\/span><\/strong><\/p>\n<p><span class=\"jCAhz ChMk0b\"><span class=\"ryNqvb\">SST porisko, vyroben\u00e9 z javorov\u00e9ho dreva, potiahnut\u00e9 C.M.F.<\/span><\/span><\/p>\n<p><span class=\"jCAhz ChMk0b\"><span class=\"ryNqvb\">\u0160pi\u010dka z pr\u00e9miovej ko\u017ee 13 mm<\/span><\/span>\u00a0<span class=\"jCAhz ChMk0b\"><span class=\"ryNqvb\">polykarbon\u00e1tov\u00e1 ferrule<\/span><\/span><\/p>\n<p><strong><span class=\"jCAhz ChMk0b\"><span class=\"ryNqvb\">Butt:<\/span><\/span><\/strong>\u00a0<span class=\"jCAhz ChMk0b\"><span class=\"ryNqvb\">Veltexov\u00e1 rukov\u00e4\u0165<\/span><\/span>\u00a0<span class=\"jCAhz ChMk0b\"><span class=\"ryNqvb\">\u0161peci\u00e1lne tesnenie proti vlhkosti<\/span><\/span><\/p>\n<p><span class=\"jCAhz ChMk0b\"><span class=\"ryNqvb\"><strong>Spoj:<\/strong>\u00a03\/8\u00d714 (20,00 mm)<\/span><\/span><\/p>\n<p><span class=\"jCAhz ChMk0b\"><span class=\"ryNqvb\"><strong>D\u013a\u017eka:<\/strong>\u00a0148 cm<\/span><\/span><\/p>\n<p><span class=\"jCAhz ChMk0b\"><span class=\"ryNqvb\"><strong>Dostupnos\u0165<\/strong>: skladom<\/span><\/span><\/p>\n","protected":false},"excerpt":{"rendered":"<p>Biliardov\u00e9 t\u00e1go Cuetec Cobra C-4 White MODEL COBRA OD CUETEC JE \u0160PI\u010cKOV\u00dd ZNA\u010cKOV\u00dd PRODUKT A PRICH\u00c1DZA S BEZKONKUREN\u010cNOU CENOU. Je vyroben\u00fd z prav\u00e9ho kanadsk\u00e9ho javorov\u00e9ho dreva a m\u00e1 \u0161peci\u00e1lnu C.M.F.\u00a0\u00fapravu \u2013\u00a0povlak zo sklen\u00fdch vl\u00e1kien, ktor\u00fd je patentovan\u00fd spolo\u010dnos\u0165ou Cuetec.\u00a0Utesn\u00ed t\u00e1go a chr\u00e1ni ho, tak\u017ee sa nem\u00f4\u017ee deformova\u0165 vlhkos\u0165ou. V\u010faka svojmu ve\u013emi dynamick\u00e9mu vzh\u013eadu v 6-bodovom [&hellip;]<\/p>\n","protected":false},"featured_media":15873,"comment_status":"closed","ping_status":"closed","template":"","meta":[],"product_brand":[],"product_cat":[253,331],"product_tag":[],"class_list":{"0":"post-15886","1":"product","2":"type-product","3":"status-publish","4":"has-post-thumbnail","6":"product_cat-taga-sk","7":"product_cat-taga-pool-sk","9":"first","10":"outofstock","11":"shipping-taxable","12":"purchasable","13":"product-type-simple"},"_links":{"self":[{"href":"https:\/\/www.billiard-pro.cz\/sk\/wp-json\/wp\/v2\/product\/15886","targetHints":{"allow":["GET"]}}],"collection":[{"href":"https:\/\/www.billiard-pro.cz\/sk\/wp-json\/wp\/v2\/product"}],"about":[{"href":"https:\/\/www.billiard-pro.cz\/sk\/wp-json\/wp\/v2\/types\/product"}],"replies":[{"embeddable":true,"href":"https:\/\/www.billiard-pro.cz\/sk\/wp-json\/wp\/v2\/comments?post=15886"}],"wp:featuredmedia":[{"embeddable":true,"href":"https:\/\/www.billiard-pro.cz\/sk\/wp-json\/wp\/v2\/media\/15873"}],"wp:attachment":[{"href":"https:\/\/www.billiard-pro.cz\/sk\/wp-json\/wp\/v2\/media?parent=15886"}],"wp:term":[{"taxonomy":"product_brand","embeddable":true,"href":"https:\/\/www.billiard-pro.cz\/sk\/wp-json\/wp\/v2\/product_brand?post=15886"},{"taxonomy":"product_cat","embeddable":true,"href":"https:\/\/www.billiard-pro.cz\/sk\/wp-json\/wp\/v2\/product_cat?post=15886"},{"taxonomy":"product_tag","embeddable":true,"href":"https:\/\/www.billiard-pro.cz\/sk\/wp-json\/wp\/v2\/product_tag?post=15886"}],"curies":[{"name":"wp","href":"https:\/\/api.w.org\/{rel}","templated":true}]}}