{"id":16240,"date":"2023-10-13T14:49:02","date_gmt":"2023-10-13T12:49:02","guid":{"rendered":"https:\/\/www.billiard-pro.cz\/?post_type=product&#038;p=16240"},"modified":"2023-10-13T14:53:15","modified_gmt":"2023-10-13T12:53:15","slug":"billiard-cue-pool-cuetec-avid-surge-break-gold-3-8x14","status":"publish","type":"product","link":"https:\/\/www.billiard-pro.cz\/sk\/obchod\/billiardove-potreby\/taga-sk\/taga-pool-sk\/taga-jump-pool-sk\/billiard-cue-pool-cuetec-avid-surge-break-gold-3-8x14\/","title":{"rendered":"Billiard Cue, Pool, Cuetec Avid Surge Break, gold, 3\/8&#215;14"},"content":{"rendered":"<h1 class=\"product--title\">Billiard Cue, Pool, Cuetec Avid Surge Break, gold, 3\/8&#215;14<\/h1>\n<div class=\"T4LgNb\">\n<div class=\"ToWKne\">\n<div class=\"OlSOob\">\n<div class=\"ccvoYb EjH7wc\">\n<div class=\"AxqVh\">\n<div class=\"OPPzxe\">\n<div class=\"QcsUad BDJ8fb BLojaf sMVRZe wneUed\">\n<div class=\"usGWQd\">\n<div class=\"KkbLmb\">\n<div class=\"lRu31\"><span class=\"HwtZe\" lang=\"sk\"><span class=\"jCAhz ChMk0b\"><span class=\"ryNqvb\">SVETELN\u00c9 ROKY \u010ealeko PRED KONKURENCIOU!<\/span><\/span> <\/span><\/div>\n<div><\/div>\n<div class=\"lRu31\"><span class=\"HwtZe\" lang=\"sk\"><span class=\"jCAhz ChMk0b\"><span class=\"ryNqvb\">Ako ich n\u00e1zov napoved\u00e1, sign\u00e1lne body radu AVID Surge \u00fa\u010dinne poskytuj\u00fa bezkonkuren\u010dn\u00fd pr\u00edval energie.<\/span><\/span> <\/span><\/div>\n<div><\/div>\n<div class=\"lRu31\"><span class=\"HwtZe\" lang=\"sk\"><span class=\"jCAhz ChMk0b\"><span class=\"ryNqvb\">Skon\u0161truovan\u00e9 s vyu\u017eit\u00edm viacer\u00fdch vrstiev \u0161pecificky orientovan\u00fdch sklenen\u00fdch vl\u00e1kien spojen\u00fdch s v peci vysu\u0161enou prednou \u010das\u0165ou Power+ triedy A+ s n\u00edzkym priehybom, nastavovac\u00edm syst\u00e9mom Acueweight Gen II a je kompatibiln\u00fd s pred\u013a\u017een\u00edm DUO.<\/span><\/span> <\/span><\/div>\n<div><\/div>\n<div class=\"lRu31\"><span class=\"HwtZe\" lang=\"sk\"><span class=\"jCAhz ChMk0b\"><span class=\"ryNqvb\">S to\u013ek\u00fdmi technol\u00f3giami vo vn\u00fatri, va\u0161a hra ur\u010dite predbehne konkurenciu.<\/span><\/span> <\/span><\/div>\n<div><\/div>\n<div class=\"lRu31\"><span class=\"HwtZe\" lang=\"sk\"><span class=\"jCAhz ChMk0b\"><span class=\"ryNqvb\">Surge Power Pro Taper <\/span><\/span><\/span><\/div>\n<div class=\"lRu31\"><span class=\"HwtZe\" lang=\"sk\"><span class=\"jCAhz ChMk0b\"><span class=\"ryNqvb\">Strieborn\u00e9 a zlat\u00e9 prstene<\/span><\/span> <\/span><\/div>\n<div class=\"lRu31\"><span class=\"HwtZe\" lang=\"sk\"><span class=\"jCAhz ChMk0b\"><span class=\"ryNqvb\">Power Twist Oce\u013eov\u00fd golier a \u0161iltovka Laserom leptan\u00e9 log\u00e1 Cuetec a AVID Duo Smart Extension<\/span><\/span> <\/span><\/div>\n<div class=\"lRu31\"><span class=\"HwtZe\" lang=\"sk\"><span class=\"jCAhz ChMk0b\"><span class=\"ryNqvb\">Ready Bumper<\/span><\/span> <\/span><\/div>\n<div><\/div>\n<div class=\"lRu31\"><span class=\"HwtZe\" lang=\"sk\"><span class=\"jCAhz ChMk0b\"><span class=\"ryNqvb\">Syst\u00e9m nastavovania akuovej v\u00e1hy gener\u00e1cie II<\/span><\/span> <\/span><\/div>\n<div><\/div>\n<div class=\"lRu31\"><span class=\"HwtZe\" lang=\"sk\"><span class=\"jCAhz ChMk0b\"><span class=\"ryNqvb\">Chr\u00e1ni\u010de k\u013abov s logom CT<\/span><\/span> <span class=\"jCAhz ChMk0b\"><span class=\"ryNqvb\">Shaft: AVID s n\u00edzkym priehybom spojen\u00fdm sklenen\u00fdmi vl\u00e1knami<\/span><\/span> <\/span><\/div>\n<div><\/div>\n<div class=\"lRu31\"><span class=\"HwtZe\" lang=\"sk\"><span class=\"jCAhz ChMk0b\"><span class=\"ryNqvb\">D\u013a\u017eka : 29&#8243; Tip: Power+ Phenolic so sklenenou podlo\u017ekou (extra tvrd\u00e1)<\/span><\/span> <\/span><\/div>\n<div><\/div>\n<div class=\"lRu31\"><span class=\"HwtZe\" lang=\"sk\"><span class=\"jCAhz ChMk0b\"><span class=\"ryNqvb\">K\u013ab: 3\/8&#215;14 Cuetec k\u013ab (21,30 mm)<\/span><\/span> <\/span><\/div>\n<div><\/div>\n<div class=\"lRu31\"><span class=\"HwtZe\" lang=\"sk\"><span class=\"jCAhz ChMk0b\"><span class=\"ryNqvb\">Ko\u017ea: 1,5 mm \u010dierny fenol<\/span><\/span> <\/span><\/div>\n<div><\/div>\n<div class=\"lRu31\"><span class=\"HwtZe\" lang=\"sk\"><span class=\"jCAhz ChMk0b\"><span class=\"ryNqvb\">Hmotnos\u0165: 19 oz (Aueweight nastavite\u013en\u00e1 v krokoch po 0,25 oz.)<\/span><\/span> <\/span><\/div>\n<div><\/div>\n<div class=\"lRu31\"><span class=\"HwtZe\" lang=\"sk\"><span class=\"jCAhz ChMk0b\"><span class=\"ryNqvb\">D\u00d4LE\u017dIT\u00c9 STAROSTLIVOS\u0164 A \u00daDR\u017dBA<\/span><\/span> <span class=\"jCAhz ChMk0b\"><span class=\"ryNqvb\">\u00dadr\u017eba povrchovej \u00fapravy Cuetec AVID.<\/span><\/span> <span class=\"jCAhz ChMk0b\"><span class=\"ryNqvb\">Pozor nikdy sa nesmie br\u00fasi\u0165 alebo upravova\u0165.<\/span><\/span> <span class=\"jCAhz ChMk0b\"><span class=\"ryNqvb\">Pou\u017eitie ak\u00e9hoko\u013evek abraz\u00edva na povrch n\u00e1sady po\u0161kod\u00ed povrch n\u00e1sady a pr\u00edpadne oslab\u00ed spojovacie vrstvy zo sklenen\u00e9ho kompozitu n\u00e1sady a vypust\u00ed potenci\u00e1lne \u0161kodliv\u00e9 materi\u00e1ly, ktor\u00e9 by mohli by\u0165 nebezpe\u010dn\u00e9 pre va\u0161e zdravie.<\/span><\/span> <span class=\"jCAhz ChMk0b\"><span class=\"ryNqvb\">Ak\u00e9ko\u013evek le\u0161tenie, br\u00fasenie alebo o\u0161etrenie povrchu hriade\u013ea abraz\u00edvnymi prostriedkami alebo chemik\u00e1liami ak\u00e9hoko\u013evek druhu ru\u0161\u00ed platnos\u0165 z\u00e1ruky Na Cuetec AVID nikdy nepou\u017e\u00edvajte detsk\u00fd p\u00fader, ru\u010dn\u00fa kriedu, p\u00fader ani in\u00e9 prostriedky na o\u0161etrenie.<\/span><\/span> <span class=\"jCAhz ChMk0b\"><span class=\"ryNqvb\">Na \u010distenie povrchu v\u00e1\u0161ho Cuetec AVID shaftu budete potrebova\u0165 len nieko\u013eko materi\u00e1lov;<\/span><\/span> <span class=\"jCAhz ChMk0b\"><span class=\"ryNqvb\">Isopropyl Alcohol (75% alebo vy\u0161\u0161\u00ed) a dva (2) \u010dist\u00e9 a bez ne\u010dist\u00f4t m\u00e4kk\u00e9 l\u00e1tkov\u00e9 uter\u00e1ky.<\/span><\/span> <span class=\"jCAhz ChMk0b\"><span class=\"ryNqvb\">Krok 1. Odstr\u00e1\u0148te v\u0161etok prach a ne\u010distoty utret\u00edm hriade\u013ea m\u00e4kkou \u010distou handri\u010dkou.<\/span><\/span> <span class=\"jCAhz ChMk0b\"><span class=\"ryNqvb\">Krok 2. Naneste primeran\u00e9 mno\u017estvo izopropylalkoholu (75% alebo vy\u0161\u0161ie) na \u010dist\u00fa m\u00e4kk\u00fa handri\u010dku.<\/span><\/span> <span class=\"jCAhz ChMk0b\"><span class=\"ryNqvb\">\u010ealej pracujte uter\u00e1kom hore a dole po d\u013a\u017eke n\u00e1sady a pritom ot\u00e1\u010dajte rukou po jeho obvode.<\/span><\/span> <span class=\"jCAhz ChMk0b\"><span class=\"ryNqvb\">Je mo\u017en\u00e9, \u017ee na uter\u00e1ku bud\u00fa vidie\u0165 ne\u010distoty.<\/span><\/span> <span class=\"jCAhz ChMk0b\"><span class=\"ryNqvb\">To je \u00faplne norm\u00e1lne.<\/span><\/span> <span class=\"jCAhz ChMk0b\"><span class=\"ryNqvb\">Pokra\u010dujte v pr\u00e1ci s hriade\u013eom rovnak\u00fdm pohybom, k\u00fdm nebud\u00fa v\u0161etky oblasti d\u00f4kladne utret\u00e9, potom po\u010dkajte chv\u00ed\u013eu, k\u00fdm povrch zaschne.<\/span><\/span> <span class=\"jCAhz ChMk0b\"><span class=\"ryNqvb\">V\u00fdmena hrotu na Cuetec AVID Shaft.<\/span><\/span> <span class=\"jCAhz ChMk0b\"><span class=\"ryNqvb\">\u0160achty Cuetec AVID maj\u00fa \u013eahk\u00fa bielu zameriavaciu obj\u00edmku.<\/span><\/span> <span class=\"jCAhz ChMk0b\"><span class=\"ryNqvb\">Toto za\u010dlenenie do prednej kon\u0161trukcie hriade\u013ea AVID umo\u017e\u0148uje \u013eah\u0161iu v\u00fdmenu hrotu po\u010das \u017eivotnosti hriade\u013ea.<\/span><\/span> <span class=\"jCAhz ChMk0b\"><span class=\"ryNqvb\">Pri v\u00fdmene hrotu je d\u00f4le\u017eit\u00e9 vy\u010disti\u0165 a obnovi\u0165 povrch ferule.<\/span><\/span> <span class=\"jCAhz ChMk0b\"><span class=\"ryNqvb\">Minim\u00e1lna v\u00fd\u0161ka obj\u00edmky mus\u00ed by\u0165 v\u00e4\u010d\u0161ia ako 2 mm, aby bola zachovan\u00e1 z\u00e1ruka na hriade\u013e.<\/span><\/span> <span class=\"jCAhz ChMk0b\"><span class=\"ryNqvb\">* V\u017edy pou\u017e\u00edvajte uzn\u00e1van\u00e9ho a preveren\u00e9ho kuesmajstra.<\/span><\/span> <span class=\"jCAhz ChMk0b\"><span class=\"ryNqvb\">Pri in\u0161tal\u00e1cii nov\u00e9ho hrotu nikdy nedovo\u013ete, aby kuesmajster br\u00fasil alebo upravoval povrchov\u00fa \u00fapravu hriade\u013ea.<\/span><\/span> <span class=\"jCAhz ChMk0b\"><span class=\"ryNqvb\">V\u00fdmena obj\u00edmky na hriadeli Cuetec AVID Shaft.<\/span><\/span> <span class=\"jCAhz ChMk0b\"><span class=\"ryNqvb\">Aj ke\u010f je nepravdepodobn\u00e9, \u017ee by niekedy bolo nutn\u00e9 vymeni\u0165 obj\u00edmku na hriadeli Cuetec AVID, mus\u00ed to vykona\u0165 autorizovan\u00e9 servisn\u00e9 stredisko Cuetec.<\/span><\/span> <span class=\"jCAhz ChMk0b\"><span class=\"ryNqvb\">To je potrebn\u00e9 kv\u00f4li zlo\u017eitej povahe pou\u017eit\u00fdch spoj\u00edv a na zabezpe\u010denie toho, \u017ee ned\u00f4jde k po\u0161kodeniu spojovac\u00edch vrstiev zo sklenen\u00e9ho kompozitu hriade\u013ea.<\/span><\/span> <span class=\"jCAhz ChMk0b\"><span class=\"ryNqvb\">Ak chcete n\u00e1js\u0165 autorizovan\u00e9 servisn\u00e9 stredisko vo va\u0161om okol\u00ed, kontaktujte customerservice@cuetec.com.<\/span><\/span> <span class=\"jCAhz ChMk0b\"><span class=\"ryNqvb\">Nastavenie v\u00e1hy AVID Cue Cuetec AVID t\u00e1ga vyu\u017e\u00edvaj\u00fa hmotnostn\u00fd syst\u00e9m zalo\u017een\u00fd na kazete.<\/span><\/span> <span class=\"jCAhz ChMk0b\"><span class=\"ryNqvb\">Ak chcete upravi\u0165 v\u00e1hu v\u00e1\u0161ho t\u00e1ga.<\/span><\/span> <span class=\"jCAhz ChMk0b\"><span class=\"ryNqvb\">Odstr\u00e1\u0148te n\u00e1razn\u00edk pomocou 10mm imbusov\u00e9ho k\u013e\u00fa\u010da.<\/span><\/span> <span class=\"jCAhz ChMk0b\"><span class=\"ryNqvb\">Po s\u0148at\u00ed n\u00e1razn\u00edka vlo\u017ete kr\u00ed\u017eov\u00fd skrutkova\u010d do zadku a oto\u010dte ho do\u013eava, aby ste odstr\u00e1nili v\u0161etky nain\u0161talovan\u00e9 z\u00e1va\u017eia.<\/span><\/span> <span class=\"jCAhz ChMk0b\"><span class=\"ryNqvb\">Cuetec Acueweights s\u00fa k dispoz\u00edcii v krokoch po 0,25 oz, 05 oz a 1,0 oz.<\/span><\/span> <span class=\"jCAhz ChMk0b\"><span class=\"ryNqvb\">Warpage Hriadele Cuetec AVID maj\u00fa obmedzen\u00fa do\u017eivotn\u00fa z\u00e1ruku proti deform\u00e1cii.<\/span><\/span> <span class=\"jCAhz ChMk0b\"><span class=\"ryNqvb\">Zneu\u017e\u00edvanie Hriade\u013ea Cuetec AVID nie s\u00fa kon\u0161truovan\u00e9 tak, aby tolerovali zna\u010dn\u00fd bo\u010dn\u00fd tlak.<\/span><\/span> <span class=\"jCAhz ChMk0b\"><span class=\"ryNqvb\">Nikdy by sa nemali nadmerne oh\u00fdba\u0165, nar\u00e1\u017ea\u0165 na in\u00e9 predmety alebo o\u0161etrova\u0165 abraz\u00edvnymi prostriedkami, \u010di u\u017e s\u00fa pevn\u00e9 alebo tekut\u00e9.<\/span><\/span> <span class=\"jCAhz ChMk0b\"><span class=\"ryNqvb\">Priemer hriade\u013ea Priemery hriade\u013ea Cuetec AVID by nikdy nemali by\u0165 upravovan\u00e9.<\/span><\/span> <span class=\"jCAhz ChMk0b\"><span class=\"ryNqvb\">Ak\u00e9ko\u013evek br\u00fasenie, le\u0161tenie alebo abraz\u00edvne o\u0161etrenie by mohlo ohrozi\u0165 ultratenk\u00fa sklenen\u00fa lepiacu povrchov\u00fa vrstvu a okam\u017eite zru\u0161i\u0165 z\u00e1ruku na hriade\u013e AVID.<\/span><\/span><\/span><\/div>\n<div class=\"UdTY9 WdefRb\" aria-hidden=\"true\" data-location=\"2\"><\/div>\n<\/div>\n<\/div>\n<\/div>\n<\/div>\n<\/div>\n<\/div>\n<\/div>\n<nav class=\"VlPnLc\" aria-labelledby=\"ucj-36\">\n<h2 id=\"ucj-36\" class=\"oBOnKe\"><\/h2>\n<div class=\"ySES5\"><\/div>\n<\/nav>\n<\/div>\n<\/div>\n<div><\/div>\n","protected":false},"excerpt":{"rendered":"<p>Billiard Cue, Pool, Cuetec Avid Surge Break, gold, 3\/8&#215;14 SVETELN\u00c9 ROKY \u010ealeko PRED KONKURENCIOU! Ako ich n\u00e1zov napoved\u00e1, sign\u00e1lne body radu AVID Surge \u00fa\u010dinne poskytuj\u00fa bezkonkuren\u010dn\u00fd pr\u00edval energie. Skon\u0161truovan\u00e9 s vyu\u017eit\u00edm viacer\u00fdch vrstiev \u0161pecificky orientovan\u00fdch sklenen\u00fdch vl\u00e1kien spojen\u00fdch s v peci vysu\u0161enou prednou \u010das\u0165ou Power+ triedy A+ s n\u00edzkym priehybom, nastavovac\u00edm syst\u00e9mom Acueweight Gen II [&hellip;]<\/p>\n","protected":false},"featured_media":16199,"comment_status":"closed","ping_status":"closed","template":"","meta":[],"product_brand":[],"product_cat":[253,578,331],"product_tag":[],"class_list":{"0":"post-16240","1":"product","2":"type-product","3":"status-publish","4":"has-post-thumbnail","6":"product_cat-taga-sk","7":"product_cat-taga-jump-pool-sk","8":"product_cat-taga-pool-sk","10":"first","11":"outofstock","12":"shipping-taxable","13":"purchasable","14":"product-type-simple"},"_links":{"self":[{"href":"https:\/\/www.billiard-pro.cz\/sk\/wp-json\/wp\/v2\/product\/16240","targetHints":{"allow":["GET"]}}],"collection":[{"href":"https:\/\/www.billiard-pro.cz\/sk\/wp-json\/wp\/v2\/product"}],"about":[{"href":"https:\/\/www.billiard-pro.cz\/sk\/wp-json\/wp\/v2\/types\/product"}],"replies":[{"embeddable":true,"href":"https:\/\/www.billiard-pro.cz\/sk\/wp-json\/wp\/v2\/comments?post=16240"}],"wp:featuredmedia":[{"embeddable":true,"href":"https:\/\/www.billiard-pro.cz\/sk\/wp-json\/wp\/v2\/media\/16199"}],"wp:attachment":[{"href":"https:\/\/www.billiard-pro.cz\/sk\/wp-json\/wp\/v2\/media?parent=16240"}],"wp:term":[{"taxonomy":"product_brand","embeddable":true,"href":"https:\/\/www.billiard-pro.cz\/sk\/wp-json\/wp\/v2\/product_brand?post=16240"},{"taxonomy":"product_cat","embeddable":true,"href":"https:\/\/www.billiard-pro.cz\/sk\/wp-json\/wp\/v2\/product_cat?post=16240"},{"taxonomy":"product_tag","embeddable":true,"href":"https:\/\/www.billiard-pro.cz\/sk\/wp-json\/wp\/v2\/product_tag?post=16240"}],"curies":[{"name":"wp","href":"https:\/\/api.w.org\/{rel}","templated":true}]}}