{"id":16276,"date":"2023-11-10T14:05:16","date_gmt":"2023-11-10T13:05:16","guid":{"rendered":"https:\/\/www.billiard-pro.cz\/?post_type=product&#038;p=16276"},"modified":"2023-11-10T14:07:22","modified_gmt":"2023-11-10T13:07:22","slug":"cue-extension-cuetec-pearl-white-predlzenie-taga","status":"publish","type":"product","link":"https:\/\/www.billiard-pro.cz\/sk\/obchod\/billiardove-potreby\/taga-sk\/taga-pool-sk\/biliard-pool-shaft\/cue-extension-cuetec-pearl-white-predlzenie-taga\/","title":{"rendered":"Cue Extension, Cuetec, Pearl-White &#8211; pred\u013a\u017eenie t\u00e1ga"},"content":{"rendered":"<p><strong><span class=\"jCAhz ChMk0b\"><span class=\"ryNqvb\">Cue Extension, Cuetec, Pearl-White &#8211; pred\u013a\u017eenie t\u00e1ga<\/span><\/span> <\/strong><\/p>\n<p><span class=\"jCAhz ChMk0b\"><span class=\"ryNqvb\">Hodiaci sa napr\u00edklad k tomuto t\u00e1gu: Cuetec Platinum Diamond Laser White &#8211; kod 21.247.57.0<\/span><\/span><\/p>\n<p><span class=\"jCAhz ChMk0b\"><span class=\"ryNqvb\">Cuetec Smart Extension je r\u00fdchly a jednoduch\u00fd sp\u00f4sob, ako pred\u013a\u017ei\u0165 d\u013a\u017eku t\u00e1ga o 6\u201d (15,2 cm), hod\u00ed sa na ak\u00fdko\u013evek model Cuetec s nastavite\u013enou hmotnos\u0165ou a pohodlne sa zmest\u00ed do v\u00e4\u010d\u0161iny ta\u0161iek s pr\u00edslu\u0161enstvom t\u00e1ga.<\/span><\/span><\/p>\n<p><span class=\"jCAhz ChMk0b\"><span class=\"ryNqvb\">Farba: Pearl White<\/span><\/span><\/p>\n<p><span class=\"jCAhz ChMk0b\"><span class=\"ryNqvb\">D\u013a\u017eka: 6&#8243; (15,2 cm)<\/span><\/span><\/p>\n<p><span class=\"jCAhz ChMk0b\"><span class=\"ryNqvb\">Funkcia: extension &#8211; pred\u013a\u017eenie<\/span><\/span> <span class=\"jCAhz ChMk0b\"><span class=\"ryNqvb\">R\u00fdchla a jednoduch\u00e1 in\u0161tal\u00e1cia<\/span><\/span><\/p>\n<p><span class=\"jCAhz ChMk0b\"><span class=\"ryNqvb\">Jednoduch\u00e9 skladovanie<\/span><\/span><\/p>\n<p><span class=\"jCAhz ChMk0b\"><span class=\"ryNqvb\">Hod\u00ed sa: Cuetec SVB Gerneration 1 Cynergy t\u00e1ga, Cuetec t\u00e1ga s odn\u00edmate\u013enou zadnou krytkou a Acueweight-System, rovnako ako na\u0161a Cuetec Cobra Cue Series (pozri nasleduj\u00faci obr\u00e1zok)<\/span><\/span><\/p>\n<p><span class=\"jCAhz ChMk0b\"><span class=\"ryNqvb\"><strong>V\u00fdrobca:<\/strong> Cuetec Cues<\/span><\/span><\/p>\n<p><span class=\"jCAhz ChMk0b\"><span class=\"ryNqvb\"><strong>Dostupnos\u0165<\/strong> : skladom<\/span><\/span><\/p>\n","protected":false},"excerpt":{"rendered":"<p>Cue Extension, Cuetec, Pearl-White &#8211; pred\u013a\u017eenie t\u00e1ga Hodiaci sa napr\u00edklad k tomuto t\u00e1gu: Cuetec Platinum Diamond Laser White &#8211; kod 21.247.57.0 Cuetec Smart Extension je r\u00fdchly a jednoduch\u00fd sp\u00f4sob, ako pred\u013a\u017ei\u0165 d\u013a\u017eku t\u00e1ga o 6\u201d (15,2 cm), hod\u00ed sa na ak\u00fdko\u013evek model Cuetec s nastavite\u013enou hmotnos\u0165ou a pohodlne sa zmest\u00ed do v\u00e4\u010d\u0161iny ta\u0161iek s pr\u00edslu\u0161enstvom [&hellip;]<\/p>\n","protected":false},"featured_media":16272,"comment_status":"closed","ping_status":"closed","template":"","meta":[],"product_brand":[],"product_cat":[596,253,578,331],"product_tag":[],"class_list":{"0":"post-16276","1":"product","2":"type-product","3":"status-publish","4":"has-post-thumbnail","6":"product_cat-biliard-pool-shaft","7":"product_cat-taga-sk","8":"product_cat-taga-jump-pool-sk","9":"product_cat-taga-pool-sk","11":"first","12":"outofstock","13":"shipping-taxable","14":"purchasable","15":"product-type-simple"},"_links":{"self":[{"href":"https:\/\/www.billiard-pro.cz\/sk\/wp-json\/wp\/v2\/product\/16276","targetHints":{"allow":["GET"]}}],"collection":[{"href":"https:\/\/www.billiard-pro.cz\/sk\/wp-json\/wp\/v2\/product"}],"about":[{"href":"https:\/\/www.billiard-pro.cz\/sk\/wp-json\/wp\/v2\/types\/product"}],"replies":[{"embeddable":true,"href":"https:\/\/www.billiard-pro.cz\/sk\/wp-json\/wp\/v2\/comments?post=16276"}],"wp:featuredmedia":[{"embeddable":true,"href":"https:\/\/www.billiard-pro.cz\/sk\/wp-json\/wp\/v2\/media\/16272"}],"wp:attachment":[{"href":"https:\/\/www.billiard-pro.cz\/sk\/wp-json\/wp\/v2\/media?parent=16276"}],"wp:term":[{"taxonomy":"product_brand","embeddable":true,"href":"https:\/\/www.billiard-pro.cz\/sk\/wp-json\/wp\/v2\/product_brand?post=16276"},{"taxonomy":"product_cat","embeddable":true,"href":"https:\/\/www.billiard-pro.cz\/sk\/wp-json\/wp\/v2\/product_cat?post=16276"},{"taxonomy":"product_tag","embeddable":true,"href":"https:\/\/www.billiard-pro.cz\/sk\/wp-json\/wp\/v2\/product_tag?post=16276"}],"curies":[{"name":"wp","href":"https:\/\/api.w.org\/{rel}","templated":true}]}}