{"id":16532,"date":"2023-12-09T12:55:57","date_gmt":"2023-12-09T11:55:57","guid":{"rendered":"https:\/\/www.billiard-pro.cz\/?post_type=product&#038;p=16532"},"modified":"2023-12-09T12:58:25","modified_gmt":"2023-12-09T11:58:25","slug":"karambolove-tago-triton-s3-no-2","status":"publish","type":"product","link":"https:\/\/www.billiard-pro.cz\/sk\/obchod\/billiardove-potreby\/taga-sk\/taga-karambol-sk\/karambolove-tago-triton-s3-no-2\/","title":{"rendered":"Karambolov\u00e9 t\u00e1go Triton S3 No: 2"},"content":{"rendered":"<p><strong>KARAMBOLOV\u00c9 T\u00c1GO TRITON S3 NO.2<img loading=\"lazy\" decoding=\"async\" class=\"alignright\" src=\"https:\/\/www.billiard-pro.cz\/wp-content\/uploads\/2014\/06\/buffalo.png\" alt=\"buffalo\" width=\"66\" height=\"17\" data-id=\"2412\" \/><\/strong><\/p>\n<ul>\n<li>Jednoduch\u00e9, ale \u0161t\u00fdlov\u00e9 dvojdielne t\u00e1go<\/li>\n<li>Vr\u0161ok z v\u00fdberov\u00e9ho kanadsk\u00e9ho javora najvy\u0161\u0161ej kvality<\/li>\n<li>Vybaven\u00fd zosilnenou javorovou \u0161pi\u010dkou, ktor\u00e1 d\u00e1va t\u00e1gu zvl\u00e1\u0161tnu silu<\/li>\n<li>Spodn\u00e1 \u010das\u0165 v \u010diernej a hnedej farbe s ornamenty<\/li>\n<li>Vrchn\u00e1 \u010das\u0165 pr\u00edrodn\u00e1 farba<\/li>\n<li>Bez omot\u00e1vky<\/li>\n<li>Kostice Buffalo PC-priemer 12 mm<\/li>\n<li>Ko\u017ea Brown 12 mm<\/li>\n<li>V\u00e1ha t\u00e1ga 510-530 g<\/li>\n<li>Nastavite\u013en\u00fd vyva\u017eovac\u00ed syst\u00e9m<\/li>\n<li>Z\u00e1vit dreven\u00fd<\/li>\n<li>Z\u00e1slepka gumov\u00e1<\/li>\n<li>D\u013a\u017eka t\u00e1ga 142 cm<\/li>\n<\/ul>\n<p><strong>Materi\u00e1l:<\/strong>\u00a0kanadsk\u00fd javor (AA kvalita) lakovan\u00fd, vysok\u00fd lesk a UV ochrana<\/p>\n<p><strong>V\u00fdrobca:<\/strong>\u00a0TRITON\/Buffalo<\/p>\n<p><strong>Dostupnos\u0165 tovaru:<\/strong>\u00a0skladom<\/p>\n","protected":false},"excerpt":{"rendered":"<p>KARAMBOLOV\u00c9 T\u00c1GO TRITON S3 NO.2 Jednoduch\u00e9, ale \u0161t\u00fdlov\u00e9 dvojdielne t\u00e1go Vr\u0161ok z v\u00fdberov\u00e9ho kanadsk\u00e9ho javora najvy\u0161\u0161ej kvality Vybaven\u00fd zosilnenou javorovou \u0161pi\u010dkou, ktor\u00e1 d\u00e1va t\u00e1gu zvl\u00e1\u0161tnu silu Spodn\u00e1 \u010das\u0165 v \u010diernej a hnedej farbe s ornamenty Vrchn\u00e1 \u010das\u0165 pr\u00edrodn\u00e1 farba Bez omot\u00e1vky Kostice Buffalo PC-priemer 12 mm Ko\u017ea Brown 12 mm V\u00e1ha t\u00e1ga 510-530 g Nastavite\u013en\u00fd [&hellip;]<\/p>\n","protected":false},"featured_media":16531,"comment_status":"closed","ping_status":"closed","template":"","meta":[],"product_brand":[],"product_cat":[253,333],"product_tag":[],"class_list":{"0":"post-16532","1":"product","2":"type-product","3":"status-publish","4":"has-post-thumbnail","6":"product_cat-taga-sk","7":"product_cat-taga-karambol-sk","9":"first","10":"instock","11":"shipping-taxable","12":"purchasable","13":"product-type-simple"},"_links":{"self":[{"href":"https:\/\/www.billiard-pro.cz\/sk\/wp-json\/wp\/v2\/product\/16532","targetHints":{"allow":["GET"]}}],"collection":[{"href":"https:\/\/www.billiard-pro.cz\/sk\/wp-json\/wp\/v2\/product"}],"about":[{"href":"https:\/\/www.billiard-pro.cz\/sk\/wp-json\/wp\/v2\/types\/product"}],"replies":[{"embeddable":true,"href":"https:\/\/www.billiard-pro.cz\/sk\/wp-json\/wp\/v2\/comments?post=16532"}],"wp:featuredmedia":[{"embeddable":true,"href":"https:\/\/www.billiard-pro.cz\/sk\/wp-json\/wp\/v2\/media\/16531"}],"wp:attachment":[{"href":"https:\/\/www.billiard-pro.cz\/sk\/wp-json\/wp\/v2\/media?parent=16532"}],"wp:term":[{"taxonomy":"product_brand","embeddable":true,"href":"https:\/\/www.billiard-pro.cz\/sk\/wp-json\/wp\/v2\/product_brand?post=16532"},{"taxonomy":"product_cat","embeddable":true,"href":"https:\/\/www.billiard-pro.cz\/sk\/wp-json\/wp\/v2\/product_cat?post=16532"},{"taxonomy":"product_tag","embeddable":true,"href":"https:\/\/www.billiard-pro.cz\/sk\/wp-json\/wp\/v2\/product_tag?post=16532"}],"curies":[{"name":"wp","href":"https:\/\/api.w.org\/{rel}","templated":true}]}}