{"id":16587,"date":"2023-12-10T13:29:51","date_gmt":"2023-12-10T12:29:51","guid":{"rendered":"https:\/\/www.billiard-pro.cz\/?post_type=product&#038;p=16587"},"modified":"2023-12-10T13:30:41","modified_gmt":"2023-12-10T12:30:41","slug":"rukavicka-cuetex-axis-black-red-l","status":"publish","type":"product","link":"https:\/\/www.billiard-pro.cz\/sk\/obchod\/billiardove-potreby\/rukavicky-gulecnikove\/rukavicka-cuetex-axis-black-red-l\/","title":{"rendered":"Rukavi\u010dka Cuetex Axis Black-Red L"},"content":{"rendered":"<p><strong>Rukavi\u010dka Cuetex Axis Black-Red L<\/strong><\/p>\n<ul>\n<li><span class=\"jCAhz ChMk0b\"><span class=\"ryNqvb\">PRODY\u0160N\u00c9 A KOMFORTN\u00cd\u00a0 Z JAK\u00c9HOKOLI \u00daHLU.<\/span><\/span><\/li>\n<li><span class=\"jCAhz ChMk0b\"><span class=\"ryNqvb\">V\u00e1\u0161 \u00fachop t\u00e1ga je sou\u010d\u00e1st\u00ed z\u00e1klad\u016f va\u0161\u00ed hry.<\/span><\/span><\/li>\n<li><span class=\"jCAhz ChMk0b\"><span class=\"ryNqvb\">\u00dasp\u011bch na stole je postaven na pevn\u00fdch z\u00e1kladech.<\/span><\/span><\/li>\n<li><span class=\"jCAhz ChMk0b\"><span class=\"ryNqvb\">Vysoce v\u00fdkonn\u00e9 kule\u010dn\u00edkov\u00e9 rukavice AXIS se vyzna\u010duj\u00ed odoln\u00fdm povrchem s ultra n\u00edzk\u00fdm t\u0159en\u00edm v kombinaci s prody\u0161nou s\u00ed\u0165ovinou s chladiv\u00fdm proud\u011bn\u00edm, vyztu\u017eenou dvojit\u00fdm pro\u0161\u00edv\u00e1n\u00edm, kter\u00e9 hr\u00e1\u010d\u016fm poskytuje hlad\u0161\u00ed a konzistentn\u011bj\u0161\u00ed \u00fader.<\/span><\/span><\/li>\n<li><span class=\"jCAhz ChMk0b\"><span class=\"ryNqvb\">V\u00fdsledkem je lep\u0161\u00ed z\u00e1klad, kter\u00fd va\u0161\u00ed h\u0159e d\u00e1 X-factor.<\/span><\/span><\/li>\n<li><span class=\"jCAhz ChMk0b\"><span class=\"ryNqvb\">Povrchov\u00fd materi\u00e1l s ultra n\u00edzk\u00fdm t\u0159en\u00edm<\/span><\/span><\/li>\n<li><span class=\"jCAhz ChMk0b\"><span class=\"ryNqvb\">Oblo\u017een\u00ed z\u00e1p\u011bst\u00ed pod man\u017eetou<\/span><\/span><\/li>\n<li><span class=\"jCAhz ChMk0b\"><span class=\"ryNqvb\">Dvojit\u011b pro\u0161\u00edvan\u00e1 konstrukce<\/span><\/span><\/li>\n<li><span class=\"jCAhz ChMk0b\"><span class=\"ryNqvb\">Protiskluzov\u00e1 podlo\u017eka na dlani\u00a0<\/span><\/span><\/li>\n<li><span class=\"jCAhz ChMk0b\"><span class=\"ryNqvb\">Z\u00e1lo\u017eka pro snadnou manipulaci<\/span><\/span><\/li>\n<\/ul>\n<p><span class=\"jCAhz ChMk0b\"><span class=\"ryNqvb\"><strong>Materi\u00e1lov\u00e9 slo\u017een\u00ed:<\/strong> 92% Polyester \/ 8% Spandex<\/span><\/span><\/p>\n","protected":false},"excerpt":{"rendered":"<p>Rukavi\u010dka Cuetex Axis Black-Red L PRODY\u0160N\u00c9 A KOMFORTN\u00cd\u00a0 Z JAK\u00c9HOKOLI \u00daHLU. V\u00e1\u0161 \u00fachop t\u00e1ga je sou\u010d\u00e1st\u00ed z\u00e1klad\u016f va\u0161\u00ed hry. \u00dasp\u011bch na stole je postaven na pevn\u00fdch z\u00e1kladech. Vysoce v\u00fdkonn\u00e9 kule\u010dn\u00edkov\u00e9 rukavice AXIS se vyzna\u010duj\u00ed odoln\u00fdm povrchem s ultra n\u00edzk\u00fdm t\u0159en\u00edm v kombinaci s prody\u0161nou s\u00ed\u0165ovinou s chladiv\u00fdm proud\u011bn\u00edm, vyztu\u017eenou dvojit\u00fdm pro\u0161\u00edv\u00e1n\u00edm, kter\u00e9 hr\u00e1\u010d\u016fm poskytuje hlad\u0161\u00ed [&hellip;]<\/p>\n","protected":false},"featured_media":16568,"comment_status":"closed","ping_status":"closed","template":"","meta":[],"product_brand":[],"product_cat":[251,337],"product_tag":[],"class_list":{"0":"post-16587","1":"product","2":"type-product","3":"status-publish","4":"has-post-thumbnail","6":"product_cat-billiardove-potreby","7":"product_cat-rukavicky-gulecnikove","9":"first","10":"instock","11":"shipping-taxable","12":"purchasable","13":"product-type-simple"},"_links":{"self":[{"href":"https:\/\/www.billiard-pro.cz\/sk\/wp-json\/wp\/v2\/product\/16587","targetHints":{"allow":["GET"]}}],"collection":[{"href":"https:\/\/www.billiard-pro.cz\/sk\/wp-json\/wp\/v2\/product"}],"about":[{"href":"https:\/\/www.billiard-pro.cz\/sk\/wp-json\/wp\/v2\/types\/product"}],"replies":[{"embeddable":true,"href":"https:\/\/www.billiard-pro.cz\/sk\/wp-json\/wp\/v2\/comments?post=16587"}],"wp:featuredmedia":[{"embeddable":true,"href":"https:\/\/www.billiard-pro.cz\/sk\/wp-json\/wp\/v2\/media\/16568"}],"wp:attachment":[{"href":"https:\/\/www.billiard-pro.cz\/sk\/wp-json\/wp\/v2\/media?parent=16587"}],"wp:term":[{"taxonomy":"product_brand","embeddable":true,"href":"https:\/\/www.billiard-pro.cz\/sk\/wp-json\/wp\/v2\/product_brand?post=16587"},{"taxonomy":"product_cat","embeddable":true,"href":"https:\/\/www.billiard-pro.cz\/sk\/wp-json\/wp\/v2\/product_cat?post=16587"},{"taxonomy":"product_tag","embeddable":true,"href":"https:\/\/www.billiard-pro.cz\/sk\/wp-json\/wp\/v2\/product_tag?post=16587"}],"curies":[{"name":"wp","href":"https:\/\/api.w.org\/{rel}","templated":true}]}}