{"id":16593,"date":"2023-12-10T13:46:57","date_gmt":"2023-12-10T12:46:57","guid":{"rendered":"https:\/\/www.billiard-pro.cz\/?post_type=product&#038;p=16593"},"modified":"2023-12-10T13:48:58","modified_gmt":"2023-12-10T12:48:58","slug":"rukavice-dynamic-deluxe-3-prste-vinova-cervena-lycra","status":"publish","type":"product","link":"https:\/\/www.billiard-pro.cz\/sk\/obchod\/billiardove-potreby\/rukavicky-gulecnikove\/rukavice-dynamic-deluxe-3-prste-vinova-cervena-lycra\/","title":{"rendered":"Rukavice Dynamic Deluxe, 3-prst\u00e9, v\u00ednov\u00e1\/\u010derven\u00e1, Lycra"},"content":{"rendered":"<p><strong>Rukavice Dynamic Deluxe, 3-prst\u00e9, v\u00ednov\u00e1\/\u010derven\u00e1, Lycra<\/strong><\/p>\n<ul>\n<li><span class=\"jCAhz ChMk0b\"><span class=\"ryNqvb\">Lycra se stre\u010dov\u00fdm p\u00e1sem<\/span><\/span><\/li>\n<li><span class=\"jCAhz ChMk0b\"><span class=\"ryNqvb\">Univerz\u00e1ln\u00ed velikost<\/span><\/span><\/li>\n<li><span class=\"jCAhz ChMk0b\"><span class=\"ryNqvb\">Materi\u00e1lov\u00e9 slo\u017een\u00ed: 83% Nylon \/ 17% Spandex<\/span><\/span><\/li>\n<\/ul>\n","protected":false},"excerpt":{"rendered":"<p>Rukavice Dynamic Deluxe, 3-prst\u00e9, v\u00ednov\u00e1\/\u010derven\u00e1, Lycra Lycra se stre\u010dov\u00fdm p\u00e1sem Univerz\u00e1ln\u00ed velikost Materi\u00e1lov\u00e9 slo\u017een\u00ed: 83% Nylon \/ 17% Spandex<\/p>\n","protected":false},"featured_media":16592,"comment_status":"closed","ping_status":"closed","template":"","meta":[],"product_brand":[],"product_cat":[251,337],"product_tag":[],"class_list":{"0":"post-16593","1":"product","2":"type-product","3":"status-publish","4":"has-post-thumbnail","6":"product_cat-billiardove-potreby","7":"product_cat-rukavicky-gulecnikove","9":"first","10":"instock","11":"shipping-taxable","12":"purchasable","13":"product-type-simple"},"_links":{"self":[{"href":"https:\/\/www.billiard-pro.cz\/sk\/wp-json\/wp\/v2\/product\/16593","targetHints":{"allow":["GET"]}}],"collection":[{"href":"https:\/\/www.billiard-pro.cz\/sk\/wp-json\/wp\/v2\/product"}],"about":[{"href":"https:\/\/www.billiard-pro.cz\/sk\/wp-json\/wp\/v2\/types\/product"}],"replies":[{"embeddable":true,"href":"https:\/\/www.billiard-pro.cz\/sk\/wp-json\/wp\/v2\/comments?post=16593"}],"wp:featuredmedia":[{"embeddable":true,"href":"https:\/\/www.billiard-pro.cz\/sk\/wp-json\/wp\/v2\/media\/16592"}],"wp:attachment":[{"href":"https:\/\/www.billiard-pro.cz\/sk\/wp-json\/wp\/v2\/media?parent=16593"}],"wp:term":[{"taxonomy":"product_brand","embeddable":true,"href":"https:\/\/www.billiard-pro.cz\/sk\/wp-json\/wp\/v2\/product_brand?post=16593"},{"taxonomy":"product_cat","embeddable":true,"href":"https:\/\/www.billiard-pro.cz\/sk\/wp-json\/wp\/v2\/product_cat?post=16593"},{"taxonomy":"product_tag","embeddable":true,"href":"https:\/\/www.billiard-pro.cz\/sk\/wp-json\/wp\/v2\/product_tag?post=16593"}],"curies":[{"name":"wp","href":"https:\/\/api.w.org\/{rel}","templated":true}]}}