{"id":17532,"date":"2025-11-10T17:20:24","date_gmt":"2025-11-10T16:20:24","guid":{"rendered":"https:\/\/www.billiard-pro.cz\/?post_type=product&#038;p=17532"},"modified":"2025-11-10T17:36:23","modified_gmt":"2025-11-10T16:36:23","slug":"billiard-tago-cuetec-cynergy-ct-15k-carbon-black-sparkle-3-8x14","status":"publish","type":"product","link":"https:\/\/www.billiard-pro.cz\/sk\/obchod\/billiardove-potreby\/taga-sk\/taga-pool-sk\/billiard-tago-cuetec-cynergy-ct-15k-carbon-black-sparkle-3-8x14\/","title":{"rendered":"Billiard t\u00e1go Cuetec Cynergy CT-15K Carbon Black Sparkle  3\/8&#215;14"},"content":{"rendered":"<p style=\"text-align: left;\"><strong>Cuetec Cynergy CT-15K Black Sparkle\u00a0 3\/8&#215;14<img loading=\"lazy\" decoding=\"async\" class=\"size-full wp-image-15311 alignnone\" src=\"https:\/\/www.billiard-pro.cz\/wp-content\/uploads\/2022\/08\/cuetec_logo-1.jpg\" alt=\"\" width=\"100\" height=\"50\" \/> <\/strong><\/p>\n<p><strong>HRAJ AKO \u0160AMPI\u00d3N !!! <\/strong><\/p>\n<ul>\n<li>Posu\u0148te svoju hru na &#8222;vy\u0161\u0161\u00ed profi level&#8220; s rovnak\u00fdm t\u00e1gom, ktor\u00e9 presl\u00e1vilo p\u00e4\u0165n\u00e1sobn\u00e9ho U.S.Open \u0161ampi\u00f3na Shane Van Boeninga.<\/li>\n<li>Ka\u017ed\u00e9 t\u00e1go SVB Gen One je vyroben\u00e9 z kanadsk\u00e9ho javora su\u0161en\u00e9ho v su\u0161iarni A+ a opatren\u00e9 vysoko v\u00fdkonn\u00fdm kompozitn\u00fdm shaftom &#8211; karb\u00f3novou \u0161picou z uhl\u00edkov\u00fdch vl\u00e1kien Cynergy 15K a obsahuje 3D kr\u00fa\u017eky, chr\u00e1ni\u010d spodku t\u00e1ga a krytku z nerezovej ocele.<\/li>\n<li>Navrhnut\u00e9 \u0161peci\u00e1lne pre samotn\u00e9ho \u0161ampi\u00f3na, ka\u017ed\u00e9 jednotliv\u00e9 t\u00e1go SVB je vyroben\u00e9 presne pod\u013ea parametrov Shaneovho t\u00e1ga a preferovan\u00e9ho bodu vyv\u00e1\u017eenia, \u010do z nich rob\u00ed t\u00e1ga skuto\u010dn\u00e9ho \u0161ampi\u00f3na.<\/li>\n<li>Shaft: Cynergy 15K karb\u00f3nov\u00e1 \u0161pica<\/li>\n<li>V su\u0161iarni su\u0161en\u00fd kanadsk\u00fd javor A+ 3D kr\u00fa\u017eky z nerezovej ocele<\/li>\n<li>Ko\u017ea:\u00a0 12,5 mm Laminovan\u00e1 \u0161pi\u010dka Tiger\u00ae Sniper (m\u00e4kk\u00e1)<\/li>\n<li>D\u013a\u017eka shaftu: 29&#8243;<\/li>\n<li>V\u00e1ha shaftu: 3,8 oz<\/li>\n<li>Spodok:\u00a0\u010cierny \u00edrsky \u013ean omot\u00e1vka<\/li>\n<li>D\u013a\u017eka spodku: 29&#8243;<\/li>\n<li>Celkov\u00e1 v\u00e1ha t\u00e1ga: 19 oz<\/li>\n<li>Povrch: ultrale\u0161ten\u00fd satin<\/li>\n<li>Z\u00e1vit: 3\/8\u00d714 Cuetec (21,30 mm)<\/li>\n<li>Kr\u00fa\u017eok: z nerezovej ocele<\/li>\n<li>V\u00e1hov\u00fd syst\u00e9m: Syst\u00e9m Cuetec Acueweight<\/li>\n<li>\u010eal\u0161ie doplnky: CT chr\u00e1ni\u010de z\u00e1vitov, \u010cistiace obr\u00fasky Cynergy<\/li>\n<li>V\u00fdrobca: Cuetec Cues<\/li>\n<li>Dostupnos\u0165: skladom (t\u00e1go mo\u017eno prezrie\u0165 v klubovej predajni Billiard club \u0158ipsk\u00e1, Praha Vinohrady)<\/li>\n<li>Z\u013eava: Hr\u00e1\u010dom klubov \u010cMBS a SBIZ poskytujeme z\u013eavu 10%<\/li>\n<\/ul>\n<p>Video: Shane Van Boening<\/p>\n","protected":false},"excerpt":{"rendered":"<p>Cuetec Cynergy CT-15K Black Sparkle\u00a0 3\/8&#215;14 HRAJ AKO \u0160AMPI\u00d3N !!! Posu\u0148te svoju hru na &#8222;vy\u0161\u0161\u00ed profi level&#8220; s rovnak\u00fdm t\u00e1gom, ktor\u00e9 presl\u00e1vilo p\u00e4\u0165n\u00e1sobn\u00e9ho U.S.Open \u0161ampi\u00f3na Shane Van Boeninga. Ka\u017ed\u00e9 t\u00e1go SVB Gen One je vyroben\u00e9 z kanadsk\u00e9ho javora su\u0161en\u00e9ho v su\u0161iarni A+ a opatren\u00e9 vysoko v\u00fdkonn\u00fdm kompozitn\u00fdm shaftom &#8211; karb\u00f3novou \u0161picou z uhl\u00edkov\u00fdch vl\u00e1kien Cynergy [&hellip;]<\/p>\n","protected":false},"featured_media":17501,"comment_status":"closed","ping_status":"closed","template":"","meta":[],"product_brand":[],"product_cat":[253,331],"product_tag":[],"class_list":{"0":"post-17532","1":"product","2":"type-product","3":"status-publish","4":"has-post-thumbnail","6":"product_cat-taga-sk","7":"product_cat-taga-pool-sk","9":"first","10":"outofstock","11":"shipping-taxable","12":"purchasable","13":"product-type-simple"},"_links":{"self":[{"href":"https:\/\/www.billiard-pro.cz\/sk\/wp-json\/wp\/v2\/product\/17532","targetHints":{"allow":["GET"]}}],"collection":[{"href":"https:\/\/www.billiard-pro.cz\/sk\/wp-json\/wp\/v2\/product"}],"about":[{"href":"https:\/\/www.billiard-pro.cz\/sk\/wp-json\/wp\/v2\/types\/product"}],"replies":[{"embeddable":true,"href":"https:\/\/www.billiard-pro.cz\/sk\/wp-json\/wp\/v2\/comments?post=17532"}],"wp:featuredmedia":[{"embeddable":true,"href":"https:\/\/www.billiard-pro.cz\/sk\/wp-json\/wp\/v2\/media\/17501"}],"wp:attachment":[{"href":"https:\/\/www.billiard-pro.cz\/sk\/wp-json\/wp\/v2\/media?parent=17532"}],"wp:term":[{"taxonomy":"product_brand","embeddable":true,"href":"https:\/\/www.billiard-pro.cz\/sk\/wp-json\/wp\/v2\/product_brand?post=17532"},{"taxonomy":"product_cat","embeddable":true,"href":"https:\/\/www.billiard-pro.cz\/sk\/wp-json\/wp\/v2\/product_cat?post=17532"},{"taxonomy":"product_tag","embeddable":true,"href":"https:\/\/www.billiard-pro.cz\/sk\/wp-json\/wp\/v2\/product_tag?post=17532"}],"curies":[{"name":"wp","href":"https:\/\/api.w.org\/{rel}","templated":true}]}}