{"id":3204,"date":"2014-03-19T13:28:47","date_gmt":"2014-03-19T12:28:47","guid":{"rendered":"http:\/\/localhost\/iwansimonis\/?post_type=product&#038;p=3204"},"modified":"2018-05-15T10:56:50","modified_gmt":"2018-05-15T08:56:50","slug":"vrstvena-koze-predator-victory-medium-14-mm","status":"publish","type":"product","link":"https:\/\/www.billiard-pro.cz\/sk\/obchod\/billiardove-potreby\/koze-na-tago\/vrstvena-koze-predator-victory-medium-14-mm\/","title":{"rendered":"Vrstven\u00e1 ko\u017ee PREDATOR Victory &#8211; medium 14 mm"},"content":{"rendered":"<ul>\n<li><strong>PREDATOR Victory Medium 14 mm &#8211; 1 ks<\/strong><\/li>\n<li>Vysoko kvalitn\u00e1 a \u0161pi\u010dkov\u00e1 vrstven\u00e1 ko\u017ea<\/li>\n<li>Od svetov\u00e9ho l\u00eddra firmy PREDATOR!<\/li>\n<li>\u0160pi\u010dkov\u00e1 a ve\u013emi v\u00fdkonn\u00e1 8mi vrstvov\u00e1 ko\u017ee, ktor\u00e1 je navrhnut\u00e1 tak, aby po cel\u00fa dobu svojej \u017eivotnosti mala optim\u00e1lnu tvrdos\u0165 a kompresiu pri \u00fadere t\u00e1ga.<\/li>\n<li>Vysok\u00fd kontrast farieb umo\u017e\u0148uje lep\u0161ie pozorovanie a mierenie za zhor\u0161en\u00fdch sveteln\u00fdch podmienok<\/li>\n<li>Ko\u017ea bola testovan\u00e1 popredn\u00fdmi \u0161pi\u010dkov\u00fdmi profesion\u00e1lnymi hr\u00e1\u010dmi<\/li>\n<li>TOP kvalita!<\/li>\n<li><strong>Cena za 1 kus &#8211; obr\u00e1zok je len pre ilustr\u00e1ciu !<\/strong><\/li>\n<\/ul>\n<p style=\"text-align: left;\"><strong>Dostupnos\u0165 tovaru:<\/strong>\u00a0skladom s dodan\u00edm do 3 pracovn\u00fdch dn\u00ed<\/p>\n<p style=\"text-align: left;\"><strong>V\u00fdrobca:<\/strong> PREDATOR, USA<\/p>\n","protected":false},"excerpt":{"rendered":"<p>PREDATOR Victory Medium 14 mm &#8211; 1 ks Vysoko kvalitn\u00e1 a \u0161pi\u010dkov\u00e1 vrstven\u00e1 ko\u017ea Od svetov\u00e9ho l\u00eddra firmy PREDATOR! \u0160pi\u010dkov\u00e1 a ve\u013emi v\u00fdkonn\u00e1 8mi vrstvov\u00e1 ko\u017ee, ktor\u00e1 je navrhnut\u00e1 tak, aby po cel\u00fa dobu svojej \u017eivotnosti mala optim\u00e1lnu tvrdos\u0165 a kompresiu pri \u00fadere t\u00e1ga. Vysok\u00fd kontrast farieb umo\u017e\u0148uje lep\u0161ie pozorovanie a mierenie za zhor\u0161en\u00fdch sveteln\u00fdch [&hellip;]<\/p>\n","protected":false},"featured_media":11982,"comment_status":"closed","ping_status":"closed","template":"","meta":[],"product_brand":[],"product_cat":[251,311],"product_tag":[],"class_list":{"0":"post-3204","1":"product","2":"type-product","3":"status-publish","4":"has-post-thumbnail","6":"product_cat-billiardove-potreby","7":"product_cat-koze-na-tago","9":"first","10":"instock","11":"shipping-taxable","12":"purchasable","13":"product-type-simple"},"_links":{"self":[{"href":"https:\/\/www.billiard-pro.cz\/sk\/wp-json\/wp\/v2\/product\/3204","targetHints":{"allow":["GET"]}}],"collection":[{"href":"https:\/\/www.billiard-pro.cz\/sk\/wp-json\/wp\/v2\/product"}],"about":[{"href":"https:\/\/www.billiard-pro.cz\/sk\/wp-json\/wp\/v2\/types\/product"}],"replies":[{"embeddable":true,"href":"https:\/\/www.billiard-pro.cz\/sk\/wp-json\/wp\/v2\/comments?post=3204"}],"wp:featuredmedia":[{"embeddable":true,"href":"https:\/\/www.billiard-pro.cz\/sk\/wp-json\/wp\/v2\/media\/11982"}],"wp:attachment":[{"href":"https:\/\/www.billiard-pro.cz\/sk\/wp-json\/wp\/v2\/media?parent=3204"}],"wp:term":[{"taxonomy":"product_brand","embeddable":true,"href":"https:\/\/www.billiard-pro.cz\/sk\/wp-json\/wp\/v2\/product_brand?post=3204"},{"taxonomy":"product_cat","embeddable":true,"href":"https:\/\/www.billiard-pro.cz\/sk\/wp-json\/wp\/v2\/product_cat?post=3204"},{"taxonomy":"product_tag","embeddable":true,"href":"https:\/\/www.billiard-pro.cz\/sk\/wp-json\/wp\/v2\/product_tag?post=3204"}],"curies":[{"name":"wp","href":"https:\/\/api.w.org\/{rel}","templated":true}]}}