{"id":3226,"date":"2014-10-10T09:38:07","date_gmt":"2014-10-10T09:38:07","guid":{"rendered":"http:\/\/localhost\/iwansimonis\/?post_type=product&#038;p=3226"},"modified":"2025-11-25T09:41:31","modified_gmt":"2025-11-25T08:41:31","slug":"biliardove-tago-karambolove-s-puzdrom-laperti-no-3","status":"publish","type":"product","link":"https:\/\/www.billiard-pro.cz\/sk\/obchod\/billiardove-potreby\/taga-sk\/taga-karambol-sk\/biliardove-tago-karambolove-s-puzdrom-laperti-no-3\/","title":{"rendered":"Biliardov\u00e9 t\u00e1go karambolov\u00e9 s puzdrom Laperti No: 3"},"content":{"rendered":"<p><strong>KARAMBOLOVE T\u00c1GO S KUFR\u00cdKOM LAPERTI No: 3<\/strong><\/p>\n<ul>\n<li>Elegantn\u00e9, nad\u010dasov\u00e9 a modern\u00e9 t\u00e1go<\/li>\n<li>V cene pevn\u00fd a odoln\u00fd kufr\u00edk na t\u00e1go zna\u010dky Laperti<\/li>\n<li>Zdobenie elegantn\u00fdmi \u010diernymi geometrick\u00fdmi mot\u00edvmi<\/li>\n<li>Vr\u0161ok z v\u00fdberov\u00e9ho kanadsk\u00e9ho javora najvy\u0161\u0161ej kvality<\/li>\n<li>Kostice Buffalo-priemer 11,5 mm<\/li>\n<li>Ko\u017ea Le Professionel 11,5 mm<\/li>\n<li>V\u00e1ha t\u00e1ga 470-530 gr<\/li>\n<li>Nastavite\u013en\u00fd vyva\u017eovac\u00ed syst\u00e9m<\/li>\n<li>Z\u00e1vit dreven\u00fd<\/li>\n<li>Z\u00e1slepka gumov\u00e1<\/li>\n<li>D\u013a\u017eka t\u00e1ga 141 cm<\/li>\n<\/ul>\n<p><strong>K dispoz\u00edcii k nahliadnutiu a priamemu n\u00e1kupu v na\u0161ej vzorkovni:<\/strong> BC \u0158ipsk\u00e1, \u0158ipsk\u00e1 24, Praha 3<\/p>\n<p><strong>Materi\u00e1l:<\/strong>\u00a0kanadsk\u00fd javor (AA kvalita) lakovan\u00fd, vysok\u00fd lesk a UV ochrana<\/p>\n<p><strong>V\u00fdrobca:<\/strong>\u00a0LAPERTI\/Buffalo<\/p>\n<p><strong>Dostupnos\u0165 tovaru:<\/strong>\u00a0skladom<\/p>\n","protected":false},"excerpt":{"rendered":"<p>KARAMBOLOVE T\u00c1GO S KUFR\u00cdKOM LAPERTI No: 3 Elegantn\u00e9, nad\u010dasov\u00e9 a modern\u00e9 t\u00e1go V cene pevn\u00fd a odoln\u00fd kufr\u00edk na t\u00e1go zna\u010dky Laperti Zdobenie elegantn\u00fdmi \u010diernymi geometrick\u00fdmi mot\u00edvmi Vr\u0161ok z v\u00fdberov\u00e9ho kanadsk\u00e9ho javora najvy\u0161\u0161ej kvality Kostice Buffalo-priemer 11,5 mm Ko\u017ea Le Professionel 11,5 mm V\u00e1ha t\u00e1ga 470-530 gr Nastavite\u013en\u00fd vyva\u017eovac\u00ed syst\u00e9m Z\u00e1vit dreven\u00fd Z\u00e1slepka gumov\u00e1 D\u013a\u017eka [&hellip;]<\/p>\n","protected":false},"featured_media":5060,"comment_status":"open","ping_status":"closed","template":"","meta":[],"product_brand":[],"product_cat":[253,333],"product_tag":[],"class_list":{"0":"post-3226","1":"product","2":"type-product","3":"status-publish","4":"has-post-thumbnail","6":"product_cat-taga-sk","7":"product_cat-taga-karambol-sk","9":"first","10":"instock","11":"shipping-taxable","12":"purchasable","13":"product-type-simple"},"_links":{"self":[{"href":"https:\/\/www.billiard-pro.cz\/sk\/wp-json\/wp\/v2\/product\/3226","targetHints":{"allow":["GET"]}}],"collection":[{"href":"https:\/\/www.billiard-pro.cz\/sk\/wp-json\/wp\/v2\/product"}],"about":[{"href":"https:\/\/www.billiard-pro.cz\/sk\/wp-json\/wp\/v2\/types\/product"}],"replies":[{"embeddable":true,"href":"https:\/\/www.billiard-pro.cz\/sk\/wp-json\/wp\/v2\/comments?post=3226"}],"wp:featuredmedia":[{"embeddable":true,"href":"https:\/\/www.billiard-pro.cz\/sk\/wp-json\/wp\/v2\/media\/5060"}],"wp:attachment":[{"href":"https:\/\/www.billiard-pro.cz\/sk\/wp-json\/wp\/v2\/media?parent=3226"}],"wp:term":[{"taxonomy":"product_brand","embeddable":true,"href":"https:\/\/www.billiard-pro.cz\/sk\/wp-json\/wp\/v2\/product_brand?post=3226"},{"taxonomy":"product_cat","embeddable":true,"href":"https:\/\/www.billiard-pro.cz\/sk\/wp-json\/wp\/v2\/product_cat?post=3226"},{"taxonomy":"product_tag","embeddable":true,"href":"https:\/\/www.billiard-pro.cz\/sk\/wp-json\/wp\/v2\/product_tag?post=3226"}],"curies":[{"name":"wp","href":"https:\/\/api.w.org\/{rel}","templated":true}]}}