{"id":3251,"date":"2013-09-01T14:33:32","date_gmt":"2013-09-01T12:33:32","guid":{"rendered":"http:\/\/localhost\/iwansimonis\/obchod\/nezerazene\/biliardove-platno-simonis-pool-860\/"},"modified":"2023-07-28T10:42:54","modified_gmt":"2023-07-28T08:42:54","slug":"biliardove-platno-simonis-pool-860","status":"publish","type":"product","link":"https:\/\/www.billiard-pro.cz\/sk\/obchod\/biliardova-sukna-simonis\/pool-sk\/biliardove-platno-simonis-pool-860\/","title":{"rendered":"Biliardov\u00e9 s\u00fakno SIMONIS POOL 860 &#8211; \u0161\u00edrka 198 cm"},"content":{"rendered":"<h2>SIMONIS \u00a0POOL 860 &#8211; \u0161\u00edrka 198 cm<img decoding=\"async\" class=\"alignright\" src=\"\/wp-content\/uploads\/2013\/09\/simonis-logo.jpg\" alt=\"simonis-logo\" \/><\/h2>\n<ul>\n<li>Exkluz\u00edvne s\u00fa\u0165a\u017en\u00e9\u00a0\u00a0billiardov\u00e9 s\u00fakno zna\u010dky Iwan Simonis \u00a0vyberan\u00e9 pre celosvetov\u00e9 \u0161ampion\u00e1ty a turnaje v biliarde &#8211; poolov\u00e1 \u00a0hra.<\/li>\n<li>Vynikaj\u00face hern\u00e9 vlastnosti.<\/li>\n<li>R\u00fdchle s\u00fakno s ve\u013emi dlhou \u017eivotnos\u0165ou.<\/li>\n<li>Ve\u013emi oce\u0148ovan\u00e9 hr\u00e1\u010dmi poolu, ktor\u00ed sa radi vracaj\u00fa do hern\u00ed pou\u017e\u00edvaj\u00facich toto \u0161pi\u010dkov\u00e9 s\u00fakno. Kvalitat\u00edvne najvy\u0161\u0161\u00ed \u00a0rad poolov\u00fdch s\u00fakien zna\u010dky Iwan SIMONIS.<\/li>\n<\/ul>\n<p><strong>Zlo\u017eenie:<\/strong> 90% vlna, 10% nylon<\/p>\n<p><strong>Cena za be\u017en\u00fd meter zvolenej \u0161\u00edrky vr\u00e1tane DPH.<\/strong><\/p>\n<p><strong>Spotreba s\u00fakna 860\/198 (\u0161\u00edrka 198 cm):<\/strong><\/p>\n<p>Spotreba na pool 6\u2033 \u2013 2.0 b.m.<\/p>\n<p>Spotreba na pool 7\u2033 \u2013 2.2 b.m.<\/p>\n<p>Spotreba na pool 8\u2033 \u2013 2.5 b.m.<\/p>\n<p>Spotreba na pool 9\u2033 \u2013 2.9 b.m.<\/p>\n<p><strong>Dostupnos\u0165 tovaru<\/strong>: skladom s dodan\u00edm do 3 pracovn\u00fdch dn\u00ed<\/p>\n<p>&nbsp;<\/p>\n","protected":false},"excerpt":{"rendered":"<p>SIMONIS \u00a0POOL 860 &#8211; \u0161\u00edrka 198 cm Exkluz\u00edvne s\u00fa\u0165a\u017en\u00e9\u00a0\u00a0billiardov\u00e9 s\u00fakno zna\u010dky Iwan Simonis \u00a0vyberan\u00e9 pre celosvetov\u00e9 \u0161ampion\u00e1ty a turnaje v biliarde &#8211; poolov\u00e1 \u00a0hra. Vynikaj\u00face hern\u00e9 vlastnosti. R\u00fdchle s\u00fakno s ve\u013emi dlhou \u017eivotnos\u0165ou. Ve\u013emi oce\u0148ovan\u00e9 hr\u00e1\u010dmi poolu, ktor\u00ed sa radi vracaj\u00fa do hern\u00ed pou\u017e\u00edvaj\u00facich toto \u0161pi\u010dkov\u00e9 s\u00fakno. Kvalitat\u00edvne najvy\u0161\u0161\u00ed \u00a0rad poolov\u00fdch s\u00fakien zna\u010dky Iwan SIMONIS. [&hellip;]<\/p>\n","protected":false},"featured_media":4528,"comment_status":"closed","ping_status":"closed","template":"","meta":[],"product_brand":[],"product_cat":[269,225],"product_tag":[422],"class_list":{"0":"post-3251","1":"product","2":"type-product","3":"status-publish","4":"has-post-thumbnail","6":"product_cat-biliardova-sukna-simonis","7":"product_cat-pool-sk","8":"product_tag-kulecnikove-sukno-pool-sk","9":"pa_colour-apple-green-sk","10":"pa_colour-black-sk-2","11":"pa_colour-blue-green-sk","12":"pa_colour-burgundy-sk-2","13":"pa_colour-camel-sk","14":"pa_colour-chocolate-sk","15":"pa_colour-dark-green-sk-2","16":"pa_colour-electric-blue-sk-2","17":"pa_colour-english-green-sk-2","18":"pa_colour-fushia-sk","19":"pa_colour-gold-sk","20":"pa_colour-grey-sk","21":"pa_colour-marine-blue-sk","22":"pa_colour-olive-green-sk-2","23":"pa_colour-petroleum-blue-sk-2","24":"pa_colour-powder-blue-sk","25":"pa_colour-purple-sk","26":"pa_colour-red-sk-2","27":"pa_colour-royal-blue-sk","28":"pa_colour-slate-grey-sk","29":"pa_colour-tournament-blue-sk","30":"pa_colour-wine-sk","31":"pa_colour-yellow-green-sk","33":"first","34":"instock","35":"shipping-taxable","36":"purchasable","37":"product-type-variable"},"_links":{"self":[{"href":"https:\/\/www.billiard-pro.cz\/sk\/wp-json\/wp\/v2\/product\/3251","targetHints":{"allow":["GET"]}}],"collection":[{"href":"https:\/\/www.billiard-pro.cz\/sk\/wp-json\/wp\/v2\/product"}],"about":[{"href":"https:\/\/www.billiard-pro.cz\/sk\/wp-json\/wp\/v2\/types\/product"}],"replies":[{"embeddable":true,"href":"https:\/\/www.billiard-pro.cz\/sk\/wp-json\/wp\/v2\/comments?post=3251"}],"wp:featuredmedia":[{"embeddable":true,"href":"https:\/\/www.billiard-pro.cz\/sk\/wp-json\/wp\/v2\/media\/4528"}],"wp:attachment":[{"href":"https:\/\/www.billiard-pro.cz\/sk\/wp-json\/wp\/v2\/media?parent=3251"}],"wp:term":[{"taxonomy":"product_brand","embeddable":true,"href":"https:\/\/www.billiard-pro.cz\/sk\/wp-json\/wp\/v2\/product_brand?post=3251"},{"taxonomy":"product_cat","embeddable":true,"href":"https:\/\/www.billiard-pro.cz\/sk\/wp-json\/wp\/v2\/product_cat?post=3251"},{"taxonomy":"product_tag","embeddable":true,"href":"https:\/\/www.billiard-pro.cz\/sk\/wp-json\/wp\/v2\/product_tag?post=3251"}],"curies":[{"name":"wp","href":"https:\/\/api.w.org\/{rel}","templated":true}]}}