{"id":3253,"date":"2013-09-01T14:58:41","date_gmt":"2013-09-01T12:58:41","guid":{"rendered":"http:\/\/localhost\/iwansimonis\/obchod\/nezerazene\/biliardove-platno-simonis-pool-860-hr\/"},"modified":"2016-09-02T14:24:31","modified_gmt":"2016-09-02T12:24:31","slug":"biliardove-platno-simonis-pool-860-hr","status":"publish","type":"product","link":"https:\/\/www.billiard-pro.cz\/sk\/obchod\/biliardova-sukna-simonis\/pool-sk\/biliardove-platno-simonis-pool-860-hr\/","title":{"rendered":"Biliardov\u00e9 s\u00fakno SIMONIS POOL 860 HR"},"content":{"rendered":"<h2>SIMONIS POOL 860 HR<img loading=\"lazy\" decoding=\"async\" class=\"size-full wp-image-4380 alignright\" src=\"https:\/\/www.billiard-pro.cz\/wp-content\/uploads\/2013\/09\/simonis-logo.jpg\" alt=\"simonis-logo (Duplicate)\" width=\"140\" height=\"50\" \/><\/h2>\n<ul>\n<li>Vysok\u00e1 rezistencia, ve\u013emi odoln\u00e9 a pevn\u00e9 s\u00fakno zna\u010dky Iwan Simonis<\/li>\n<li>Skuto\u010dn\u00fd hybrid medzi s\u00faknom typu 760 a 860, v\u00e1hovo 860, zlo\u017een\u00edm 760, pon\u00faka najlep\u0161\u00ed kompromis medzi t\u00fdmito dvoma s\u00faknami pri dobrej kontrole gule a s\u00fa\u010dasnej r\u00fdchlosti s\u00fakna.<\/li>\n<\/ul>\n<p><strong>Zlo\u017eenie:<\/strong> 70% vlna, 30% nylon Cena za be\u017en\u00fd meter zvolenej \u0161\u00edrky vr\u00e1tane DPH.<\/p>\n<p><strong>Spotreba s\u00fakna 860\/198 (\u0161\u00edrka 198 cm):<\/strong><\/p>\n<p>Spot\u0159eba na pool 6\u2033 \u2013 2.0 b.m.<\/p>\n<p>Spot\u0159eba na pool 7\u2033 \u2013 2.2 b.m.<\/p>\n<p>Spot\u0159eba na pool 8\u2033 \u2013 2.5 b.m.<\/p>\n<p>Spot\u0159eba na pool 9\u2033 \u2013 2.9 b.m.<\/p>\n<p><strong>Dostupnos\u0165 tovaru<\/strong>: skladom extern\u011b s dodan\u00edm do 10ti \u00a0pracovn\u00fdch dn\u00ed<\/p>\n","protected":false},"excerpt":{"rendered":"<p>SIMONIS POOL 860 HR Vysok\u00e1 rezistencia, ve\u013emi odoln\u00e9 a pevn\u00e9 s\u00fakno zna\u010dky Iwan Simonis Skuto\u010dn\u00fd hybrid medzi s\u00faknom typu 760 a 860, v\u00e1hovo 860, zlo\u017een\u00edm 760, pon\u00faka najlep\u0161\u00ed kompromis medzi t\u00fdmito dvoma s\u00faknami pri dobrej kontrole gule a s\u00fa\u010dasnej r\u00fdchlosti s\u00fakna. Zlo\u017eenie: 70% vlna, 30% nylon Cena za be\u017en\u00fd meter zvolenej \u0161\u00edrky vr\u00e1tane DPH. Spotreba [&hellip;]<\/p>\n","protected":false},"featured_media":4528,"comment_status":"closed","ping_status":"closed","template":"","meta":[],"product_brand":[],"product_cat":[269,225],"product_tag":[],"class_list":{"0":"post-3253","1":"product","2":"type-product","3":"status-publish","4":"has-post-thumbnail","6":"product_cat-biliardova-sukna-simonis","7":"product_cat-pool-sk","8":"pa_colour-blue-green-sk","9":"pa_colour-electric-blue-sk-2","10":"pa_colour-powder-blue-sk","11":"pa_colour-royal-blue-sk","12":"pa_colour-tournament-blue-sk","13":"pa_colour-yellow-green-sk","14":"pa_width-165-cm-sk","15":"pa_width-198-cm-sk","17":"first","18":"instock","19":"shipping-taxable","20":"purchasable","21":"product-type-variable"},"_links":{"self":[{"href":"https:\/\/www.billiard-pro.cz\/sk\/wp-json\/wp\/v2\/product\/3253","targetHints":{"allow":["GET"]}}],"collection":[{"href":"https:\/\/www.billiard-pro.cz\/sk\/wp-json\/wp\/v2\/product"}],"about":[{"href":"https:\/\/www.billiard-pro.cz\/sk\/wp-json\/wp\/v2\/types\/product"}],"replies":[{"embeddable":true,"href":"https:\/\/www.billiard-pro.cz\/sk\/wp-json\/wp\/v2\/comments?post=3253"}],"wp:featuredmedia":[{"embeddable":true,"href":"https:\/\/www.billiard-pro.cz\/sk\/wp-json\/wp\/v2\/media\/4528"}],"wp:attachment":[{"href":"https:\/\/www.billiard-pro.cz\/sk\/wp-json\/wp\/v2\/media?parent=3253"}],"wp:term":[{"taxonomy":"product_brand","embeddable":true,"href":"https:\/\/www.billiard-pro.cz\/sk\/wp-json\/wp\/v2\/product_brand?post=3253"},{"taxonomy":"product_cat","embeddable":true,"href":"https:\/\/www.billiard-pro.cz\/sk\/wp-json\/wp\/v2\/product_cat?post=3253"},{"taxonomy":"product_tag","embeddable":true,"href":"https:\/\/www.billiard-pro.cz\/sk\/wp-json\/wp\/v2\/product_tag?post=3253"}],"curies":[{"name":"wp","href":"https:\/\/api.w.org\/{rel}","templated":true}]}}