{"id":3255,"date":"2013-09-01T15:03:02","date_gmt":"2013-09-01T13:03:02","guid":{"rendered":"http:\/\/localhost\/iwansimonis\/obchod\/nezerazene\/biliard-platno-simonis-pool-760\/"},"modified":"2015-08-06T10:35:18","modified_gmt":"2015-08-06T08:35:18","slug":"biliard-platno-simonis-pool-760","status":"publish","type":"product","link":"https:\/\/www.billiard-pro.cz\/sk\/obchod\/biliardova-sukna-simonis\/pool-sk\/biliard-platno-simonis-pool-760\/","title":{"rendered":"Biliardov\u00e9 s\u00fakno SIMONIS POOL 760 &#8211; \u0161\u00edrka 195 cm"},"content":{"rendered":"<h3>SIMONIS POOL 760 &#8211; \u0161\u00edrka 195 cm<img loading=\"lazy\" decoding=\"async\" class=\"size-full wp-image-4380 alignright\" src=\"https:\/\/www.billiard-pro.cz\/wp-content\/uploads\/2013\/09\/simonis-logo.jpg\" alt=\"simonis-logo (Duplicate)\" width=\"140\" height=\"50\" \/><\/h3>\n<p>Vynikaj\u00face s\u00fa\u0165a\u017en\u00e9\u00a0s\u00fakno zna\u010dky Iwan Simonis mas\u00edvne vyu\u017e\u00edvan\u00e9 po celom svete cel\u00e9 desa\u0165ro\u010dia, odpor\u00fa\u010da sa klubom a herniam s vy\u0161\u0161ou prev\u00e1dzkou.<\/p>\n<p>M\u00e1 v\u00e4\u010d\u0161iu odolnos\u0165, takisto je to najlep\u0161ie zvolen\u00e9 pl\u00e1tno na Rusk\u00fa pyram\u00eddu.<\/p>\n<p><strong>Zlo\u017eenie:<\/strong> 70% vlna, 30% nylon<\/p>\n<p>Cena za be\u017en\u00fd meter zvolenej \u0161\u00edrky vr\u00e1tane DPH.<\/p>\n<p><strong>Spotreba s\u00fakna 760\/195 (\u0161\u00edrka 195 cm):<\/strong><\/p>\n<p>Spotreba na pool 6 &#8222;- 2.0 b.m.<\/p>\n<p>Spotreba na pool 7 &#8222;- 2.2 b.m.<\/p>\n<p>Spotreba na pool 8 &#8222;- 2.5 b.m.<\/p>\n<p>Spotreba na pool 9 &#8222;- 2.9 b.m.<\/p>\n<p><strong>Dostupnos\u0165 tovaru<\/strong>: skladom s dodan\u00edm do 3 pracovn\u00fdch dn\u00ed<\/p>\n","protected":false},"excerpt":{"rendered":"<p>SIMONIS POOL 760 &#8211; \u0161\u00edrka 195 cm Vynikaj\u00face s\u00fa\u0165a\u017en\u00e9\u00a0s\u00fakno zna\u010dky Iwan Simonis mas\u00edvne vyu\u017e\u00edvan\u00e9 po celom svete cel\u00e9 desa\u0165ro\u010dia, odpor\u00fa\u010da sa klubom a herniam s vy\u0161\u0161ou prev\u00e1dzkou. M\u00e1 v\u00e4\u010d\u0161iu odolnos\u0165, takisto je to najlep\u0161ie zvolen\u00e9 pl\u00e1tno na Rusk\u00fa pyram\u00eddu. Zlo\u017eenie: 70% vlna, 30% nylon Cena za be\u017en\u00fd meter zvolenej \u0161\u00edrky vr\u00e1tane DPH. Spotreba s\u00fakna 760\/195 [&hellip;]<\/p>\n","protected":false},"featured_media":4512,"comment_status":"closed","ping_status":"closed","template":"","meta":[],"product_brand":[],"product_cat":[269,225],"product_tag":[259],"class_list":{"0":"post-3255","1":"product","2":"type-product","3":"status-publish","4":"has-post-thumbnail","6":"product_cat-biliardova-sukna-simonis","7":"product_cat-pool-sk","8":"product_tag-sukno-pool","9":"pa_colour-apple-green-sk","10":"pa_colour-black-sk-2","11":"pa_colour-blue-green-sk","12":"pa_colour-burgundy-sk-2","13":"pa_colour-camel-sk","14":"pa_colour-chocolate-sk","15":"pa_colour-dark-green-sk-2","16":"pa_colour-electric-blue-sk-2","17":"pa_colour-english-green-sk-2","18":"pa_colour-fushia-sk","19":"pa_colour-gold-sk","20":"pa_colour-grey-sk","21":"pa_colour-marine-blue-sk","22":"pa_colour-olive-green-sk-2","23":"pa_colour-orange-sk","24":"pa_colour-petroleum-blue-sk-2","25":"pa_colour-powder-blue-sk","26":"pa_colour-purple-sk","27":"pa_colour-red-sk-2","28":"pa_colour-royal-blue-sk","29":"pa_colour-slate-grey-sk","30":"pa_colour-spruce-sk-2","31":"pa_colour-tournament-blue-sk","32":"pa_colour-wine-sk","33":"pa_colour-yellow-green-sk","35":"first","36":"instock","37":"shipping-taxable","38":"purchasable","39":"product-type-variable"},"_links":{"self":[{"href":"https:\/\/www.billiard-pro.cz\/sk\/wp-json\/wp\/v2\/product\/3255","targetHints":{"allow":["GET"]}}],"collection":[{"href":"https:\/\/www.billiard-pro.cz\/sk\/wp-json\/wp\/v2\/product"}],"about":[{"href":"https:\/\/www.billiard-pro.cz\/sk\/wp-json\/wp\/v2\/types\/product"}],"replies":[{"embeddable":true,"href":"https:\/\/www.billiard-pro.cz\/sk\/wp-json\/wp\/v2\/comments?post=3255"}],"wp:featuredmedia":[{"embeddable":true,"href":"https:\/\/www.billiard-pro.cz\/sk\/wp-json\/wp\/v2\/media\/4512"}],"wp:attachment":[{"href":"https:\/\/www.billiard-pro.cz\/sk\/wp-json\/wp\/v2\/media?parent=3255"}],"wp:term":[{"taxonomy":"product_brand","embeddable":true,"href":"https:\/\/www.billiard-pro.cz\/sk\/wp-json\/wp\/v2\/product_brand?post=3255"},{"taxonomy":"product_cat","embeddable":true,"href":"https:\/\/www.billiard-pro.cz\/sk\/wp-json\/wp\/v2\/product_cat?post=3255"},{"taxonomy":"product_tag","embeddable":true,"href":"https:\/\/www.billiard-pro.cz\/sk\/wp-json\/wp\/v2\/product_tag?post=3255"}],"curies":[{"name":"wp","href":"https:\/\/api.w.org\/{rel}","templated":true}]}}