{"id":3257,"date":"2013-09-01T15:10:37","date_gmt":"2013-09-01T13:10:37","guid":{"rendered":"http:\/\/localhost\/iwansimonis\/obchod\/nezerazene\/biliardove-platno-simonis-pool-760-outdoor\/"},"modified":"2015-07-30T23:24:56","modified_gmt":"2015-07-30T21:24:56","slug":"biliardove-platno-simonis-pool-760-outdoor","status":"publish","type":"product","link":"https:\/\/www.billiard-pro.cz\/sk\/obchod\/biliardova-sukna-simonis\/pool-sk\/biliardove-platno-simonis-pool-760-outdoor\/","title":{"rendered":"Biliardov\u00e9 s\u00fakno SIMONIS POOL 760 OUTDOOR"},"content":{"rendered":"<p><strong>SIMONIS POOL 760 OUTDOOR<\/strong> Klasick&eacute; billiardov&eacute; s&uacute;kno zna\u010dky Iwan Simonis odoln&eacute; proti UV \u017eiareniu, vonkaj&scaron;ie pou\u017eitie, ale nevystavova\u0165 da\u017e\u010fu a snehu. <strong>Zlo\u017eenie:<\/strong> 70% vlna, 30% nylon<img decoding=\"async\" class=\"alignright\" src=\"..\/wp-content\/uploads\/2013\/09\/simonis-logo.jpg\" alt=\"simonis-logo\" \/> <strong>Iba vo farbe Petroleum blue.<\/strong> Cena za be\u017en&yacute; meter zvolenej &scaron;&iacute;rky vr&aacute;tane DPH. <strong>Odpor&uacute;\u010dan&aacute; spotreba<\/strong> pod\u013ea typu stola <a title=\"N&aacute;vody\" href=\"..\/navody\/\">n&aacute;jdete tu<\/a>. <strong>Spotreba s&uacute;kna na billiardov&eacute; stoly<\/strong>: (&scaron;&iacute;rka 165 cm) 6 &#8222;- hracia plocha 180 x &nbsp; 90 &nbsp;= 2.00 m be\u017en&yacute;ch 7 &#8222;- hracia plocha 200 x 100 &nbsp;= 2.30 m be\u017en&yacute;ch 8 &#8222;- hracia plocha 224 x 112 &nbsp;= 2.80 m be\u017en&yacute;ch 9 &#8222;- hracia plocha 254 x 127 &nbsp;= 3.40 m be\u017en&yacute;ch <strong>Dostupnos\u0165 tovaru:<\/strong> skladom s dodan&iacute;m do 3 pracovn&yacute;ch dn&iacute; &nbsp;<\/p>\n","protected":false},"excerpt":{"rendered":"<p>SIMONIS POOL 760 OUTDOOR Klasick&eacute; billiardov&eacute; s&uacute;kno zna\u010dky Iwan Simonis odoln&eacute; proti UV \u017eiareniu, vonkaj&scaron;ie pou\u017eitie, ale nevystavova\u0165 da\u017e\u010fu a snehu. Zlo\u017eenie: 70% vlna, 30% nylon Iba vo farbe Petroleum blue. Cena za be\u017en&yacute; meter zvolenej &scaron;&iacute;rky vr&aacute;tane DPH. Odpor&uacute;\u010dan&aacute; spotreba pod\u013ea typu stola n&aacute;jdete tu. Spotreba s&uacute;kna na billiardov&eacute; stoly: (&scaron;&iacute;rka 165 cm) 6 [&hellip;]<\/p>\n","protected":false},"featured_media":4002,"comment_status":"closed","ping_status":"closed","template":"","meta":[],"product_brand":[],"product_cat":[269,225],"product_tag":[],"class_list":{"0":"post-3257","1":"product","2":"type-product","3":"status-publish","4":"has-post-thumbnail","6":"product_cat-biliardova-sukna-simonis","7":"product_cat-pool-sk","8":"pa_colour-petroleum-blue-sk-2","10":"first","11":"onbackorder","12":"shipping-taxable","13":"purchasable","14":"product-type-variable"},"_links":{"self":[{"href":"https:\/\/www.billiard-pro.cz\/sk\/wp-json\/wp\/v2\/product\/3257","targetHints":{"allow":["GET"]}}],"collection":[{"href":"https:\/\/www.billiard-pro.cz\/sk\/wp-json\/wp\/v2\/product"}],"about":[{"href":"https:\/\/www.billiard-pro.cz\/sk\/wp-json\/wp\/v2\/types\/product"}],"replies":[{"embeddable":true,"href":"https:\/\/www.billiard-pro.cz\/sk\/wp-json\/wp\/v2\/comments?post=3257"}],"wp:featuredmedia":[{"embeddable":true,"href":"https:\/\/www.billiard-pro.cz\/sk\/wp-json\/wp\/v2\/media\/4002"}],"wp:attachment":[{"href":"https:\/\/www.billiard-pro.cz\/sk\/wp-json\/wp\/v2\/media?parent=3257"}],"wp:term":[{"taxonomy":"product_brand","embeddable":true,"href":"https:\/\/www.billiard-pro.cz\/sk\/wp-json\/wp\/v2\/product_brand?post=3257"},{"taxonomy":"product_cat","embeddable":true,"href":"https:\/\/www.billiard-pro.cz\/sk\/wp-json\/wp\/v2\/product_cat?post=3257"},{"taxonomy":"product_tag","embeddable":true,"href":"https:\/\/www.billiard-pro.cz\/sk\/wp-json\/wp\/v2\/product_tag?post=3257"}],"curies":[{"name":"wp","href":"https:\/\/api.w.org\/{rel}","templated":true}]}}