{"id":3267,"date":"2013-09-01T15:24:39","date_gmt":"2013-09-01T13:24:39","guid":{"rendered":"http:\/\/localhost\/iwansimonis\/obchod\/nezerazene\/biliardove-sukno-simonis-karambol-300-rapide\/"},"modified":"2017-03-12T19:53:51","modified_gmt":"2017-03-12T18:53:51","slug":"biliardove-sukno-simonis-karambol-300-rapide","status":"publish","type":"product","link":"https:\/\/www.billiard-pro.cz\/sk\/obchod\/biliardova-sukna-simonis\/karambol-sk\/biliardove-sukno-simonis-karambol-300-rapide\/","title":{"rendered":"Biliardov\u00e9 s\u00fakno SIMONIS KARAMBOL 300 RAPIDE"},"content":{"rendered":"<h3>SIMONIS KARAMBOL 300 RAPIDE<img decoding=\"async\" class=\"alignright\" src=\"https:\/\/www.billiard-pro.cz\/wp-content\/uploads\/2013\/09\/simonis-logo.jpg\" alt=\"simonis-logo\" \/><\/h3>\n<ul>\n<li>Nenahradite\u013en\u00e9 a nenapodobite\u013en\u00e9, najd\u00f4le\u017eitej\u0161ie karambolov\u00e9 \u00a0s\u00fakno zna\u010dky Iwan Simonis volen\u00e9 aj pre \u0161ampion\u00e1ty a exhib\u00edcie, odpor\u00fa\u010dan\u00e9 a schv\u00e1len\u00e9 Medzin\u00e1rodnou feder\u00e1ciou karambolu.<\/li>\n<li>Z \u010desanej vlny &#8211; z extra jemnej priadze bez \u017emolkov \u00a0pre dlhodob\u00e9 pou\u017eitie.<\/li>\n<li>Pre vysokor\u00fdchlostn\u00fa hru.<\/li>\n<li><strong>Novo skladom farba Simonis 300 Prestige ur\u010den\u00e1 najm\u00e4 pre medzin\u00e1rodn\u00e9 turnaje.<\/strong><\/li>\n<li><strong><br \/>\n<img loading=\"lazy\" decoding=\"async\" class=\"size-full wp-image-10319 alignleft\" src=\"https:\/\/www.billiard-pro.cz\/wp-content\/uploads\/2017\/03\/prestige.gif\" alt=\"\" width=\"126\" height=\"87\" \/><\/strong><\/li>\n<li><img loading=\"lazy\" decoding=\"async\" class=\"size-medium wp-image-10322 alignleft\" src=\"https:\/\/www.billiard-pro.cz\/wp-content\/uploads\/2013\/09\/Simonis-300-Prestige-300x38.png\" alt=\"\" width=\"300\" height=\"38\" srcset=\"https:\/\/www.billiard-pro.cz\/wp-content\/uploads\/2013\/09\/Simonis-300-Prestige-300x38.png 300w, https:\/\/www.billiard-pro.cz\/wp-content\/uploads\/2013\/09\/Simonis-300-Prestige.png 605w\" sizes=\"auto, (max-width: 300px) 100vw, 300px\" \/><\/li>\n<\/ul>\n<p>&nbsp;<\/p>\n<p>&nbsp;<\/p>\n<p>&nbsp;<\/p>\n<p><strong>Zlo\u017eenie<\/strong>: 90% vlna, 10% nylon<\/p>\n<p><strong>Odpor\u00fa\u010dan\u00e1 spotreba<\/strong> pod\u013ea typu stola <a title=\"N\u00e1vody\" href=\"https:\/\/www.billiard-pro.cz\/navody\/\">n\u00e1jdete tu<\/a>.<\/p>\n<p><strong>Dostupnos\u0165 tovaru<\/strong>: skladom<\/p>\n<p><strong>Cena za be\u017en\u00fd meter zvolenej \u0161\u00edrky vr\u00e1tane DPH.<\/strong><\/p>\n<p>&nbsp;<\/p>\n<p>&nbsp;<\/p>\n<p><strong>\u00a0<\/strong><\/p>\n","protected":false},"excerpt":{"rendered":"<p>SIMONIS KARAMBOL 300 RAPIDE Nenahradite\u013en\u00e9 a nenapodobite\u013en\u00e9, najd\u00f4le\u017eitej\u0161ie karambolov\u00e9 \u00a0s\u00fakno zna\u010dky Iwan Simonis volen\u00e9 aj pre \u0161ampion\u00e1ty a exhib\u00edcie, odpor\u00fa\u010dan\u00e9 a schv\u00e1len\u00e9 Medzin\u00e1rodnou feder\u00e1ciou karambolu. Z \u010desanej vlny &#8211; z extra jemnej priadze bez \u017emolkov \u00a0pre dlhodob\u00e9 pou\u017eitie. Pre vysokor\u00fdchlostn\u00fa hru. Novo skladom farba Simonis 300 Prestige ur\u010den\u00e1 najm\u00e4 pre medzin\u00e1rodn\u00e9 turnaje. &nbsp; &nbsp; &nbsp; [&hellip;]<\/p>\n","protected":false},"featured_media":4516,"comment_status":"closed","ping_status":"closed","template":"","meta":[],"product_brand":[],"product_cat":[269,227],"product_tag":[],"class_list":{"0":"post-3267","1":"product","2":"type-product","3":"status-publish","4":"has-post-thumbnail","6":"product_cat-biliardova-sukna-simonis","7":"product_cat-karambol-sk","8":"pa_colour-black-sk-2","9":"pa_colour-blue-green-sk","10":"pa_colour-burgundy-sk-2","11":"pa_colour-delsa-blue-sk","12":"pa_colour-electric-blue-sk-2","13":"pa_colour-empire-green-sk-2","14":"pa_colour-olive-green-sk-2","15":"pa_colour-prestige-sk","16":"pa_colour-red-sk-2","17":"pa_colour-yellow-green-sk","18":"pa_width-170-cm-sk","19":"pa_width-195-cm-sk","21":"first","22":"instock","23":"sale","24":"shipping-taxable","25":"purchasable","26":"product-type-variable"},"_links":{"self":[{"href":"https:\/\/www.billiard-pro.cz\/sk\/wp-json\/wp\/v2\/product\/3267","targetHints":{"allow":["GET"]}}],"collection":[{"href":"https:\/\/www.billiard-pro.cz\/sk\/wp-json\/wp\/v2\/product"}],"about":[{"href":"https:\/\/www.billiard-pro.cz\/sk\/wp-json\/wp\/v2\/types\/product"}],"replies":[{"embeddable":true,"href":"https:\/\/www.billiard-pro.cz\/sk\/wp-json\/wp\/v2\/comments?post=3267"}],"wp:featuredmedia":[{"embeddable":true,"href":"https:\/\/www.billiard-pro.cz\/sk\/wp-json\/wp\/v2\/media\/4516"}],"wp:attachment":[{"href":"https:\/\/www.billiard-pro.cz\/sk\/wp-json\/wp\/v2\/media?parent=3267"}],"wp:term":[{"taxonomy":"product_brand","embeddable":true,"href":"https:\/\/www.billiard-pro.cz\/sk\/wp-json\/wp\/v2\/product_brand?post=3267"},{"taxonomy":"product_cat","embeddable":true,"href":"https:\/\/www.billiard-pro.cz\/sk\/wp-json\/wp\/v2\/product_cat?post=3267"},{"taxonomy":"product_tag","embeddable":true,"href":"https:\/\/www.billiard-pro.cz\/sk\/wp-json\/wp\/v2\/product_tag?post=3267"}],"curies":[{"name":"wp","href":"https:\/\/api.w.org\/{rel}","templated":true}]}}