{"id":3279,"date":"2013-09-01T15:59:15","date_gmt":"2013-09-01T13:59:15","guid":{"rendered":"http:\/\/localhost\/iwansimonis\/obchod\/nezerazene\/biliardove-gule-pool-super-aramith-pro-572-mm\/"},"modified":"2015-07-27T12:00:12","modified_gmt":"2015-07-27T10:00:12","slug":"biliardove-gule-pool-super-aramith-pro-572-mm","status":"publish","type":"product","link":"https:\/\/www.billiard-pro.cz\/sk\/obchod\/biliardove-gule-aramith\/pool-sk-3\/biliardove-gule-pool-super-aramith-pro-572-mm\/","title":{"rendered":"Biliardov\u00e9 gu\u013ee  POOL Super Aramith Pro, 57,2 mm"},"content":{"rendered":"<ul>\n<li><strong>Super Aramith Pro 57,2 mm &#8211; poolov\u00e9 \u00a0gule<img decoding=\"async\" class=\"alignright\" src=\"https:\/\/www.billiard-pro.cz\/wp-content\/uploads\/2013\/09\/aramith-logo.jpg\" alt=\"Aramith\" \/><\/strong><\/li>\n<li>Profesion\u00e1lne billiardov\u00e9 gule \u0161pi\u010dkovej belgickej zna\u010dky ARAMITH najvy\u0161\u0161ej kvality<\/li>\n<li>Priemer 57,2 mm<\/li>\n<li>Vyroben\u00e9 z fenolovej \u017eivice<\/li>\n<\/ul>\n<p><strong style=\"line-height: 1.5em;\">V\u00fdrobca<\/strong><span style=\"line-height: 1.5em;\">: SALUC\/ARAMITH, Belgicko<\/span><\/p>\n<p><strong>Dostupnos\u0165 tovaru<\/strong>: skladom s dodan\u00edm do 3 pracovn\u00fdch dn\u00ed<\/p>\n","protected":false},"excerpt":{"rendered":"<p>Super Aramith Pro 57,2 mm &#8211; poolov\u00e9 \u00a0gule Profesion\u00e1lne billiardov\u00e9 gule \u0161pi\u010dkovej belgickej zna\u010dky ARAMITH najvy\u0161\u0161ej kvality Priemer 57,2 mm Vyroben\u00e9 z fenolovej \u017eivice V\u00fdrobca: SALUC\/ARAMITH, Belgicko Dostupnos\u0165 tovaru: skladom s dodan\u00edm do 3 pracovn\u00fdch dn\u00ed<\/p>\n","protected":false},"featured_media":4510,"comment_status":"open","ping_status":"closed","template":"","meta":[],"product_brand":[],"product_cat":[277,390],"product_tag":[],"class_list":{"0":"post-3279","1":"product","2":"type-product","3":"status-publish","4":"has-post-thumbnail","6":"product_cat-biliardove-gule-aramith","7":"product_cat-pool-sk-3","9":"first","10":"instock","11":"shipping-taxable","12":"purchasable","13":"product-type-simple"},"_links":{"self":[{"href":"https:\/\/www.billiard-pro.cz\/sk\/wp-json\/wp\/v2\/product\/3279","targetHints":{"allow":["GET"]}}],"collection":[{"href":"https:\/\/www.billiard-pro.cz\/sk\/wp-json\/wp\/v2\/product"}],"about":[{"href":"https:\/\/www.billiard-pro.cz\/sk\/wp-json\/wp\/v2\/types\/product"}],"replies":[{"embeddable":true,"href":"https:\/\/www.billiard-pro.cz\/sk\/wp-json\/wp\/v2\/comments?post=3279"}],"wp:featuredmedia":[{"embeddable":true,"href":"https:\/\/www.billiard-pro.cz\/sk\/wp-json\/wp\/v2\/media\/4510"}],"wp:attachment":[{"href":"https:\/\/www.billiard-pro.cz\/sk\/wp-json\/wp\/v2\/media?parent=3279"}],"wp:term":[{"taxonomy":"product_brand","embeddable":true,"href":"https:\/\/www.billiard-pro.cz\/sk\/wp-json\/wp\/v2\/product_brand?post=3279"},{"taxonomy":"product_cat","embeddable":true,"href":"https:\/\/www.billiard-pro.cz\/sk\/wp-json\/wp\/v2\/product_cat?post=3279"},{"taxonomy":"product_tag","embeddable":true,"href":"https:\/\/www.billiard-pro.cz\/sk\/wp-json\/wp\/v2\/product_tag?post=3279"}],"curies":[{"name":"wp","href":"https:\/\/api.w.org\/{rel}","templated":true}]}}