{"id":3287,"date":"2013-09-01T16:16:32","date_gmt":"2013-09-01T14:16:32","guid":{"rendered":"http:\/\/localhost\/iwansimonis\/obchod\/nezerazene\/biliardove-gule-pool-aramith-continental-572-mm\/"},"modified":"2020-01-24T19:54:20","modified_gmt":"2020-01-24T18:54:20","slug":"biliardove-gule-pool-aramith-continental-572-mm","status":"publish","type":"product","link":"https:\/\/www.billiard-pro.cz\/sk\/obchod\/biliardove-gule-aramith\/pool-sk-3\/biliardove-gule-pool-aramith-continental-572-mm\/","title":{"rendered":"Biliardov\u00e9  gule POOL Aramith Continental, 57,2 mm"},"content":{"rendered":"<p><strong>ARAMITH CONTINENTAL 57,2 mm<img decoding=\"async\" class=\"alignright\" src=\"https:\/\/www.billiard-pro.cz\/wp-content\/uploads\/2013\/09\/aramith-logo.jpg\" alt=\"Aramith\" \/> <\/strong><\/p>\n<ul>\n<li>Z\u00e1kladn\u00e1 sada \u00a0poolov\u00fdch gu\u013e\u00ed najlep\u0161ieho v\u00fdrobcu biliardov\u00fdch gul\u00ed na svete, firmy Saluc-Aramith<\/li>\n<li>Gule ur\u010den\u00e9 ako pre dom\u00e1ce pou\u017eitie, tak pre herne s men\u0161\u00ed prev\u00e1dzkou<\/li>\n<li>Garantovan\u00e1 rovnak\u00e1 hmotnos\u0165 gu\u013e\u00ed<\/li>\n<li>Vyroben\u00e9 z fenolovej \u017eivice<\/li>\n<li>Dobr\u00fd pomer kvality a ceny<\/li>\n<\/ul>\n<p>Na \u010distenie gul\u00ed ARAMITH pou\u017eite <a title=\"\u010cisti\u010d koul\u00ed Aramith  ball cleaner \u2013 roztok na \u010di\u0161t\u011bn\u00ed kule\u010dn\u00edkov\u00fdch  koul\u00ed 1 lahev \u2013 250 ml\" href=\"https:\/\/www.billiard-pro.cz\/obchod\/koule-aramith\/aramith-ball-cleaner-roztok-na-cisteni-kouli-1-lahev-250-ml\/\">ARAMITH Ball \u00a0Cleaner.<\/a><\/p>\n<p><strong>V\u00fdrobca:<\/strong>\u00a0SALUC S.A.\/ARAMITH, Belgicko<\/p>\n<p><strong>Dostupnos\u0165 tovaru<\/strong>: skladom s dodan\u00edm do 3 pracovn\u00fdch dn\u00ed<\/p>\n","protected":false},"excerpt":{"rendered":"<p>ARAMITH CONTINENTAL 57,2 mm Z\u00e1kladn\u00e1 sada \u00a0poolov\u00fdch gu\u013e\u00ed najlep\u0161ieho v\u00fdrobcu biliardov\u00fdch gul\u00ed na svete, firmy Saluc-Aramith Gule ur\u010den\u00e9 ako pre dom\u00e1ce pou\u017eitie, tak pre herne s men\u0161\u00ed prev\u00e1dzkou Garantovan\u00e1 rovnak\u00e1 hmotnos\u0165 gu\u013e\u00ed Vyroben\u00e9 z fenolovej \u017eivice Dobr\u00fd pomer kvality a ceny Na \u010distenie gul\u00ed ARAMITH pou\u017eite ARAMITH Ball \u00a0Cleaner. V\u00fdrobca:\u00a0SALUC S.A.\/ARAMITH, Belgicko Dostupnos\u0165 tovaru: skladom [&hellip;]<\/p>\n","protected":false},"featured_media":3820,"comment_status":"open","ping_status":"closed","template":"","meta":[],"product_brand":[],"product_cat":[277,390],"product_tag":[],"class_list":{"0":"post-3287","1":"product","2":"type-product","3":"status-publish","4":"has-post-thumbnail","6":"product_cat-biliardove-gule-aramith","7":"product_cat-pool-sk-3","9":"first","10":"instock","11":"shipping-taxable","12":"purchasable","13":"product-type-simple"},"_links":{"self":[{"href":"https:\/\/www.billiard-pro.cz\/sk\/wp-json\/wp\/v2\/product\/3287","targetHints":{"allow":["GET"]}}],"collection":[{"href":"https:\/\/www.billiard-pro.cz\/sk\/wp-json\/wp\/v2\/product"}],"about":[{"href":"https:\/\/www.billiard-pro.cz\/sk\/wp-json\/wp\/v2\/types\/product"}],"replies":[{"embeddable":true,"href":"https:\/\/www.billiard-pro.cz\/sk\/wp-json\/wp\/v2\/comments?post=3287"}],"wp:featuredmedia":[{"embeddable":true,"href":"https:\/\/www.billiard-pro.cz\/sk\/wp-json\/wp\/v2\/media\/3820"}],"wp:attachment":[{"href":"https:\/\/www.billiard-pro.cz\/sk\/wp-json\/wp\/v2\/media?parent=3287"}],"wp:term":[{"taxonomy":"product_brand","embeddable":true,"href":"https:\/\/www.billiard-pro.cz\/sk\/wp-json\/wp\/v2\/product_brand?post=3287"},{"taxonomy":"product_cat","embeddable":true,"href":"https:\/\/www.billiard-pro.cz\/sk\/wp-json\/wp\/v2\/product_cat?post=3287"},{"taxonomy":"product_tag","embeddable":true,"href":"https:\/\/www.billiard-pro.cz\/sk\/wp-json\/wp\/v2\/product_tag?post=3287"}],"curies":[{"name":"wp","href":"https:\/\/api.w.org\/{rel}","templated":true}]}}